{"id":11487,"date":"2025-09-12T14:17:05","date_gmt":"2025-09-12T12:17:05","guid":{"rendered":"https:\/\/legrenierdelatour.be\/brocante\/?post_type=product&#038;p=11487"},"modified":"2025-09-12T14:17:05","modified_gmt":"2025-09-12T12:17:05","slug":"tasse-en-faience-fine-napoleon-cappellemans-19e","status":"publish","type":"product","link":"https:\/\/legrenierdelatour.be\/brocante\/produit\/tasse-en-faience-fine-napoleon-cappellemans-19e\/","title":{"rendered":"Tasse en fa\u00efence fine, Napol\u00e9on, Cappellemans, 19\u00e8"},"content":{"rendered":"<div>Tasse en fa\u00efence fine (7 cm de haut) , portant des repr\u00e9sentations de batailles de Napol\u00e9on.\u00a0Il est marqu\u00e9 dessous d\u2019un cachet noir \u00ab\u00a0Napol\u00e9on\/ Fa\u00efencerie de Jemappes \u00bb, ainsi que le num\u00e9ro 3. L\u2019int\u00e9rieur est orn\u00e9 d\u2019une image de Napol\u00e9on et le texte \u00ab\u00a0Bataille de Montebello \u00bb.\u00a0Cette tasse est issu de la manufacture de Jemappes (1837-1894). Cette manufacture cr\u00e9\u00e9e en 1837 par Auguste Picard et Eug\u00e8ne Willems est rachet\u00e9e en 1847 par l\u2019industriel Jean-Baptiste Cappellemans en association avec l\u2019Anglais William Smith. Les d\u00e9cors de Jemappes imprim\u00e9s par transfert en noir, vert, bleu et violet sont tr\u00e8s vite reconnus dans toutes les expositions.<\/div>\n<div>\n<div>\n<div>R\u00e9f 46.09<\/div>\n<\/div>\n<\/div>\n","protected":false},"excerpt":{"rendered":"<p>Tasse en fa\u00efence fine (7 cm de haut) , portant des repr\u00e9sentations de batailles de Napol\u00e9on.\u00a0Il est marqu\u00e9 dessous d\u2019un cachet noir \u00ab\u00a0Napol\u00e9on\/ Fa\u00efencerie de Jemappes \u00bb, ainsi que le num\u00e9ro 3. L\u2019int\u00e9rieur est orn\u00e9 d\u2019une image de Napol\u00e9on et le texte \u00ab\u00a0Bataille de Montebello \u00bb.\u00a0Cette tasse est issu de la manufacture de Jemappes (1837-1894).&hellip;&nbsp;<a href=\"https:\/\/legrenierdelatour.be\/brocante\/produit\/tasse-en-faience-fine-napoleon-cappellemans-19e\/\" class=\"\" rel=\"bookmark\">Lire la suite &raquo;<span class=\"screen-reader-text\">Tasse en fa\u00efence fine, Napol\u00e9on, Cappellemans, 19\u00e8<\/span><\/a><\/p>\n","protected":false},"featured_media":11482,"comment_status":"open","ping_status":"closed","template":"","meta":{"neve_meta_sidebar":"","neve_meta_container":"","neve_meta_enable_content_width":"off","neve_meta_content_width":100,"neve_meta_title_alignment":"","neve_meta_author_avatar":"","neve_post_elements_order":"","neve_meta_disable_header":"","neve_meta_disable_footer":"","neve_meta_disable_title":""},"product_brand":[],"product_cat":[37,16],"product_tag":[],"class_list":{"0":"post-11487","1":"product","2":"type-product","3":"status-publish","4":"has-post-thumbnail","6":"product_cat-belgique","7":"product_cat-ceramique","9":"first","10":"instock","11":"shipping-taxable","12":"purchasable","13":"product-type-simple"},"_links":{"self":[{"href":"https:\/\/legrenierdelatour.be\/brocante\/wp-json\/wp\/v2\/product\/11487","targetHints":{"allow":["GET"]}}],"collection":[{"href":"https:\/\/legrenierdelatour.be\/brocante\/wp-json\/wp\/v2\/product"}],"about":[{"href":"https:\/\/legrenierdelatour.be\/brocante\/wp-json\/wp\/v2\/types\/product"}],"replies":[{"embeddable":true,"href":"https:\/\/legrenierdelatour.be\/brocante\/wp-json\/wp\/v2\/comments?post=11487"}],"wp:featuredmedia":[{"embeddable":true,"href":"https:\/\/legrenierdelatour.be\/brocante\/wp-json\/wp\/v2\/media\/11482"}],"wp:attachment":[{"href":"https:\/\/legrenierdelatour.be\/brocante\/wp-json\/wp\/v2\/media?parent=11487"}],"wp:term":[{"taxonomy":"product_brand","embeddable":true,"href":"https:\/\/legrenierdelatour.be\/brocante\/wp-json\/wp\/v2\/product_brand?post=11487"},{"taxonomy":"product_cat","embeddable":true,"href":"https:\/\/legrenierdelatour.be\/brocante\/wp-json\/wp\/v2\/product_cat?post=11487"},{"taxonomy":"product_tag","embeddable":true,"href":"https:\/\/legrenierdelatour.be\/brocante\/wp-json\/wp\/v2\/product_tag?post=11487"}],"curies":[{"name":"wp","href":"https:\/\/api.w.org\/{rel}","templated":true}]}}