{"id":11485,"date":"2025-09-12T14:07:38","date_gmt":"2025-09-12T12:07:38","guid":{"rendered":"https:\/\/legrenierdelatour.be\/brocante\/?post_type=product&#038;p=11485"},"modified":"2025-09-12T14:07:38","modified_gmt":"2025-09-12T12:07:38","slug":"sucrier-en-faience-fine-cappellemans-ou-w-smith-19e","status":"publish","type":"product","link":"https:\/\/legrenierdelatour.be\/brocante\/produit\/sucrier-en-faience-fine-cappellemans-ou-w-smith-19e\/","title":{"rendered":"Sucrier en fa\u00efence fine, Cappellemans ou W. Smith, 19\u00e8"},"content":{"rendered":"<div>Sucrier en fa\u00efence fine sans couvercle (8 cm de haut) de forme Empire, portant des repr\u00e9sentations de sc\u00e8nes villageoises, r\u00e9colte du bl\u00e9. Il est marqu\u00e9 dessous d\u2019un cachet bleu \u00ab\u00a063\/W Smith &amp; co\/ &#8230; \u00bb. Petites anses en t\u00eates de lion. Ce sucrier est issu soit de la manufacture de Jemappes (1837-1894). Cette manufacture cr\u00e9\u00e9e en 1837 par Auguste Picard et Eug\u00e8ne Willems est rachet\u00e9e en 1847 par l\u2019industriel Jean-Baptiste Cappellemans en association avec l\u2019l\u2019Anglais William Smith. Les d\u00e9cors de Jemappes imprim\u00e9s par transfert en noir, vert, bleu et violet sont tr\u00e8s vite reconnus dans toutes les expositions. Soit il est issu de la manufacture de William Smith \u00e0 Sockton-on-Tees en Angleterre (1826-1855).<\/div>\n<div>\n<div>Un deuxi\u00e8me exemplaire sans marque est disponible.<\/p>\n<div>R\u00e9f 46.07<\/div>\n<\/div>\n<\/div>\n","protected":false},"excerpt":{"rendered":"<p>Sucrier en fa\u00efence fine sans couvercle (8 cm de haut) de forme Empire, portant des repr\u00e9sentations de sc\u00e8nes villageoises, r\u00e9colte du bl\u00e9. Il est marqu\u00e9 dessous d\u2019un cachet bleu \u00ab\u00a063\/W Smith &amp; co\/ &#8230; \u00bb. Petites anses en t\u00eates de lion. Ce sucrier est issu soit de la manufacture de Jemappes (1837-1894). Cette manufacture cr\u00e9\u00e9e&hellip;&nbsp;<a href=\"https:\/\/legrenierdelatour.be\/brocante\/produit\/sucrier-en-faience-fine-cappellemans-ou-w-smith-19e\/\" class=\"\" rel=\"bookmark\">Lire la suite &raquo;<span class=\"screen-reader-text\">Sucrier en fa\u00efence fine, Cappellemans ou W. Smith, 19\u00e8<\/span><\/a><\/p>\n","protected":false},"featured_media":11453,"comment_status":"open","ping_status":"closed","template":"","meta":{"neve_meta_sidebar":"","neve_meta_container":"","neve_meta_enable_content_width":"off","neve_meta_content_width":100,"neve_meta_title_alignment":"","neve_meta_author_avatar":"","neve_post_elements_order":"","neve_meta_disable_header":"","neve_meta_disable_footer":"","neve_meta_disable_title":""},"product_brand":[],"product_cat":[37,16],"product_tag":[],"class_list":{"0":"post-11485","1":"product","2":"type-product","3":"status-publish","4":"has-post-thumbnail","6":"product_cat-belgique","7":"product_cat-ceramique","9":"first","10":"instock","11":"shipping-taxable","12":"purchasable","13":"product-type-simple"},"_links":{"self":[{"href":"https:\/\/legrenierdelatour.be\/brocante\/wp-json\/wp\/v2\/product\/11485","targetHints":{"allow":["GET"]}}],"collection":[{"href":"https:\/\/legrenierdelatour.be\/brocante\/wp-json\/wp\/v2\/product"}],"about":[{"href":"https:\/\/legrenierdelatour.be\/brocante\/wp-json\/wp\/v2\/types\/product"}],"replies":[{"embeddable":true,"href":"https:\/\/legrenierdelatour.be\/brocante\/wp-json\/wp\/v2\/comments?post=11485"}],"wp:featuredmedia":[{"embeddable":true,"href":"https:\/\/legrenierdelatour.be\/brocante\/wp-json\/wp\/v2\/media\/11453"}],"wp:attachment":[{"href":"https:\/\/legrenierdelatour.be\/brocante\/wp-json\/wp\/v2\/media?parent=11485"}],"wp:term":[{"taxonomy":"product_brand","embeddable":true,"href":"https:\/\/legrenierdelatour.be\/brocante\/wp-json\/wp\/v2\/product_brand?post=11485"},{"taxonomy":"product_cat","embeddable":true,"href":"https:\/\/legrenierdelatour.be\/brocante\/wp-json\/wp\/v2\/product_cat?post=11485"},{"taxonomy":"product_tag","embeddable":true,"href":"https:\/\/legrenierdelatour.be\/brocante\/wp-json\/wp\/v2\/product_tag?post=11485"}],"curies":[{"name":"wp","href":"https:\/\/api.w.org\/{rel}","templated":true}]}}