{"id":11484,"date":"2025-09-12T13:54:44","date_gmt":"2025-09-12T11:54:44","guid":{"rendered":"https:\/\/legrenierdelatour.be\/brocante\/?post_type=product&#038;p=11484"},"modified":"2025-09-12T13:54:44","modified_gmt":"2025-09-12T11:54:44","slug":"sucrier-en-faience-fine-cappellemans-19e-siecle","status":"publish","type":"product","link":"https:\/\/legrenierdelatour.be\/brocante\/produit\/sucrier-en-faience-fine-cappellemans-19e-siecle\/","title":{"rendered":"Sucrier en faience fine, Cappellemans 19\u00e8 si\u00e8cle"},"content":{"rendered":"<p>Sucrier en fa\u00efence fine (15 cm de haut couvercle compris) de forme Empire, portant des repr\u00e9sentations des sc\u00e8nes villageoises devant une fontaine. Il est marqu\u00e9 dessous d\u2019un cachet bleu \u00ab\u00a0Fountain\/ J.B. Cappellemans\/A\u00een\u00e9 W.Smith &amp; cie\/ Bruxelles\u00a0\u00bb. Petites anses en t\u00eates de lion. Ce sucrier est issu de la manufacture de Jemappes (1837-1894) et porte le cachet des ann\u00e9es 1850-1860. Cette manufacture cr\u00e9\u00e9e en 1837 par Auguste Picard et Eug\u00e8ne Willems est rachet\u00e9e en 1847 par l\u2019industriel Jean-Baptiste Cappellemans en association avec l\u2019l\u2019Anglais William Smith. Les d\u00e9cors de Jemappes imprim\u00e9s par transfert en noir, vert, bleu et violet sont tr\u00e8s vite reconnus dans toutes les expositions.<\/p>\n<div>R\u00e9f 46.06<\/div>\n","protected":false},"excerpt":{"rendered":"<p>Sucrier en fa\u00efence fine (15 cm de haut couvercle compris) de forme Empire, portant des repr\u00e9sentations des sc\u00e8nes villageoises devant une fontaine. Il est marqu\u00e9 dessous d\u2019un cachet bleu \u00ab\u00a0Fountain\/ J.B. Cappellemans\/A\u00een\u00e9 W.Smith &amp; cie\/ Bruxelles\u00a0\u00bb. Petites anses en t\u00eates de lion. Ce sucrier est issu de la manufacture de Jemappes (1837-1894) et porte le&hellip;&nbsp;<a href=\"https:\/\/legrenierdelatour.be\/brocante\/produit\/sucrier-en-faience-fine-cappellemans-19e-siecle\/\" class=\"\" rel=\"bookmark\">Lire la suite &raquo;<span class=\"screen-reader-text\">Sucrier en faience fine, Cappellemans 19\u00e8 si\u00e8cle<\/span><\/a><\/p>\n","protected":false},"featured_media":11445,"comment_status":"open","ping_status":"closed","template":"","meta":{"neve_meta_sidebar":"","neve_meta_container":"","neve_meta_enable_content_width":"off","neve_meta_content_width":100,"neve_meta_title_alignment":"","neve_meta_author_avatar":"","neve_post_elements_order":"","neve_meta_disable_header":"","neve_meta_disable_footer":"","neve_meta_disable_title":""},"product_brand":[],"product_cat":[15],"product_tag":[],"class_list":{"0":"post-11484","1":"product","2":"type-product","3":"status-publish","4":"has-post-thumbnail","6":"product_cat-non-classe","8":"first","9":"instock","10":"shipping-taxable","11":"purchasable","12":"product-type-simple"},"_links":{"self":[{"href":"https:\/\/legrenierdelatour.be\/brocante\/wp-json\/wp\/v2\/product\/11484","targetHints":{"allow":["GET"]}}],"collection":[{"href":"https:\/\/legrenierdelatour.be\/brocante\/wp-json\/wp\/v2\/product"}],"about":[{"href":"https:\/\/legrenierdelatour.be\/brocante\/wp-json\/wp\/v2\/types\/product"}],"replies":[{"embeddable":true,"href":"https:\/\/legrenierdelatour.be\/brocante\/wp-json\/wp\/v2\/comments?post=11484"}],"wp:featuredmedia":[{"embeddable":true,"href":"https:\/\/legrenierdelatour.be\/brocante\/wp-json\/wp\/v2\/media\/11445"}],"wp:attachment":[{"href":"https:\/\/legrenierdelatour.be\/brocante\/wp-json\/wp\/v2\/media?parent=11484"}],"wp:term":[{"taxonomy":"product_brand","embeddable":true,"href":"https:\/\/legrenierdelatour.be\/brocante\/wp-json\/wp\/v2\/product_brand?post=11484"},{"taxonomy":"product_cat","embeddable":true,"href":"https:\/\/legrenierdelatour.be\/brocante\/wp-json\/wp\/v2\/product_cat?post=11484"},{"taxonomy":"product_tag","embeddable":true,"href":"https:\/\/legrenierdelatour.be\/brocante\/wp-json\/wp\/v2\/product_tag?post=11484"}],"curies":[{"name":"wp","href":"https:\/\/api.w.org\/{rel}","templated":true}]}}