{"id":1144,"date":"2022-03-31T11:44:31","date_gmt":"2022-03-31T09:44:31","guid":{"rendered":"https:\/\/legrenierdelatour.be\/brocante\/?post_type=product&#038;p=1144"},"modified":"2022-05-19T15:47:37","modified_gmt":"2022-05-19T13:47:37","slug":"cruche-west-germany-499-18","status":"publish","type":"product","link":"https:\/\/legrenierdelatour.be\/brocante\/produit\/cruche-west-germany-499-18\/","title":{"rendered":"Cruche West Germany 499-18"},"content":{"rendered":"<p>Petite cruche (18 cm haut) abec verni aux couleurs naturelles, produit en Allagne de l\u2019Ouest dans les ann\u00e9es 1970-80. Tr\u00e8s bon \u00e9tat g\u00e9n\u00e9ral et il est de forme 499.<\/p>\n<div>R\u00e9f 10.59<\/div>\n","protected":false},"excerpt":{"rendered":"<p>Petite cruche (18 cm haut) abec verni aux couleurs naturelles, produit en Allagne de l\u2019Ouest dans les ann\u00e9es 1970-80. Tr\u00e8s bon \u00e9tat g\u00e9n\u00e9ral et il est de forme 499. R\u00e9f 10.59<\/p>\n","protected":false},"featured_media":1145,"comment_status":"open","ping_status":"closed","template":"","meta":{"neve_meta_sidebar":"","neve_meta_container":"","neve_meta_enable_content_width":"off","neve_meta_content_width":100,"neve_meta_title_alignment":"","neve_meta_author_avatar":"","neve_post_elements_order":"","neve_meta_disable_header":"","neve_meta_disable_footer":"","neve_meta_disable_title":""},"product_brand":[],"product_cat":[48,16,52,47],"product_tag":[19,54,49],"class_list":{"0":"post-1144","1":"product","2":"type-product","3":"status-publish","4":"has-post-thumbnail","6":"product_cat-allemagne","7":"product_cat-ceramique","8":"product_cat-scheurig","9":"product_cat-west-germany","10":"product_tag-faience","11":"product_tag-scheurich","12":"product_tag-west-germany","14":"first","15":"instock","16":"shipping-taxable","17":"purchasable","18":"product-type-simple"},"_links":{"self":[{"href":"https:\/\/legrenierdelatour.be\/brocante\/wp-json\/wp\/v2\/product\/1144","targetHints":{"allow":["GET"]}}],"collection":[{"href":"https:\/\/legrenierdelatour.be\/brocante\/wp-json\/wp\/v2\/product"}],"about":[{"href":"https:\/\/legrenierdelatour.be\/brocante\/wp-json\/wp\/v2\/types\/product"}],"replies":[{"embeddable":true,"href":"https:\/\/legrenierdelatour.be\/brocante\/wp-json\/wp\/v2\/comments?post=1144"}],"wp:featuredmedia":[{"embeddable":true,"href":"https:\/\/legrenierdelatour.be\/brocante\/wp-json\/wp\/v2\/media\/1145"}],"wp:attachment":[{"href":"https:\/\/legrenierdelatour.be\/brocante\/wp-json\/wp\/v2\/media?parent=1144"}],"wp:term":[{"taxonomy":"product_brand","embeddable":true,"href":"https:\/\/legrenierdelatour.be\/brocante\/wp-json\/wp\/v2\/product_brand?post=1144"},{"taxonomy":"product_cat","embeddable":true,"href":"https:\/\/legrenierdelatour.be\/brocante\/wp-json\/wp\/v2\/product_cat?post=1144"},{"taxonomy":"product_tag","embeddable":true,"href":"https:\/\/legrenierdelatour.be\/brocante\/wp-json\/wp\/v2\/product_tag?post=1144"}],"curies":[{"name":"wp","href":"https:\/\/api.w.org\/{rel}","templated":true}]}}