{"id":11422,"date":"2025-09-09T13:59:12","date_gmt":"2025-09-09T11:59:12","guid":{"rendered":"https:\/\/legrenierdelatour.be\/brocante\/?post_type=product&#038;p=11422"},"modified":"2025-09-09T13:59:12","modified_gmt":"2025-09-09T11:59:12","slug":"plaque-commemorative-gd-charlotte-1944-villeroy-boch","status":"publish","type":"product","link":"https:\/\/legrenierdelatour.be\/brocante\/produit\/plaque-commemorative-gd-charlotte-1944-villeroy-boch\/","title":{"rendered":"Plaque comm\u00e9morative GD Charlotte, 1944, Villeroy &#038; Boch"},"content":{"rendered":"<p>Assiette comm\u00e9morative (23,5 cm de diam\u00e8tre) repr\u00e9sentant la Grande-Duchesse Charlotte, 10-9-1944.\u00a0Elle a \u00e9t\u00e9 produite par Villeroy et Boch en 1944, pour comm\u00e9morer la fin de la guerre. Elle porte en creux Made in Luxembourg au dos, ainsi qu\u2019un cachet brun \u00ab\u00a0Made in Luxembourg\u00a0\u00bb.<\/p>\n<div>R\u00e9f 46.01<\/div>\n","protected":false},"excerpt":{"rendered":"<p>Assiette comm\u00e9morative (23,5 cm de diam\u00e8tre) repr\u00e9sentant la Grande-Duchesse Charlotte, 10-9-1944.\u00a0Elle a \u00e9t\u00e9 produite par Villeroy et Boch en 1944, pour comm\u00e9morer la fin de la guerre. Elle porte en creux Made in Luxembourg au dos, ainsi qu\u2019un cachet brun \u00ab\u00a0Made in Luxembourg\u00a0\u00bb. R\u00e9f 46.01<\/p>\n","protected":false},"featured_media":11423,"comment_status":"open","ping_status":"closed","template":"","meta":{"neve_meta_sidebar":"","neve_meta_container":"","neve_meta_enable_content_width":"off","neve_meta_content_width":100,"neve_meta_title_alignment":"","neve_meta_author_avatar":"","neve_post_elements_order":"","neve_meta_disable_header":"","neve_meta_disable_footer":"","neve_meta_disable_title":""},"product_brand":[],"product_cat":[16,166,167,29],"product_tag":[],"class_list":{"0":"post-11422","1":"product","2":"type-product","3":"status-publish","4":"has-post-thumbnail","6":"product_cat-ceramique","7":"product_cat-luxemburgensia-luxemburgensia","8":"product_cat-peintures-et-sculptures","9":"product_cat-villeroy-boch","11":"first","12":"instock","13":"shipping-taxable","14":"purchasable","15":"product-type-simple"},"_links":{"self":[{"href":"https:\/\/legrenierdelatour.be\/brocante\/wp-json\/wp\/v2\/product\/11422","targetHints":{"allow":["GET"]}}],"collection":[{"href":"https:\/\/legrenierdelatour.be\/brocante\/wp-json\/wp\/v2\/product"}],"about":[{"href":"https:\/\/legrenierdelatour.be\/brocante\/wp-json\/wp\/v2\/types\/product"}],"replies":[{"embeddable":true,"href":"https:\/\/legrenierdelatour.be\/brocante\/wp-json\/wp\/v2\/comments?post=11422"}],"wp:featuredmedia":[{"embeddable":true,"href":"https:\/\/legrenierdelatour.be\/brocante\/wp-json\/wp\/v2\/media\/11423"}],"wp:attachment":[{"href":"https:\/\/legrenierdelatour.be\/brocante\/wp-json\/wp\/v2\/media?parent=11422"}],"wp:term":[{"taxonomy":"product_brand","embeddable":true,"href":"https:\/\/legrenierdelatour.be\/brocante\/wp-json\/wp\/v2\/product_brand?post=11422"},{"taxonomy":"product_cat","embeddable":true,"href":"https:\/\/legrenierdelatour.be\/brocante\/wp-json\/wp\/v2\/product_cat?post=11422"},{"taxonomy":"product_tag","embeddable":true,"href":"https:\/\/legrenierdelatour.be\/brocante\/wp-json\/wp\/v2\/product_tag?post=11422"}],"curies":[{"name":"wp","href":"https:\/\/api.w.org\/{rel}","templated":true}]}}