{"id":11418,"date":"2025-09-05T15:39:27","date_gmt":"2025-09-05T13:39:27","guid":{"rendered":"https:\/\/legrenierdelatour.be\/brocante\/?post_type=product&#038;p=11418"},"modified":"2025-09-05T15:39:27","modified_gmt":"2025-09-05T13:39:27","slug":"carafe-rouge-en-cristal-de-boheme","status":"publish","type":"product","link":"https:\/\/legrenierdelatour.be\/brocante\/produit\/carafe-rouge-en-cristal-de-boheme\/","title":{"rendered":"Carafe rouge en cristal de Boh\u00eame"},"content":{"rendered":"<p>Deux belles carafes en cristal taill\u00e9 rouge, de deux tailles diff\u00e9rentes : 32 cm et 37 cm bouchon compris. Elles sont en parfait \u00e9tat. Il s\u2019agit sans doute d\u2019une production de Boh\u00e8me.<\/p>\n<div>Elles sont vendues \u00e0 la pi\u00e8ce au prix de 65\u20ac.<\/div>\n<div>R\u00e9f 45.98<\/div>\n","protected":false},"excerpt":{"rendered":"<p>Deux belles carafes en cristal taill\u00e9 rouge, de deux tailles diff\u00e9rentes : 32 cm et 37 cm bouchon compris. Elles sont en parfait \u00e9tat. Il s\u2019agit sans doute d\u2019une production de Boh\u00e8me. Elles sont vendues \u00e0 la pi\u00e8ce au prix de 65\u20ac. R\u00e9f 45.98<\/p>\n","protected":false},"featured_media":11412,"comment_status":"open","ping_status":"closed","template":"","meta":{"neve_meta_sidebar":"","neve_meta_container":"","neve_meta_enable_content_width":"off","neve_meta_content_width":100,"neve_meta_title_alignment":"","neve_meta_author_avatar":"","neve_post_elements_order":"","neve_meta_disable_header":"","neve_meta_disable_footer":"","neve_meta_disable_title":""},"product_brand":[],"product_cat":[22],"product_tag":[],"class_list":{"0":"post-11418","1":"product","2":"type-product","3":"status-publish","4":"has-post-thumbnail","6":"product_cat-verrerie","8":"first","9":"instock","10":"shipping-taxable","11":"purchasable","12":"product-type-simple"},"_links":{"self":[{"href":"https:\/\/legrenierdelatour.be\/brocante\/wp-json\/wp\/v2\/product\/11418","targetHints":{"allow":["GET"]}}],"collection":[{"href":"https:\/\/legrenierdelatour.be\/brocante\/wp-json\/wp\/v2\/product"}],"about":[{"href":"https:\/\/legrenierdelatour.be\/brocante\/wp-json\/wp\/v2\/types\/product"}],"replies":[{"embeddable":true,"href":"https:\/\/legrenierdelatour.be\/brocante\/wp-json\/wp\/v2\/comments?post=11418"}],"wp:featuredmedia":[{"embeddable":true,"href":"https:\/\/legrenierdelatour.be\/brocante\/wp-json\/wp\/v2\/media\/11412"}],"wp:attachment":[{"href":"https:\/\/legrenierdelatour.be\/brocante\/wp-json\/wp\/v2\/media?parent=11418"}],"wp:term":[{"taxonomy":"product_brand","embeddable":true,"href":"https:\/\/legrenierdelatour.be\/brocante\/wp-json\/wp\/v2\/product_brand?post=11418"},{"taxonomy":"product_cat","embeddable":true,"href":"https:\/\/legrenierdelatour.be\/brocante\/wp-json\/wp\/v2\/product_cat?post=11418"},{"taxonomy":"product_tag","embeddable":true,"href":"https:\/\/legrenierdelatour.be\/brocante\/wp-json\/wp\/v2\/product_tag?post=11418"}],"curies":[{"name":"wp","href":"https:\/\/api.w.org\/{rel}","templated":true}]}}