{"id":11417,"date":"2025-09-05T15:35:03","date_gmt":"2025-09-05T13:35:03","guid":{"rendered":"https:\/\/legrenierdelatour.be\/brocante\/?post_type=product&#038;p=11417"},"modified":"2025-09-05T15:35:03","modified_gmt":"2025-09-05T13:35:03","slug":"mug-izmir-villeroy-et-boch","status":"publish","type":"product","link":"https:\/\/legrenierdelatour.be\/brocante\/produit\/mug-izmir-villeroy-et-boch\/","title":{"rendered":"Mug Izmir Villeroy et Boch"},"content":{"rendered":"<p>Mug (14 cm de haut) de la collection Izmir par Villeroy et Boch. Izmir est un design cr\u00e9\u00e9 par Chritine Reuter, d\u2019inspiration turque. Il \u00a0apparait en 1973, sur un service de forme \u00ab\u00a0Milano\u00a0\u00bb cr\u00e9\u00e9 par Ludwig Scherer.<\/p>\n<div>R\u00e9f 45.97<\/div>\n","protected":false},"excerpt":{"rendered":"<p>Mug (14 cm de haut) de la collection Izmir par Villeroy et Boch. Izmir est un design cr\u00e9\u00e9 par Chritine Reuter, d\u2019inspiration turque. Il \u00a0apparait en 1973, sur un service de forme \u00ab\u00a0Milano\u00a0\u00bb cr\u00e9\u00e9 par Ludwig Scherer. R\u00e9f 45.97<\/p>\n","protected":false},"featured_media":11416,"comment_status":"open","ping_status":"closed","template":"","meta":{"neve_meta_sidebar":"","neve_meta_container":"","neve_meta_enable_content_width":"off","neve_meta_content_width":100,"neve_meta_title_alignment":"","neve_meta_author_avatar":"","neve_post_elements_order":"","neve_meta_disable_header":"","neve_meta_disable_footer":"","neve_meta_disable_title":""},"product_brand":[],"product_cat":[172,16,165,29],"product_tag":[],"class_list":{"0":"post-11417","1":"product","2":"type-product","3":"status-publish","4":"has-post-thumbnail","6":"product_cat-en-cuisine","7":"product_cat-ceramique","8":"product_cat-luxembourg","9":"product_cat-villeroy-boch","11":"first","12":"instock","13":"shipping-taxable","14":"purchasable","15":"product-type-simple"},"_links":{"self":[{"href":"https:\/\/legrenierdelatour.be\/brocante\/wp-json\/wp\/v2\/product\/11417","targetHints":{"allow":["GET"]}}],"collection":[{"href":"https:\/\/legrenierdelatour.be\/brocante\/wp-json\/wp\/v2\/product"}],"about":[{"href":"https:\/\/legrenierdelatour.be\/brocante\/wp-json\/wp\/v2\/types\/product"}],"replies":[{"embeddable":true,"href":"https:\/\/legrenierdelatour.be\/brocante\/wp-json\/wp\/v2\/comments?post=11417"}],"wp:featuredmedia":[{"embeddable":true,"href":"https:\/\/legrenierdelatour.be\/brocante\/wp-json\/wp\/v2\/media\/11416"}],"wp:attachment":[{"href":"https:\/\/legrenierdelatour.be\/brocante\/wp-json\/wp\/v2\/media?parent=11417"}],"wp:term":[{"taxonomy":"product_brand","embeddable":true,"href":"https:\/\/legrenierdelatour.be\/brocante\/wp-json\/wp\/v2\/product_brand?post=11417"},{"taxonomy":"product_cat","embeddable":true,"href":"https:\/\/legrenierdelatour.be\/brocante\/wp-json\/wp\/v2\/product_cat?post=11417"},{"taxonomy":"product_tag","embeddable":true,"href":"https:\/\/legrenierdelatour.be\/brocante\/wp-json\/wp\/v2\/product_tag?post=11417"}],"curies":[{"name":"wp","href":"https:\/\/api.w.org\/{rel}","templated":true}]}}