{"id":1140,"date":"2022-03-30T15:51:07","date_gmt":"2022-03-30T13:51:07","guid":{"rendered":"https:\/\/legrenierdelatour.be\/brocante\/?post_type=product&#038;p=1140"},"modified":"2026-04-07T09:28:20","modified_gmt":"2026-04-07T07:28:20","slug":"assiette-luxval-severina-art-deco","status":"publish","type":"product","link":"https:\/\/legrenierdelatour.be\/brocante\/produit\/assiette-luxval-severina-art-deco\/","title":{"rendered":"Assiette Luxval S\u00e9v\u00e9rina Art d\u00e9co"},"content":{"rendered":"<p>Grande assiette en verre rosaline moul\u00e9 (32 cm de diam\u00e8tre) produite par Luxval dans la collection S\u00e9v\u00e9rina. Il s&rsquo;agit d&rsquo;un design de Charles Graffart et Ren\u00e9 Delvenne. Il est en parfait \u00e9tat, si ce n\u2019est quelques griffures.<\/p>\n<p>7 exemplaires disponibles.<\/p>\n<div>R\u00e9f 10.58<\/div>\n","protected":false},"excerpt":{"rendered":"<p>Grande assiette en verre rosaline moul\u00e9 (32 cm de diam\u00e8tre) produite par Luxval dans la collection S\u00e9v\u00e9rina. Il s&rsquo;agit d&rsquo;un design de Charles Graffart et Ren\u00e9 Delvenne. Il est en parfait \u00e9tat, si ce n\u2019est quelques griffures. 7 exemplaires disponibles. R\u00e9f 10.58<\/p>\n","protected":false},"featured_media":1129,"comment_status":"open","ping_status":"closed","template":"","meta":{"neve_meta_sidebar":"","neve_meta_container":"","neve_meta_enable_content_width":"off","neve_meta_content_width":100,"neve_meta_title_alignment":"","neve_meta_author_avatar":"","neve_post_elements_order":"","neve_meta_disable_header":"","neve_meta_disable_footer":"","neve_meta_disable_title":""},"product_brand":[],"product_cat":[172,64,162,63,22],"product_tag":[21,40,102,65],"class_list":{"0":"post-1140","1":"product","2":"type-product","3":"status-publish","4":"has-post-thumbnail","6":"product_cat-en-cuisine","7":"product_cat-luxval","8":"product_cat-productions-belges","9":"product_cat-val-saint-lambert","10":"product_cat-verrerie","11":"product_tag-art-deco","12":"product_tag-belgique","13":"product_tag-graffart-delvenne","14":"product_tag-luxval","16":"first","17":"instock","18":"shipping-taxable","19":"purchasable","20":"product-type-simple"},"_links":{"self":[{"href":"https:\/\/legrenierdelatour.be\/brocante\/wp-json\/wp\/v2\/product\/1140","targetHints":{"allow":["GET"]}}],"collection":[{"href":"https:\/\/legrenierdelatour.be\/brocante\/wp-json\/wp\/v2\/product"}],"about":[{"href":"https:\/\/legrenierdelatour.be\/brocante\/wp-json\/wp\/v2\/types\/product"}],"replies":[{"embeddable":true,"href":"https:\/\/legrenierdelatour.be\/brocante\/wp-json\/wp\/v2\/comments?post=1140"}],"wp:featuredmedia":[{"embeddable":true,"href":"https:\/\/legrenierdelatour.be\/brocante\/wp-json\/wp\/v2\/media\/1129"}],"wp:attachment":[{"href":"https:\/\/legrenierdelatour.be\/brocante\/wp-json\/wp\/v2\/media?parent=1140"}],"wp:term":[{"taxonomy":"product_brand","embeddable":true,"href":"https:\/\/legrenierdelatour.be\/brocante\/wp-json\/wp\/v2\/product_brand?post=1140"},{"taxonomy":"product_cat","embeddable":true,"href":"https:\/\/legrenierdelatour.be\/brocante\/wp-json\/wp\/v2\/product_cat?post=1140"},{"taxonomy":"product_tag","embeddable":true,"href":"https:\/\/legrenierdelatour.be\/brocante\/wp-json\/wp\/v2\/product_tag?post=1140"}],"curies":[{"name":"wp","href":"https:\/\/api.w.org\/{rel}","templated":true}]}}