{"id":11386,"date":"2025-09-03T14:52:24","date_gmt":"2025-09-03T12:52:24","guid":{"rendered":"https:\/\/legrenierdelatour.be\/brocante\/?post_type=product&#038;p=11386"},"modified":"2025-09-03T14:54:32","modified_gmt":"2025-09-03T12:54:32","slug":"lampe-goutte-style-louis-xvi-verre-et-laiton","status":"publish","type":"product","link":"https:\/\/legrenierdelatour.be\/brocante\/produit\/lampe-goutte-style-louis-xvi-verre-et-laiton\/","title":{"rendered":"Lampe goutte, Style Louis XVI, Verre et laiton"},"content":{"rendered":"<p>Belle lampe plafonnier ((30 cm de haut sans suspension) compos\u00e9e d\u2019une grosse goutte en verre d\u00e9poli et laiton dor\u00e9. Cette lampe dans le style Louis 16 date sans doute des ann\u00e9es 1930-50.<\/p>\n<div>R\u00e9f 45.89<\/div>\n","protected":false},"excerpt":{"rendered":"<p>Belle lampe plafonnier ((30 cm de haut sans suspension) compos\u00e9e d\u2019une grosse goutte en verre d\u00e9poli et laiton dor\u00e9. Cette lampe dans le style Louis 16 date sans doute des ann\u00e9es 1930-50. R\u00e9f 45.89<\/p>\n","protected":false},"featured_media":11387,"comment_status":"open","ping_status":"closed","template":"","meta":{"neve_meta_sidebar":"","neve_meta_container":"","neve_meta_enable_content_width":"off","neve_meta_content_width":100,"neve_meta_title_alignment":"","neve_meta_author_avatar":"","neve_post_elements_order":"","neve_meta_disable_header":"","neve_meta_disable_footer":"","neve_meta_disable_title":""},"product_brand":[],"product_cat":[24],"product_tag":[],"class_list":{"0":"post-11386","1":"product","2":"type-product","3":"status-publish","4":"has-post-thumbnail","6":"product_cat-luminaires","8":"first","9":"instock","10":"shipping-taxable","11":"purchasable","12":"product-type-simple"},"_links":{"self":[{"href":"https:\/\/legrenierdelatour.be\/brocante\/wp-json\/wp\/v2\/product\/11386","targetHints":{"allow":["GET"]}}],"collection":[{"href":"https:\/\/legrenierdelatour.be\/brocante\/wp-json\/wp\/v2\/product"}],"about":[{"href":"https:\/\/legrenierdelatour.be\/brocante\/wp-json\/wp\/v2\/types\/product"}],"replies":[{"embeddable":true,"href":"https:\/\/legrenierdelatour.be\/brocante\/wp-json\/wp\/v2\/comments?post=11386"}],"wp:featuredmedia":[{"embeddable":true,"href":"https:\/\/legrenierdelatour.be\/brocante\/wp-json\/wp\/v2\/media\/11387"}],"wp:attachment":[{"href":"https:\/\/legrenierdelatour.be\/brocante\/wp-json\/wp\/v2\/media?parent=11386"}],"wp:term":[{"taxonomy":"product_brand","embeddable":true,"href":"https:\/\/legrenierdelatour.be\/brocante\/wp-json\/wp\/v2\/product_brand?post=11386"},{"taxonomy":"product_cat","embeddable":true,"href":"https:\/\/legrenierdelatour.be\/brocante\/wp-json\/wp\/v2\/product_cat?post=11386"},{"taxonomy":"product_tag","embeddable":true,"href":"https:\/\/legrenierdelatour.be\/brocante\/wp-json\/wp\/v2\/product_tag?post=11386"}],"curies":[{"name":"wp","href":"https:\/\/api.w.org\/{rel}","templated":true}]}}