{"id":1136,"date":"2022-03-30T14:55:49","date_gmt":"2022-03-30T12:55:49","guid":{"rendered":"https:\/\/legrenierdelatour.be\/brocante\/?post_type=product&#038;p=1136"},"modified":"2022-11-21T17:51:15","modified_gmt":"2022-11-21T16:51:15","slug":"pot-a-lait-pyrex-jonquilles","status":"publish","type":"product","link":"https:\/\/legrenierdelatour.be\/brocante\/produit\/pot-a-lait-pyrex-jonquilles\/","title":{"rendered":"Pot \u00e0 lait Pyrex Jonquilles"},"content":{"rendered":"<p>Pot \u00e0 lait en verre opaque (8 cm de haut), pyrex, produit par la firme JAJ Jobling JAJ en Angleterre, avec le dessin Automn Glory. En tr\u00e8s bon \u00e9tat, il a \u00e9t\u00e9 produit dans les ann\u00e9es 1960-70. \u00ab\u00a0Sunderland Glassworks \u00bb a \u00e9t\u00e9 fond\u00e9 en 1851 en Angleterre. En 1886, la soci\u00e9t\u00e9 prend le nom de James A. Jobling (JAJ). Le Pyrex fut invent\u00e9 en 1922 aux Etats Unis par Corning Glass Works et la licence import\u00e9e en Angleterre.<\/p>\n<p>Deux exemplaires disponibles.<\/p>\n<div>R\u00e9f 10.54<\/div>\n","protected":false},"excerpt":{"rendered":"<p>Pot \u00e0 lait en verre opaque (8 cm de haut), pyrex, produit par la firme JAJ Jobling JAJ en Angleterre, avec le dessin Automn Glory. En tr\u00e8s bon \u00e9tat, il a \u00e9t\u00e9 produit dans les ann\u00e9es 1960-70. \u00ab\u00a0Sunderland Glassworks \u00bb a \u00e9t\u00e9 fond\u00e9 en 1851 en Angleterre. En 1886, la soci\u00e9t\u00e9 prend le nom de&hellip;&nbsp;<a href=\"https:\/\/legrenierdelatour.be\/brocante\/produit\/pot-a-lait-pyrex-jonquilles\/\" class=\"\" rel=\"bookmark\">Lire la suite &raquo;<span class=\"screen-reader-text\">Pot \u00e0 lait Pyrex Jonquilles<\/span><\/a><\/p>\n","protected":false},"featured_media":1120,"comment_status":"open","ping_status":"closed","template":"","meta":{"neve_meta_sidebar":"","neve_meta_container":"","neve_meta_enable_content_width":"off","neve_meta_content_width":100,"neve_meta_title_alignment":"","neve_meta_author_avatar":"","neve_post_elements_order":"","neve_meta_disable_header":"","neve_meta_disable_footer":"","neve_meta_disable_title":""},"product_brand":[],"product_cat":[164,172,184,22],"product_tag":[88,101,28],"class_list":{"0":"post-1136","1":"product","2":"type-product","3":"status-publish","4":"has-post-thumbnail","6":"product_cat-autres-productions","7":"product_cat-en-cuisine","8":"product_cat-pyrex","9":"product_cat-verrerie","10":"product_tag-arcopal","11":"product_tag-pyrex","12":"product_tag-vintage","14":"first","15":"instock","16":"shipping-taxable","17":"purchasable","18":"product-type-simple"},"_links":{"self":[{"href":"https:\/\/legrenierdelatour.be\/brocante\/wp-json\/wp\/v2\/product\/1136","targetHints":{"allow":["GET"]}}],"collection":[{"href":"https:\/\/legrenierdelatour.be\/brocante\/wp-json\/wp\/v2\/product"}],"about":[{"href":"https:\/\/legrenierdelatour.be\/brocante\/wp-json\/wp\/v2\/types\/product"}],"replies":[{"embeddable":true,"href":"https:\/\/legrenierdelatour.be\/brocante\/wp-json\/wp\/v2\/comments?post=1136"}],"wp:featuredmedia":[{"embeddable":true,"href":"https:\/\/legrenierdelatour.be\/brocante\/wp-json\/wp\/v2\/media\/1120"}],"wp:attachment":[{"href":"https:\/\/legrenierdelatour.be\/brocante\/wp-json\/wp\/v2\/media?parent=1136"}],"wp:term":[{"taxonomy":"product_brand","embeddable":true,"href":"https:\/\/legrenierdelatour.be\/brocante\/wp-json\/wp\/v2\/product_brand?post=1136"},{"taxonomy":"product_cat","embeddable":true,"href":"https:\/\/legrenierdelatour.be\/brocante\/wp-json\/wp\/v2\/product_cat?post=1136"},{"taxonomy":"product_tag","embeddable":true,"href":"https:\/\/legrenierdelatour.be\/brocante\/wp-json\/wp\/v2\/product_tag?post=1136"}],"curies":[{"name":"wp","href":"https:\/\/api.w.org\/{rel}","templated":true}]}}