{"id":11345,"date":"2025-09-01T16:26:20","date_gmt":"2025-09-01T14:26:20","guid":{"rendered":"https:\/\/legrenierdelatour.be\/brocante\/?post_type=product&#038;p=11345"},"modified":"2025-09-01T16:26:20","modified_gmt":"2025-09-01T14:26:20","slug":"boite-de-cogares-noura","status":"publish","type":"product","link":"https:\/\/legrenierdelatour.be\/brocante\/produit\/boite-de-cogares-noura\/","title":{"rendered":"Bo\u00eete de cogares Noura"},"content":{"rendered":"<p>Bo\u00eete \u00e0 cigares Nolra (24&#215;11,5cm x6 cm de haut) de la manufacture Ernest Martha (844-1911) \u00e0 Arlon. Cette manufacture situ\u00e9e entre le March\u00e9 aux L\u00e9gumes et la Place Didier \u00e0 Arlon \u00e9tait fort importante en tous cas en 1887, avec une expansion encore d\u00e9but du 20\u00e8 si\u00e8cle. L\u2019\u00e9tat de la bo\u00eete est correct.<\/p>\n<div>R\u00e9f 45.74<\/div>\n","protected":false},"excerpt":{"rendered":"<p>Bo\u00eete \u00e0 cigares Nolra (24&#215;11,5cm x6 cm de haut) de la manufacture Ernest Martha (844-1911) \u00e0 Arlon. Cette manufacture situ\u00e9e entre le March\u00e9 aux L\u00e9gumes et la Place Didier \u00e0 Arlon \u00e9tait fort importante en tous cas en 1887, avec une expansion encore d\u00e9but du 20\u00e8 si\u00e8cle. L\u2019\u00e9tat de la bo\u00eete est correct. R\u00e9f 45.74<\/p>\n","protected":false},"featured_media":11347,"comment_status":"open","ping_status":"closed","template":"","meta":{"neve_meta_sidebar":"","neve_meta_container":"","neve_meta_enable_content_width":"off","neve_meta_content_width":100,"neve_meta_title_alignment":"","neve_meta_author_avatar":"","neve_post_elements_order":"","neve_meta_disable_header":"","neve_meta_disable_footer":"","neve_meta_disable_title":""},"product_brand":[],"product_cat":[183,173,31],"product_tag":[],"class_list":{"0":"post-11345","1":"product","2":"type-product","3":"status-publish","4":"has-post-thumbnail","6":"product_cat-bureau-et-fumoir","7":"product_cat-objets-de-publicite","8":"product_cat-pays-darlon","10":"first","11":"instock","12":"shipping-taxable","13":"purchasable","14":"product-type-simple"},"_links":{"self":[{"href":"https:\/\/legrenierdelatour.be\/brocante\/wp-json\/wp\/v2\/product\/11345","targetHints":{"allow":["GET"]}}],"collection":[{"href":"https:\/\/legrenierdelatour.be\/brocante\/wp-json\/wp\/v2\/product"}],"about":[{"href":"https:\/\/legrenierdelatour.be\/brocante\/wp-json\/wp\/v2\/types\/product"}],"replies":[{"embeddable":true,"href":"https:\/\/legrenierdelatour.be\/brocante\/wp-json\/wp\/v2\/comments?post=11345"}],"wp:featuredmedia":[{"embeddable":true,"href":"https:\/\/legrenierdelatour.be\/brocante\/wp-json\/wp\/v2\/media\/11347"}],"wp:attachment":[{"href":"https:\/\/legrenierdelatour.be\/brocante\/wp-json\/wp\/v2\/media?parent=11345"}],"wp:term":[{"taxonomy":"product_brand","embeddable":true,"href":"https:\/\/legrenierdelatour.be\/brocante\/wp-json\/wp\/v2\/product_brand?post=11345"},{"taxonomy":"product_cat","embeddable":true,"href":"https:\/\/legrenierdelatour.be\/brocante\/wp-json\/wp\/v2\/product_cat?post=11345"},{"taxonomy":"product_tag","embeddable":true,"href":"https:\/\/legrenierdelatour.be\/brocante\/wp-json\/wp\/v2\/product_tag?post=11345"}],"curies":[{"name":"wp","href":"https:\/\/api.w.org\/{rel}","templated":true}]}}