{"id":11323,"date":"2025-08-27T14:24:08","date_gmt":"2025-08-27T12:24:08","guid":{"rendered":"https:\/\/legrenierdelatour.be\/brocante\/?post_type=product&#038;p=11323"},"modified":"2025-08-27T14:24:08","modified_gmt":"2025-08-27T12:24:08","slug":"assiette-athus-1987-villeroy-boch","status":"publish","type":"product","link":"https:\/\/legrenierdelatour.be\/brocante\/produit\/assiette-athus-1987-villeroy-boch\/","title":{"rendered":"Assiette Athus 1987, Villeroy &#038; boch"},"content":{"rendered":"<p>Assiette (214 cm de diam\u00e8tre) \u00e9dit\u00e9e par le Cercle Philat\u00e9lique d\u2019Athus \u00e0 l\u2019occasion de l\u2019exposition philat\u00e9lique Croix rouge en 1987. Cette assiette produite par Villeroy &amp; Boch d\u2019apr\u00e8s une maquette de Roger Rodesch, est num\u00e9rot\u00e9e \u00ab\u00a033\u00a0\u00bb.<\/p>\n<div>R\u00e9f 45.66<\/div>\n","protected":false},"excerpt":{"rendered":"<p>Assiette (214 cm de diam\u00e8tre) \u00e9dit\u00e9e par le Cercle Philat\u00e9lique d\u2019Athus \u00e0 l\u2019occasion de l\u2019exposition philat\u00e9lique Croix rouge en 1987. Cette assiette produite par Villeroy &amp; Boch d\u2019apr\u00e8s une maquette de Roger Rodesch, est num\u00e9rot\u00e9e \u00ab\u00a033\u00a0\u00bb. R\u00e9f 45.66<\/p>\n","protected":false},"featured_media":11321,"comment_status":"open","ping_status":"closed","template":"","meta":{"neve_meta_sidebar":"","neve_meta_container":"","neve_meta_enable_content_width":"off","neve_meta_content_width":100,"neve_meta_title_alignment":"","neve_meta_author_avatar":"","neve_post_elements_order":"","neve_meta_disable_header":"","neve_meta_disable_footer":"","neve_meta_disable_title":""},"product_brand":[],"product_cat":[16,165,173,31,29],"product_tag":[],"class_list":{"0":"post-11323","1":"product","2":"type-product","3":"status-publish","4":"has-post-thumbnail","6":"product_cat-ceramique","7":"product_cat-luxembourg","8":"product_cat-objets-de-publicite","9":"product_cat-pays-darlon","10":"product_cat-villeroy-boch","12":"first","13":"instock","14":"shipping-taxable","15":"purchasable","16":"product-type-simple"},"_links":{"self":[{"href":"https:\/\/legrenierdelatour.be\/brocante\/wp-json\/wp\/v2\/product\/11323","targetHints":{"allow":["GET"]}}],"collection":[{"href":"https:\/\/legrenierdelatour.be\/brocante\/wp-json\/wp\/v2\/product"}],"about":[{"href":"https:\/\/legrenierdelatour.be\/brocante\/wp-json\/wp\/v2\/types\/product"}],"replies":[{"embeddable":true,"href":"https:\/\/legrenierdelatour.be\/brocante\/wp-json\/wp\/v2\/comments?post=11323"}],"wp:featuredmedia":[{"embeddable":true,"href":"https:\/\/legrenierdelatour.be\/brocante\/wp-json\/wp\/v2\/media\/11321"}],"wp:attachment":[{"href":"https:\/\/legrenierdelatour.be\/brocante\/wp-json\/wp\/v2\/media?parent=11323"}],"wp:term":[{"taxonomy":"product_brand","embeddable":true,"href":"https:\/\/legrenierdelatour.be\/brocante\/wp-json\/wp\/v2\/product_brand?post=11323"},{"taxonomy":"product_cat","embeddable":true,"href":"https:\/\/legrenierdelatour.be\/brocante\/wp-json\/wp\/v2\/product_cat?post=11323"},{"taxonomy":"product_tag","embeddable":true,"href":"https:\/\/legrenierdelatour.be\/brocante\/wp-json\/wp\/v2\/product_tag?post=11323"}],"curies":[{"name":"wp","href":"https:\/\/api.w.org\/{rel}","templated":true}]}}