{"id":11313,"date":"2025-08-27T13:48:37","date_gmt":"2025-08-27T11:48:37","guid":{"rendered":"https:\/\/legrenierdelatour.be\/brocante\/?post_type=product&#038;p=11313"},"modified":"2025-08-27T13:49:07","modified_gmt":"2025-08-27T11:49:07","slug":"coup-cigare-decore-solingen-1950","status":"publish","type":"product","link":"https:\/\/legrenierdelatour.be\/brocante\/produit\/coup-cigare-decore-solingen-1950\/","title":{"rendered":"Coup-cigare d\u00e9cor\u00e9, Solingen 1950"},"content":{"rendered":"<p>Grand coupe-cigare, estampill\u00e9 CS, probablement fabrication allemande de Solingen dans les ann\u00e9es 1950. Il est magnifiquement d\u00e9cor\u00e9 et encore op\u00e9rationnel.<\/p>\n<div>R\u00e9f 45.63<\/div>\n","protected":false},"excerpt":{"rendered":"<p>Grand coupe-cigare, estampill\u00e9 CS, probablement fabrication allemande de Solingen dans les ann\u00e9es 1950. Il est magnifiquement d\u00e9cor\u00e9 et encore op\u00e9rationnel. R\u00e9f 45.63<\/p>\n","protected":false},"featured_media":11314,"comment_status":"open","ping_status":"closed","template":"","meta":{"neve_meta_sidebar":"","neve_meta_container":"","neve_meta_enable_content_width":"off","neve_meta_content_width":100,"neve_meta_title_alignment":"","neve_meta_author_avatar":"","neve_post_elements_order":"","neve_meta_disable_header":"","neve_meta_disable_footer":"","neve_meta_disable_title":""},"product_brand":[],"product_cat":[183],"product_tag":[],"class_list":{"0":"post-11313","1":"product","2":"type-product","3":"status-publish","4":"has-post-thumbnail","6":"product_cat-bureau-et-fumoir","8":"first","9":"instock","10":"shipping-taxable","11":"purchasable","12":"product-type-simple"},"_links":{"self":[{"href":"https:\/\/legrenierdelatour.be\/brocante\/wp-json\/wp\/v2\/product\/11313","targetHints":{"allow":["GET"]}}],"collection":[{"href":"https:\/\/legrenierdelatour.be\/brocante\/wp-json\/wp\/v2\/product"}],"about":[{"href":"https:\/\/legrenierdelatour.be\/brocante\/wp-json\/wp\/v2\/types\/product"}],"replies":[{"embeddable":true,"href":"https:\/\/legrenierdelatour.be\/brocante\/wp-json\/wp\/v2\/comments?post=11313"}],"wp:featuredmedia":[{"embeddable":true,"href":"https:\/\/legrenierdelatour.be\/brocante\/wp-json\/wp\/v2\/media\/11314"}],"wp:attachment":[{"href":"https:\/\/legrenierdelatour.be\/brocante\/wp-json\/wp\/v2\/media?parent=11313"}],"wp:term":[{"taxonomy":"product_brand","embeddable":true,"href":"https:\/\/legrenierdelatour.be\/brocante\/wp-json\/wp\/v2\/product_brand?post=11313"},{"taxonomy":"product_cat","embeddable":true,"href":"https:\/\/legrenierdelatour.be\/brocante\/wp-json\/wp\/v2\/product_cat?post=11313"},{"taxonomy":"product_tag","embeddable":true,"href":"https:\/\/legrenierdelatour.be\/brocante\/wp-json\/wp\/v2\/product_tag?post=11313"}],"curies":[{"name":"wp","href":"https:\/\/api.w.org\/{rel}","templated":true}]}}