{"id":11309,"date":"2025-08-25T10:39:17","date_gmt":"2025-08-25T08:39:17","guid":{"rendered":"https:\/\/legrenierdelatour.be\/brocante\/?post_type=product&#038;p=11309"},"modified":"2025-08-25T10:39:17","modified_gmt":"2025-08-25T08:39:17","slug":"jeu-de-societe-wou-lait-hitten-rtl","status":"publish","type":"product","link":"https:\/\/legrenierdelatour.be\/brocante\/produit\/jeu-de-societe-wou-lait-hitten-rtl\/","title":{"rendered":"Jeu de soci\u00e9t\u00e9 \u00ab\u00a0Wou l\u00e4it hitten\u00a0\u00bb, RTL"},"content":{"rendered":"<p>Jeu de soci\u00e9t\u00e9 \u00ab Wou l\u00e4it hitten \u00bb, \u00e9dit\u00e9 par RTL, permettant de d\u00e9couvir le GD de Luxembourg. Le jeu est neuf.<\/p>\n<div>R\u00e9f 45.59<\/div>\n","protected":false},"excerpt":{"rendered":"<p>Jeu de soci\u00e9t\u00e9 \u00ab Wou l\u00e4it hitten \u00bb, \u00e9dit\u00e9 par RTL, permettant de d\u00e9couvir le GD de Luxembourg. Le jeu est neuf. R\u00e9f 45.59<\/p>\n","protected":false},"featured_media":11308,"comment_status":"open","ping_status":"closed","template":"","meta":{"neve_meta_sidebar":"","neve_meta_container":"","neve_meta_enable_content_width":"off","neve_meta_content_width":100,"neve_meta_title_alignment":"","neve_meta_author_avatar":"","neve_post_elements_order":"","neve_meta_disable_header":"","neve_meta_disable_footer":"","neve_meta_disable_title":""},"product_brand":[],"product_cat":[171,166],"product_tag":[],"class_list":{"0":"post-11309","1":"product","2":"type-product","3":"status-publish","4":"has-post-thumbnail","6":"product_cat-jeux-et-jardin","7":"product_cat-luxemburgensia-luxemburgensia","9":"first","10":"instock","11":"shipping-taxable","12":"purchasable","13":"product-type-simple"},"_links":{"self":[{"href":"https:\/\/legrenierdelatour.be\/brocante\/wp-json\/wp\/v2\/product\/11309","targetHints":{"allow":["GET"]}}],"collection":[{"href":"https:\/\/legrenierdelatour.be\/brocante\/wp-json\/wp\/v2\/product"}],"about":[{"href":"https:\/\/legrenierdelatour.be\/brocante\/wp-json\/wp\/v2\/types\/product"}],"replies":[{"embeddable":true,"href":"https:\/\/legrenierdelatour.be\/brocante\/wp-json\/wp\/v2\/comments?post=11309"}],"wp:featuredmedia":[{"embeddable":true,"href":"https:\/\/legrenierdelatour.be\/brocante\/wp-json\/wp\/v2\/media\/11308"}],"wp:attachment":[{"href":"https:\/\/legrenierdelatour.be\/brocante\/wp-json\/wp\/v2\/media?parent=11309"}],"wp:term":[{"taxonomy":"product_brand","embeddable":true,"href":"https:\/\/legrenierdelatour.be\/brocante\/wp-json\/wp\/v2\/product_brand?post=11309"},{"taxonomy":"product_cat","embeddable":true,"href":"https:\/\/legrenierdelatour.be\/brocante\/wp-json\/wp\/v2\/product_cat?post=11309"},{"taxonomy":"product_tag","embeddable":true,"href":"https:\/\/legrenierdelatour.be\/brocante\/wp-json\/wp\/v2\/product_tag?post=11309"}],"curies":[{"name":"wp","href":"https:\/\/api.w.org\/{rel}","templated":true}]}}