{"id":11304,"date":"2025-08-25T10:34:33","date_gmt":"2025-08-25T08:34:33","guid":{"rendered":"https:\/\/legrenierdelatour.be\/brocante\/?post_type=product&#038;p=11304"},"modified":"2025-08-25T10:34:33","modified_gmt":"2025-08-25T08:34:33","slug":"ensemble-a-liqueur-en-verre-tcheque-art-deco","status":"publish","type":"product","link":"https:\/\/legrenierdelatour.be\/brocante\/produit\/ensemble-a-liqueur-en-verre-tcheque-art-deco\/","title":{"rendered":"Ensemble \u00e0 liqueur en verre, tch\u00e8que, Art D\u00e9co"},"content":{"rendered":"<p>Bel ensemble \u00e0 liqueur compos\u00e9 d\u2019un flacon (21 cm de haut) et de 6 verres assortis (5,5 cm) provennat d\u2019une fabrication tch\u00e8que (not\u00e9 dessous). En verre moul\u00e9 jaune, l&rsquo;ensemble est en parfait \u00e9tat et date sans doute des ann\u00e9es 1950.<\/p>\n<div>R\u00e9g 45.58<\/div>\n","protected":false},"excerpt":{"rendered":"<p>Bel ensemble \u00e0 liqueur compos\u00e9 d\u2019un flacon (21 cm de haut) et de 6 verres assortis (5,5 cm) provennat d\u2019une fabrication tch\u00e8que (not\u00e9 dessous). En verre moul\u00e9 jaune, l&rsquo;ensemble est en parfait \u00e9tat et date sans doute des ann\u00e9es 1950. R\u00e9g 45.58<\/p>\n","protected":false},"featured_media":11305,"comment_status":"open","ping_status":"closed","template":"","meta":{"neve_meta_sidebar":"","neve_meta_container":"","neve_meta_enable_content_width":"off","neve_meta_content_width":100,"neve_meta_title_alignment":"","neve_meta_author_avatar":"","neve_post_elements_order":"","neve_meta_disable_header":"","neve_meta_disable_footer":"","neve_meta_disable_title":""},"product_brand":[],"product_cat":[22],"product_tag":[],"class_list":{"0":"post-11304","1":"product","2":"type-product","3":"status-publish","4":"has-post-thumbnail","6":"product_cat-verrerie","8":"first","9":"instock","10":"shipping-taxable","11":"purchasable","12":"product-type-simple"},"_links":{"self":[{"href":"https:\/\/legrenierdelatour.be\/brocante\/wp-json\/wp\/v2\/product\/11304","targetHints":{"allow":["GET"]}}],"collection":[{"href":"https:\/\/legrenierdelatour.be\/brocante\/wp-json\/wp\/v2\/product"}],"about":[{"href":"https:\/\/legrenierdelatour.be\/brocante\/wp-json\/wp\/v2\/types\/product"}],"replies":[{"embeddable":true,"href":"https:\/\/legrenierdelatour.be\/brocante\/wp-json\/wp\/v2\/comments?post=11304"}],"wp:featuredmedia":[{"embeddable":true,"href":"https:\/\/legrenierdelatour.be\/brocante\/wp-json\/wp\/v2\/media\/11305"}],"wp:attachment":[{"href":"https:\/\/legrenierdelatour.be\/brocante\/wp-json\/wp\/v2\/media?parent=11304"}],"wp:term":[{"taxonomy":"product_brand","embeddable":true,"href":"https:\/\/legrenierdelatour.be\/brocante\/wp-json\/wp\/v2\/product_brand?post=11304"},{"taxonomy":"product_cat","embeddable":true,"href":"https:\/\/legrenierdelatour.be\/brocante\/wp-json\/wp\/v2\/product_cat?post=11304"},{"taxonomy":"product_tag","embeddable":true,"href":"https:\/\/legrenierdelatour.be\/brocante\/wp-json\/wp\/v2\/product_tag?post=11304"}],"curies":[{"name":"wp","href":"https:\/\/api.w.org\/{rel}","templated":true}]}}