{"id":11281,"date":"2025-08-23T14:46:16","date_gmt":"2025-08-23T12:46:16","guid":{"rendered":"https:\/\/legrenierdelatour.be\/brocante\/?post_type=product&#038;p=11281"},"modified":"2025-08-23T14:46:16","modified_gmt":"2025-08-23T12:46:16","slug":"aquarelle-moulin-l-gillet","status":"publish","type":"product","link":"https:\/\/legrenierdelatour.be\/brocante\/produit\/aquarelle-moulin-l-gillet\/","title":{"rendered":"Aquarelle \u00ab\u00a0Moulin\u00a0\u00bb L Gillet"},"content":{"rendered":"<p>Aquarelle (30&#215;23 cm) repr\u00e9sentant un moulin, sign\u00e9e en bas \u00e0 droite L.Gillet.\u00a0Cette aquarelliste et peintre sur porcelaine, \u00e9pouse Delmarcelle, \u00e9tait tr\u00e8s active dans les ann\u00e9es 1940-60.<\/p>\n<div>R\u00e9f 45.43<\/div>\n","protected":false},"excerpt":{"rendered":"<p>Aquarelle (30&#215;23 cm) repr\u00e9sentant un moulin, sign\u00e9e en bas \u00e0 droite L.Gillet.\u00a0Cette aquarelliste et peintre sur porcelaine, \u00e9pouse Delmarcelle, \u00e9tait tr\u00e8s active dans les ann\u00e9es 1940-60. R\u00e9f 45.43<\/p>\n","protected":false},"featured_media":11270,"comment_status":"open","ping_status":"closed","template":"","meta":{"neve_meta_sidebar":"","neve_meta_container":"","neve_meta_enable_content_width":"off","neve_meta_content_width":100,"neve_meta_title_alignment":"","neve_meta_author_avatar":"","neve_post_elements_order":"","neve_meta_disable_header":"","neve_meta_disable_footer":"","neve_meta_disable_title":""},"product_brand":[],"product_cat":[31,167],"product_tag":[],"class_list":{"0":"post-11281","1":"product","2":"type-product","3":"status-publish","4":"has-post-thumbnail","6":"product_cat-pays-darlon","7":"product_cat-peintures-et-sculptures","9":"first","10":"instock","11":"shipping-taxable","12":"purchasable","13":"product-type-simple"},"_links":{"self":[{"href":"https:\/\/legrenierdelatour.be\/brocante\/wp-json\/wp\/v2\/product\/11281","targetHints":{"allow":["GET"]}}],"collection":[{"href":"https:\/\/legrenierdelatour.be\/brocante\/wp-json\/wp\/v2\/product"}],"about":[{"href":"https:\/\/legrenierdelatour.be\/brocante\/wp-json\/wp\/v2\/types\/product"}],"replies":[{"embeddable":true,"href":"https:\/\/legrenierdelatour.be\/brocante\/wp-json\/wp\/v2\/comments?post=11281"}],"wp:featuredmedia":[{"embeddable":true,"href":"https:\/\/legrenierdelatour.be\/brocante\/wp-json\/wp\/v2\/media\/11270"}],"wp:attachment":[{"href":"https:\/\/legrenierdelatour.be\/brocante\/wp-json\/wp\/v2\/media?parent=11281"}],"wp:term":[{"taxonomy":"product_brand","embeddable":true,"href":"https:\/\/legrenierdelatour.be\/brocante\/wp-json\/wp\/v2\/product_brand?post=11281"},{"taxonomy":"product_cat","embeddable":true,"href":"https:\/\/legrenierdelatour.be\/brocante\/wp-json\/wp\/v2\/product_cat?post=11281"},{"taxonomy":"product_tag","embeddable":true,"href":"https:\/\/legrenierdelatour.be\/brocante\/wp-json\/wp\/v2\/product_tag?post=11281"}],"curies":[{"name":"wp","href":"https:\/\/api.w.org\/{rel}","templated":true}]}}