{"id":11279,"date":"2025-08-23T14:24:50","date_gmt":"2025-08-23T12:24:50","guid":{"rendered":"https:\/\/legrenierdelatour.be\/brocante\/?post_type=product&#038;p=11279"},"modified":"2025-08-23T14:25:32","modified_gmt":"2025-08-23T12:25:32","slug":"peinture-paysage-monique-bossicart","status":"publish","type":"product","link":"https:\/\/legrenierdelatour.be\/brocante\/produit\/peinture-paysage-monique-bossicart\/","title":{"rendered":"Peinture \u00ab\u00a0Paysage\u00a0\u00bb, Monique Bossicart"},"content":{"rendered":"<p>Peinture \u00e0 l\u2019huile (33&#215;39 cadre compris) d\u2019un paysage avec fleurs, sign\u00e9e en bas \u00e0 droite M Bossicart. Il s\u2019agit sans aucun doute d\u2019une de ses oeuvres de jeunesse, son style ayant fortement \u00e9volu\u00e9 dans le temps. Monique Bossicart (1940- \u00e9tait \u00e9l\u00e8ve de Marie Howet \u00e0 Libramont, o\u00f9 elle a son atelier. Elle participe \u00e0 de nombreuses expositions, personnelles et collectives, partout dans le monde. Apr\u00e8s avoir travaill\u00e9 pendant des ann\u00e9es sur des motifs, elle poursuit en peignant des sujets issus de son imagination, avec des personnages symbolistes, un myst\u00e8re po\u00e9tique au f\u00e9minin.<\/p>\n<div>R\u00e9f 45.41<\/div>\n","protected":false},"excerpt":{"rendered":"<p>Peinture \u00e0 l\u2019huile (33&#215;39 cadre compris) d\u2019un paysage avec fleurs, sign\u00e9e en bas \u00e0 droite M Bossicart. Il s\u2019agit sans aucun doute d\u2019une de ses oeuvres de jeunesse, son style ayant fortement \u00e9volu\u00e9 dans le temps. Monique Bossicart (1940- \u00e9tait \u00e9l\u00e8ve de Marie Howet \u00e0 Libramont, o\u00f9 elle a son atelier. Elle participe \u00e0 de&hellip;&nbsp;<a href=\"https:\/\/legrenierdelatour.be\/brocante\/produit\/peinture-paysage-monique-bossicart\/\" class=\"\" rel=\"bookmark\">Lire la suite &raquo;<span class=\"screen-reader-text\">Peinture \u00ab\u00a0Paysage\u00a0\u00bb, Monique Bossicart<\/span><\/a><\/p>\n","protected":false},"featured_media":11275,"comment_status":"open","ping_status":"closed","template":"","meta":{"neve_meta_sidebar":"","neve_meta_container":"","neve_meta_enable_content_width":"off","neve_meta_content_width":100,"neve_meta_title_alignment":"","neve_meta_author_avatar":"","neve_post_elements_order":"","neve_meta_disable_header":"","neve_meta_disable_footer":"","neve_meta_disable_title":""},"product_brand":[],"product_cat":[31,167],"product_tag":[],"class_list":{"0":"post-11279","1":"product","2":"type-product","3":"status-publish","4":"has-post-thumbnail","6":"product_cat-pays-darlon","7":"product_cat-peintures-et-sculptures","9":"first","10":"instock","11":"shipping-taxable","12":"purchasable","13":"product-type-simple"},"_links":{"self":[{"href":"https:\/\/legrenierdelatour.be\/brocante\/wp-json\/wp\/v2\/product\/11279","targetHints":{"allow":["GET"]}}],"collection":[{"href":"https:\/\/legrenierdelatour.be\/brocante\/wp-json\/wp\/v2\/product"}],"about":[{"href":"https:\/\/legrenierdelatour.be\/brocante\/wp-json\/wp\/v2\/types\/product"}],"replies":[{"embeddable":true,"href":"https:\/\/legrenierdelatour.be\/brocante\/wp-json\/wp\/v2\/comments?post=11279"}],"wp:featuredmedia":[{"embeddable":true,"href":"https:\/\/legrenierdelatour.be\/brocante\/wp-json\/wp\/v2\/media\/11275"}],"wp:attachment":[{"href":"https:\/\/legrenierdelatour.be\/brocante\/wp-json\/wp\/v2\/media?parent=11279"}],"wp:term":[{"taxonomy":"product_brand","embeddable":true,"href":"https:\/\/legrenierdelatour.be\/brocante\/wp-json\/wp\/v2\/product_brand?post=11279"},{"taxonomy":"product_cat","embeddable":true,"href":"https:\/\/legrenierdelatour.be\/brocante\/wp-json\/wp\/v2\/product_cat?post=11279"},{"taxonomy":"product_tag","embeddable":true,"href":"https:\/\/legrenierdelatour.be\/brocante\/wp-json\/wp\/v2\/product_tag?post=11279"}],"curies":[{"name":"wp","href":"https:\/\/api.w.org\/{rel}","templated":true}]}}