{"id":11264,"date":"2025-08-23T09:42:59","date_gmt":"2025-08-23T07:42:59","guid":{"rendered":"https:\/\/legrenierdelatour.be\/brocante\/?post_type=product&#038;p=11264"},"modified":"2025-08-23T09:42:59","modified_gmt":"2025-08-23T07:42:59","slug":"plateau-en-bois-marquete-emile-galle-art-nouveau","status":"publish","type":"product","link":"https:\/\/legrenierdelatour.be\/brocante\/produit\/plateau-en-bois-marquete-emile-galle-art-nouveau\/","title":{"rendered":"Plateau en bois marquet\u00e9, Emile Gall\u00e9, Art Nouveau"},"content":{"rendered":"<p>Joli plateau (39&#215;32 cm) en bois marquet\u00e9, sign\u00e9 Gall\u00e9 E en bas \u00e0 droite. Le plateau est en tr\u00e8s bel \u00e9tat. Emile Gall\u00e9 (1846-1904 Nancy) est un industriel, ma\u00eetre verrier, \u00e9b\u00e9niste et c\u00e9ramiste fran\u00e7ais. il est le fondateur de l\u2019Ecole de NancyE Gall\u00e9 est une des figures les plus marquantes des arts appliqu\u00e9s de son \u00e9poque, un pionnier de l\u2019Art Nouveau.<\/p>\n<div>R\u00e9f 45.39<\/div>\n","protected":false},"excerpt":{"rendered":"<p>Joli plateau (39&#215;32 cm) en bois marquet\u00e9, sign\u00e9 Gall\u00e9 E en bas \u00e0 droite. Le plateau est en tr\u00e8s bel \u00e9tat. Emile Gall\u00e9 (1846-1904 Nancy) est un industriel, ma\u00eetre verrier, \u00e9b\u00e9niste et c\u00e9ramiste fran\u00e7ais. il est le fondateur de l\u2019Ecole de NancyE Gall\u00e9 est une des figures les plus marquantes des arts appliqu\u00e9s de son&hellip;&nbsp;<a href=\"https:\/\/legrenierdelatour.be\/brocante\/produit\/plateau-en-bois-marquete-emile-galle-art-nouveau\/\" class=\"\" rel=\"bookmark\">Lire la suite &raquo;<span class=\"screen-reader-text\">Plateau en bois marquet\u00e9, Emile Gall\u00e9, Art Nouveau<\/span><\/a><\/p>\n","protected":false},"featured_media":11261,"comment_status":"open","ping_status":"closed","template":"","meta":{"neve_meta_sidebar":"","neve_meta_container":"","neve_meta_enable_content_width":"off","neve_meta_content_width":100,"neve_meta_title_alignment":"","neve_meta_author_avatar":"","neve_post_elements_order":"","neve_meta_disable_header":"","neve_meta_disable_footer":"","neve_meta_disable_title":""},"product_brand":[],"product_cat":[23],"product_tag":[],"class_list":{"0":"post-11264","1":"product","2":"type-product","3":"status-publish","4":"has-post-thumbnail","6":"product_cat-mobilier","8":"first","9":"instock","10":"shipping-taxable","11":"purchasable","12":"product-type-simple"},"_links":{"self":[{"href":"https:\/\/legrenierdelatour.be\/brocante\/wp-json\/wp\/v2\/product\/11264","targetHints":{"allow":["GET"]}}],"collection":[{"href":"https:\/\/legrenierdelatour.be\/brocante\/wp-json\/wp\/v2\/product"}],"about":[{"href":"https:\/\/legrenierdelatour.be\/brocante\/wp-json\/wp\/v2\/types\/product"}],"replies":[{"embeddable":true,"href":"https:\/\/legrenierdelatour.be\/brocante\/wp-json\/wp\/v2\/comments?post=11264"}],"wp:featuredmedia":[{"embeddable":true,"href":"https:\/\/legrenierdelatour.be\/brocante\/wp-json\/wp\/v2\/media\/11261"}],"wp:attachment":[{"href":"https:\/\/legrenierdelatour.be\/brocante\/wp-json\/wp\/v2\/media?parent=11264"}],"wp:term":[{"taxonomy":"product_brand","embeddable":true,"href":"https:\/\/legrenierdelatour.be\/brocante\/wp-json\/wp\/v2\/product_brand?post=11264"},{"taxonomy":"product_cat","embeddable":true,"href":"https:\/\/legrenierdelatour.be\/brocante\/wp-json\/wp\/v2\/product_cat?post=11264"},{"taxonomy":"product_tag","embeddable":true,"href":"https:\/\/legrenierdelatour.be\/brocante\/wp-json\/wp\/v2\/product_tag?post=11264"}],"curies":[{"name":"wp","href":"https:\/\/api.w.org\/{rel}","templated":true}]}}