{"id":11256,"date":"2025-08-23T09:28:03","date_gmt":"2025-08-23T07:28:03","guid":{"rendered":"https:\/\/legrenierdelatour.be\/brocante\/?post_type=product&#038;p=11256"},"modified":"2025-08-23T09:28:03","modified_gmt":"2025-08-23T07:28:03","slug":"aquarelle-bord-du-ton-en-hiver-jean-lejour","status":"publish","type":"product","link":"https:\/\/legrenierdelatour.be\/brocante\/produit\/aquarelle-bord-du-ton-en-hiver-jean-lejour\/","title":{"rendered":"Aquarelle \u00ab\u00a0Bord du Ton en Hiver\u00a0\u00bb, Jean Lejour"},"content":{"rendered":"<p>Aquarelle (45,5&#215;55 cm) repr\u00e9senatnt \u00ab Bord du Ton en hiver \u00bb, 1969 (dat\u00e9 au verso) sign\u00e9e en bas \u00e0 gauche Lejour. \u00a0Jean Lejour (1913 Ellezelles-1990 Virton), professeur d\u2019\u00e9ducation plastique notamment \u00e0 l\u2019Ath\u00e9n\u00e9e royal de Virton \u00e0 partir de 1942, il sera le professeur de Pierre Chariot. S\u2019il commence \u00e0 peindre \u00e0 l\u2019huile, il s\u2019oriente vers l\u2019aquarelle qu\u2019il choisira exclusivement en 1952, car \u00ab\u00a0l\u2019aquarelle est l\u2019alli\u00e9e naturelle de la po\u00e9sie\u00a0\u00bb. Il va tr\u00e8s vite de succ\u00e8s en succ\u00e8s et expose \u00e0 Virton, Bruxelles, Mons, Tournai, Bruges, Arlon,\u2026 et participe \u00e0 de nombreux Salons, \u00e0 Luxembourg, Paris, Italie, New-York\u2026 Il obtient un premier prix \u00e0 Deauville en 1954, un deuxi\u00e8me \u00e0 New York en 1968, un premier encore \u00e0 Paris en 1974. Influenc\u00e9 par Turner, Pissaro et Monet, il peint des atmosph\u00e8res vibrantes, en virtuose de l&rsquo;aquarelle; l\u2019eau et le ciel estompent paysages et sujet. L\u2019arbre et l\u2019arbuste comptent parmi ses principaux th\u00e8mes. ( Sources : \u00ab\u00a0Dictionnaire des peintres du Luxembourg belge \u00bb et \u00ab \u00a0Peintres en for\u00eat, La for\u00eat wallonne dans la peinture \u00bb ).<\/p>\n<div>R\u00e9f 45.38<\/div>\n","protected":false},"excerpt":{"rendered":"<p>Aquarelle (45,5&#215;55 cm) repr\u00e9senatnt \u00ab Bord du Ton en hiver \u00bb, 1969 (dat\u00e9 au verso) sign\u00e9e en bas \u00e0 gauche Lejour. \u00a0Jean Lejour (1913 Ellezelles-1990 Virton), professeur d\u2019\u00e9ducation plastique notamment \u00e0 l\u2019Ath\u00e9n\u00e9e royal de Virton \u00e0 partir de 1942, il sera le professeur de Pierre Chariot. S\u2019il commence \u00e0 peindre \u00e0 l\u2019huile, il s\u2019oriente vers&hellip;&nbsp;<a href=\"https:\/\/legrenierdelatour.be\/brocante\/produit\/aquarelle-bord-du-ton-en-hiver-jean-lejour\/\" class=\"\" rel=\"bookmark\">Lire la suite &raquo;<span class=\"screen-reader-text\">Aquarelle \u00ab\u00a0Bord du Ton en Hiver\u00a0\u00bb, Jean Lejour<\/span><\/a><\/p>\n","protected":false},"featured_media":11259,"comment_status":"open","ping_status":"closed","template":"","meta":{"neve_meta_sidebar":"","neve_meta_container":"","neve_meta_enable_content_width":"off","neve_meta_content_width":100,"neve_meta_title_alignment":"","neve_meta_author_avatar":"","neve_post_elements_order":"","neve_meta_disable_header":"","neve_meta_disable_footer":"","neve_meta_disable_title":""},"product_brand":[],"product_cat":[31,167],"product_tag":[],"class_list":{"0":"post-11256","1":"product","2":"type-product","3":"status-publish","4":"has-post-thumbnail","6":"product_cat-pays-darlon","7":"product_cat-peintures-et-sculptures","9":"first","10":"instock","11":"shipping-taxable","12":"purchasable","13":"product-type-simple"},"_links":{"self":[{"href":"https:\/\/legrenierdelatour.be\/brocante\/wp-json\/wp\/v2\/product\/11256","targetHints":{"allow":["GET"]}}],"collection":[{"href":"https:\/\/legrenierdelatour.be\/brocante\/wp-json\/wp\/v2\/product"}],"about":[{"href":"https:\/\/legrenierdelatour.be\/brocante\/wp-json\/wp\/v2\/types\/product"}],"replies":[{"embeddable":true,"href":"https:\/\/legrenierdelatour.be\/brocante\/wp-json\/wp\/v2\/comments?post=11256"}],"wp:featuredmedia":[{"embeddable":true,"href":"https:\/\/legrenierdelatour.be\/brocante\/wp-json\/wp\/v2\/media\/11259"}],"wp:attachment":[{"href":"https:\/\/legrenierdelatour.be\/brocante\/wp-json\/wp\/v2\/media?parent=11256"}],"wp:term":[{"taxonomy":"product_brand","embeddable":true,"href":"https:\/\/legrenierdelatour.be\/brocante\/wp-json\/wp\/v2\/product_brand?post=11256"},{"taxonomy":"product_cat","embeddable":true,"href":"https:\/\/legrenierdelatour.be\/brocante\/wp-json\/wp\/v2\/product_cat?post=11256"},{"taxonomy":"product_tag","embeddable":true,"href":"https:\/\/legrenierdelatour.be\/brocante\/wp-json\/wp\/v2\/product_tag?post=11256"}],"curies":[{"name":"wp","href":"https:\/\/api.w.org\/{rel}","templated":true}]}}