{"id":11245,"date":"2025-08-22T16:09:57","date_gmt":"2025-08-22T14:09:57","guid":{"rendered":"https:\/\/legrenierdelatour.be\/brocante\/?post_type=product&#038;p=11245"},"modified":"2025-08-22T16:09:57","modified_gmt":"2025-08-22T14:09:57","slug":"pichet-barbotine-les-jardiniers-wasmuel-1900","status":"publish","type":"product","link":"https:\/\/legrenierdelatour.be\/brocante\/produit\/pichet-barbotine-les-jardiniers-wasmuel-1900\/","title":{"rendered":"Pichet barbotine, Les Jardiniers, Wasmuel, 1900"},"content":{"rendered":"<p>Beau pichet en faience barbotine (12,5 cm de haut) repr\u00e9sentant sur les deux c\u00f4t\u00e9s des jardiniers au travail. Ce pichet en tr\u00e8s bon \u00e9tat porte le num\u00e9ro 7 peint dessous. Il s\u2019agit d\u2019une production de la fa\u00efencerie de Wasm\u00fcel, sans doute autour de 1900.<\/p>\n<div>R\u00e9f 45.34<\/div>\n","protected":false},"excerpt":{"rendered":"<p>Beau pichet en faience barbotine (12,5 cm de haut) repr\u00e9sentant sur les deux c\u00f4t\u00e9s des jardiniers au travail. Ce pichet en tr\u00e8s bon \u00e9tat porte le num\u00e9ro 7 peint dessous. Il s\u2019agit d\u2019une production de la fa\u00efencerie de Wasm\u00fcel, sans doute autour de 1900. R\u00e9f 45.34<\/p>\n","protected":false},"featured_media":11246,"comment_status":"open","ping_status":"closed","template":"","meta":{"neve_meta_sidebar":"","neve_meta_container":"","neve_meta_enable_content_width":"off","neve_meta_content_width":100,"neve_meta_title_alignment":"","neve_meta_author_avatar":"","neve_post_elements_order":"","neve_meta_disable_header":"","neve_meta_disable_footer":"","neve_meta_disable_title":""},"product_brand":[],"product_cat":[37,16,178],"product_tag":[],"class_list":{"0":"post-11245","1":"product","2":"type-product","3":"status-publish","4":"has-post-thumbnail","6":"product_cat-belgique","7":"product_cat-ceramique","8":"product_cat-waesmuel","10":"first","11":"instock","12":"shipping-taxable","13":"purchasable","14":"product-type-simple"},"_links":{"self":[{"href":"https:\/\/legrenierdelatour.be\/brocante\/wp-json\/wp\/v2\/product\/11245","targetHints":{"allow":["GET"]}}],"collection":[{"href":"https:\/\/legrenierdelatour.be\/brocante\/wp-json\/wp\/v2\/product"}],"about":[{"href":"https:\/\/legrenierdelatour.be\/brocante\/wp-json\/wp\/v2\/types\/product"}],"replies":[{"embeddable":true,"href":"https:\/\/legrenierdelatour.be\/brocante\/wp-json\/wp\/v2\/comments?post=11245"}],"wp:featuredmedia":[{"embeddable":true,"href":"https:\/\/legrenierdelatour.be\/brocante\/wp-json\/wp\/v2\/media\/11246"}],"wp:attachment":[{"href":"https:\/\/legrenierdelatour.be\/brocante\/wp-json\/wp\/v2\/media?parent=11245"}],"wp:term":[{"taxonomy":"product_brand","embeddable":true,"href":"https:\/\/legrenierdelatour.be\/brocante\/wp-json\/wp\/v2\/product_brand?post=11245"},{"taxonomy":"product_cat","embeddable":true,"href":"https:\/\/legrenierdelatour.be\/brocante\/wp-json\/wp\/v2\/product_cat?post=11245"},{"taxonomy":"product_tag","embeddable":true,"href":"https:\/\/legrenierdelatour.be\/brocante\/wp-json\/wp\/v2\/product_tag?post=11245"}],"curies":[{"name":"wp","href":"https:\/\/api.w.org\/{rel}","templated":true}]}}