{"id":11241,"date":"2025-08-22T15:50:44","date_gmt":"2025-08-22T13:50:44","guid":{"rendered":"https:\/\/legrenierdelatour.be\/brocante\/?post_type=product&#038;p=11241"},"modified":"2025-08-22T15:51:47","modified_gmt":"2025-08-22T13:51:47","slug":"plaque-de-schiste-vierge-a-lenfant","status":"publish","type":"product","link":"https:\/\/legrenierdelatour.be\/brocante\/produit\/plaque-de-schiste-vierge-a-lenfant\/","title":{"rendered":"Plaque de schiste, Vierge \u00e0 l&rsquo;Enfant"},"content":{"rendered":"<p>Belle plaque en schiste sans doute de Martelange (15&#215;29 cm) prtant une repr\u00e9sentation grav\u00e9e de la Vierge avec l\u2019Enfant. Elle est sign\u00e9e en bas \u00e0 droite \u00ab\u00a0NIC\u00a0\u00bb. L\u2019ariste n\u2019a pas pu \u00eatre identifi\u00e9.<\/p>\n<div>R\u00e9f 45.32<\/div>\n","protected":false},"excerpt":{"rendered":"<p>Belle plaque en schiste sans doute de Martelange (15&#215;29 cm) prtant une repr\u00e9sentation grav\u00e9e de la Vierge avec l\u2019Enfant. Elle est sign\u00e9e en bas \u00e0 droite \u00ab\u00a0NIC\u00a0\u00bb. L\u2019ariste n\u2019a pas pu \u00eatre identifi\u00e9. R\u00e9f 45.32<\/p>\n","protected":false},"featured_media":11242,"comment_status":"open","ping_status":"closed","template":"","meta":{"neve_meta_sidebar":"","neve_meta_container":"","neve_meta_enable_content_width":"off","neve_meta_content_width":100,"neve_meta_title_alignment":"","neve_meta_author_avatar":"","neve_post_elements_order":"","neve_meta_disable_header":"","neve_meta_disable_footer":"","neve_meta_disable_title":""},"product_brand":[],"product_cat":[31,167,34],"product_tag":[],"class_list":{"0":"post-11241","1":"product","2":"type-product","3":"status-publish","4":"has-post-thumbnail","6":"product_cat-pays-darlon","7":"product_cat-peintures-et-sculptures","8":"product_cat-religiosa","10":"first","11":"instock","12":"shipping-taxable","13":"purchasable","14":"product-type-simple"},"_links":{"self":[{"href":"https:\/\/legrenierdelatour.be\/brocante\/wp-json\/wp\/v2\/product\/11241","targetHints":{"allow":["GET"]}}],"collection":[{"href":"https:\/\/legrenierdelatour.be\/brocante\/wp-json\/wp\/v2\/product"}],"about":[{"href":"https:\/\/legrenierdelatour.be\/brocante\/wp-json\/wp\/v2\/types\/product"}],"replies":[{"embeddable":true,"href":"https:\/\/legrenierdelatour.be\/brocante\/wp-json\/wp\/v2\/comments?post=11241"}],"wp:featuredmedia":[{"embeddable":true,"href":"https:\/\/legrenierdelatour.be\/brocante\/wp-json\/wp\/v2\/media\/11242"}],"wp:attachment":[{"href":"https:\/\/legrenierdelatour.be\/brocante\/wp-json\/wp\/v2\/media?parent=11241"}],"wp:term":[{"taxonomy":"product_brand","embeddable":true,"href":"https:\/\/legrenierdelatour.be\/brocante\/wp-json\/wp\/v2\/product_brand?post=11241"},{"taxonomy":"product_cat","embeddable":true,"href":"https:\/\/legrenierdelatour.be\/brocante\/wp-json\/wp\/v2\/product_cat?post=11241"},{"taxonomy":"product_tag","embeddable":true,"href":"https:\/\/legrenierdelatour.be\/brocante\/wp-json\/wp\/v2\/product_tag?post=11241"}],"curies":[{"name":"wp","href":"https:\/\/api.w.org\/{rel}","templated":true}]}}