{"id":11233,"date":"2025-08-21T18:48:59","date_gmt":"2025-08-21T16:48:59","guid":{"rendered":"https:\/\/legrenierdelatour.be\/brocante\/?post_type=product&#038;p=11233"},"modified":"2025-08-21T18:48:59","modified_gmt":"2025-08-21T16:48:59","slug":"petite-aquarelle-paysage-jel-jacob","status":"publish","type":"product","link":"https:\/\/legrenierdelatour.be\/brocante\/produit\/petite-aquarelle-paysage-jel-jacob\/","title":{"rendered":"Petite aquarelle \u00ab\u00a0Paysage\u00a0\u00bb, JEL Jacob"},"content":{"rendered":"<p>Petite aquarelle (10&#215;14 cm cadre compris) d\u2019un paysage de campagne, sign\u00e9e en bas \u00e0 droite Jacob JEL. Elle porte le certificat d&rsquo;authenticit\u00e9 \u00e0 l&rsquo;arri\u00e8re. Jacques E.L Jacob est un artiste n\u00e9 en Gaume 1949. D\u00e8s 1985, ses oeuvres sont expos\u00e9es en Europe, Am\u00e9rique, Asie. Il a cr\u00e9\u00e9 sa propre acad\u00e9mie et forme de nombreux artistes. Acteur de th\u00e9\u00e2tre et \u00e9crivain (Rien ne sert d\u2019oublier, Le manteau noir\u2026), il cr\u00e9e en 2003 les \u00e9ditions Am\u00e9thyste.<\/p>\n<div>R\u00e9f 45.30<\/div>\n","protected":false},"excerpt":{"rendered":"<p>Petite aquarelle (10&#215;14 cm cadre compris) d\u2019un paysage de campagne, sign\u00e9e en bas \u00e0 droite Jacob JEL. Elle porte le certificat d&rsquo;authenticit\u00e9 \u00e0 l&rsquo;arri\u00e8re. Jacques E.L Jacob est un artiste n\u00e9 en Gaume 1949. D\u00e8s 1985, ses oeuvres sont expos\u00e9es en Europe, Am\u00e9rique, Asie. Il a cr\u00e9\u00e9 sa propre acad\u00e9mie et forme de nombreux artistes.&hellip;&nbsp;<a href=\"https:\/\/legrenierdelatour.be\/brocante\/produit\/petite-aquarelle-paysage-jel-jacob\/\" class=\"\" rel=\"bookmark\">Lire la suite &raquo;<span class=\"screen-reader-text\">Petite aquarelle \u00ab\u00a0Paysage\u00a0\u00bb, JEL Jacob<\/span><\/a><\/p>\n","protected":false},"featured_media":11234,"comment_status":"open","ping_status":"closed","template":"","meta":{"neve_meta_sidebar":"","neve_meta_container":"","neve_meta_enable_content_width":"off","neve_meta_content_width":100,"neve_meta_title_alignment":"","neve_meta_author_avatar":"","neve_post_elements_order":"","neve_meta_disable_header":"","neve_meta_disable_footer":"","neve_meta_disable_title":""},"product_brand":[],"product_cat":[31,167],"product_tag":[],"class_list":{"0":"post-11233","1":"product","2":"type-product","3":"status-publish","4":"has-post-thumbnail","6":"product_cat-pays-darlon","7":"product_cat-peintures-et-sculptures","9":"first","10":"instock","11":"shipping-taxable","12":"purchasable","13":"product-type-simple"},"_links":{"self":[{"href":"https:\/\/legrenierdelatour.be\/brocante\/wp-json\/wp\/v2\/product\/11233","targetHints":{"allow":["GET"]}}],"collection":[{"href":"https:\/\/legrenierdelatour.be\/brocante\/wp-json\/wp\/v2\/product"}],"about":[{"href":"https:\/\/legrenierdelatour.be\/brocante\/wp-json\/wp\/v2\/types\/product"}],"replies":[{"embeddable":true,"href":"https:\/\/legrenierdelatour.be\/brocante\/wp-json\/wp\/v2\/comments?post=11233"}],"wp:featuredmedia":[{"embeddable":true,"href":"https:\/\/legrenierdelatour.be\/brocante\/wp-json\/wp\/v2\/media\/11234"}],"wp:attachment":[{"href":"https:\/\/legrenierdelatour.be\/brocante\/wp-json\/wp\/v2\/media?parent=11233"}],"wp:term":[{"taxonomy":"product_brand","embeddable":true,"href":"https:\/\/legrenierdelatour.be\/brocante\/wp-json\/wp\/v2\/product_brand?post=11233"},{"taxonomy":"product_cat","embeddable":true,"href":"https:\/\/legrenierdelatour.be\/brocante\/wp-json\/wp\/v2\/product_cat?post=11233"},{"taxonomy":"product_tag","embeddable":true,"href":"https:\/\/legrenierdelatour.be\/brocante\/wp-json\/wp\/v2\/product_tag?post=11233"}],"curies":[{"name":"wp","href":"https:\/\/api.w.org\/{rel}","templated":true}]}}