{"id":11229,"date":"2025-08-13T08:17:04","date_gmt":"2025-08-13T06:17:04","guid":{"rendered":"https:\/\/legrenierdelatour.be\/brocante\/?post_type=product&#038;p=11229"},"modified":"2025-08-13T11:28:15","modified_gmt":"2025-08-13T09:28:15","slug":"lampe-raak-orange-vintage","status":"publish","type":"product","link":"https:\/\/legrenierdelatour.be\/brocante\/produit\/lampe-raak-orange-vintage\/","title":{"rendered":"Lampe Raak orange, vintage"},"content":{"rendered":"<p>Suspension \u00e9quip\u00e9e de 1 feu de couleur chrome et orange. Il s\u2019agit d&rsquo;une lampe attribu\u00e9e \u00e0 la manufacture \u00ab\u00a0Raak\u00a0\u00bb \u00e0 Amsterdam (manufacture cr\u00e9\u00e9e en 1954). La lampe date des ann\u00e9es 1960-1970, de style Space Age. Elle se compose d\u2019un chapeau chrom\u00e9 d\u2019o\u00f9\u00a0part le\u00a0feu. Celui -ci comporte une partie\u00a0en verre structur\u00e9 transparant, recouverte d\u2019une partie m\u00e9tallique trou\u00e9e et d\u2019une couronne de couleur orange<\/p>\n<div>R\u00e9f. 45.26<\/div>\n","protected":false},"excerpt":{"rendered":"<p>Suspension \u00e9quip\u00e9e de 1 feu de couleur chrome et orange. Il s\u2019agit d&rsquo;une lampe attribu\u00e9e \u00e0 la manufacture \u00ab\u00a0Raak\u00a0\u00bb \u00e0 Amsterdam (manufacture cr\u00e9\u00e9e en 1954). La lampe date des ann\u00e9es 1960-1970, de style Space Age. Elle se compose d\u2019un chapeau chrom\u00e9 d\u2019o\u00f9\u00a0part le\u00a0feu. Celui -ci comporte une partie\u00a0en verre structur\u00e9 transparant, recouverte d\u2019une partie m\u00e9tallique&hellip;&nbsp;<a href=\"https:\/\/legrenierdelatour.be\/brocante\/produit\/lampe-raak-orange-vintage\/\" class=\"\" rel=\"bookmark\">Lire la suite &raquo;<span class=\"screen-reader-text\">Lampe Raak orange, vintage<\/span><\/a><\/p>\n","protected":false},"featured_media":11230,"comment_status":"open","ping_status":"closed","template":"","meta":{"neve_meta_sidebar":"","neve_meta_container":"","neve_meta_enable_content_width":"off","neve_meta_content_width":100,"neve_meta_title_alignment":"","neve_meta_author_avatar":"","neve_post_elements_order":"","neve_meta_disable_header":"","neve_meta_disable_footer":"","neve_meta_disable_title":""},"product_brand":[],"product_cat":[24],"product_tag":[],"class_list":{"0":"post-11229","1":"product","2":"type-product","3":"status-publish","4":"has-post-thumbnail","6":"product_cat-luminaires","8":"first","9":"instock","10":"shipping-taxable","11":"purchasable","12":"product-type-simple"},"_links":{"self":[{"href":"https:\/\/legrenierdelatour.be\/brocante\/wp-json\/wp\/v2\/product\/11229","targetHints":{"allow":["GET"]}}],"collection":[{"href":"https:\/\/legrenierdelatour.be\/brocante\/wp-json\/wp\/v2\/product"}],"about":[{"href":"https:\/\/legrenierdelatour.be\/brocante\/wp-json\/wp\/v2\/types\/product"}],"replies":[{"embeddable":true,"href":"https:\/\/legrenierdelatour.be\/brocante\/wp-json\/wp\/v2\/comments?post=11229"}],"wp:featuredmedia":[{"embeddable":true,"href":"https:\/\/legrenierdelatour.be\/brocante\/wp-json\/wp\/v2\/media\/11230"}],"wp:attachment":[{"href":"https:\/\/legrenierdelatour.be\/brocante\/wp-json\/wp\/v2\/media?parent=11229"}],"wp:term":[{"taxonomy":"product_brand","embeddable":true,"href":"https:\/\/legrenierdelatour.be\/brocante\/wp-json\/wp\/v2\/product_brand?post=11229"},{"taxonomy":"product_cat","embeddable":true,"href":"https:\/\/legrenierdelatour.be\/brocante\/wp-json\/wp\/v2\/product_cat?post=11229"},{"taxonomy":"product_tag","embeddable":true,"href":"https:\/\/legrenierdelatour.be\/brocante\/wp-json\/wp\/v2\/product_tag?post=11229"}],"curies":[{"name":"wp","href":"https:\/\/api.w.org\/{rel}","templated":true}]}}