{"id":11225,"date":"2025-08-11T09:58:51","date_gmt":"2025-08-11T07:58:51","guid":{"rendered":"https:\/\/legrenierdelatour.be\/brocante\/?post_type=product&#038;p=11225"},"modified":"2025-08-11T09:58:51","modified_gmt":"2025-08-11T07:58:51","slug":"assiettes-de-collection-autelbas-d-helaut-decoart","status":"publish","type":"product","link":"https:\/\/legrenierdelatour.be\/brocante\/produit\/assiettes-de-collection-autelbas-d-helaut-decoart\/","title":{"rendered":"Assiettes de collection Autelbas, D H\u00e9laut, D\u00e9coart"},"content":{"rendered":"<p>Ensemble de 4 assiettes en porcelaine (21 cm de diam\u00e8tre) reprenant les repr\u00e9sentations de 4 monuments d\u2019Autelbas. Cette s\u00e9rie a \u00e9t\u00e9 dessin\u00e9e par David H\u00e9laut et r\u00e9alis\u00e9es par l\u2019Atelier D\u00e9cor Art en 1998. Elles sont neuves, avec leur certificat d\u2019authenticit\u00e9. En tirage limit\u00e9, elles sont num\u00e9rot\u00e9es 17\/50 et sign\u00e9es par l\u2019artiste.<\/p>\n<div>Elles sont vendues \u00e0 la pi\u00e8ce au prix de 20\u20ac.<\/p>\n<div>R\u00e9f 45.21<\/div>\n<\/div>\n","protected":false},"excerpt":{"rendered":"<p>Ensemble de 4 assiettes en porcelaine (21 cm de diam\u00e8tre) reprenant les repr\u00e9sentations de 4 monuments d\u2019Autelbas. Cette s\u00e9rie a \u00e9t\u00e9 dessin\u00e9e par David H\u00e9laut et r\u00e9alis\u00e9es par l\u2019Atelier D\u00e9cor Art en 1998. Elles sont neuves, avec leur certificat d\u2019authenticit\u00e9. En tirage limit\u00e9, elles sont num\u00e9rot\u00e9es 17\/50 et sign\u00e9es par l\u2019artiste. Elles sont vendues \u00e0&hellip;&nbsp;<a href=\"https:\/\/legrenierdelatour.be\/brocante\/produit\/assiettes-de-collection-autelbas-d-helaut-decoart\/\" class=\"\" rel=\"bookmark\">Lire la suite &raquo;<span class=\"screen-reader-text\">Assiettes de collection Autelbas, D H\u00e9laut, D\u00e9coart<\/span><\/a><\/p>\n","protected":false},"featured_media":11221,"comment_status":"open","ping_status":"closed","template":"","meta":{"neve_meta_sidebar":"","neve_meta_container":"","neve_meta_enable_content_width":"off","neve_meta_content_width":100,"neve_meta_title_alignment":"","neve_meta_author_avatar":"","neve_post_elements_order":"","neve_meta_disable_header":"","neve_meta_disable_footer":"","neve_meta_disable_title":""},"product_brand":[],"product_cat":[16,31],"product_tag":[],"class_list":{"0":"post-11225","1":"product","2":"type-product","3":"status-publish","4":"has-post-thumbnail","6":"product_cat-ceramique","7":"product_cat-pays-darlon","9":"first","10":"instock","11":"shipping-taxable","12":"purchasable","13":"product-type-simple"},"_links":{"self":[{"href":"https:\/\/legrenierdelatour.be\/brocante\/wp-json\/wp\/v2\/product\/11225","targetHints":{"allow":["GET"]}}],"collection":[{"href":"https:\/\/legrenierdelatour.be\/brocante\/wp-json\/wp\/v2\/product"}],"about":[{"href":"https:\/\/legrenierdelatour.be\/brocante\/wp-json\/wp\/v2\/types\/product"}],"replies":[{"embeddable":true,"href":"https:\/\/legrenierdelatour.be\/brocante\/wp-json\/wp\/v2\/comments?post=11225"}],"wp:featuredmedia":[{"embeddable":true,"href":"https:\/\/legrenierdelatour.be\/brocante\/wp-json\/wp\/v2\/media\/11221"}],"wp:attachment":[{"href":"https:\/\/legrenierdelatour.be\/brocante\/wp-json\/wp\/v2\/media?parent=11225"}],"wp:term":[{"taxonomy":"product_brand","embeddable":true,"href":"https:\/\/legrenierdelatour.be\/brocante\/wp-json\/wp\/v2\/product_brand?post=11225"},{"taxonomy":"product_cat","embeddable":true,"href":"https:\/\/legrenierdelatour.be\/brocante\/wp-json\/wp\/v2\/product_cat?post=11225"},{"taxonomy":"product_tag","embeddable":true,"href":"https:\/\/legrenierdelatour.be\/brocante\/wp-json\/wp\/v2\/product_tag?post=11225"}],"curies":[{"name":"wp","href":"https:\/\/api.w.org\/{rel}","templated":true}]}}