{"id":11223,"date":"2025-08-10T17:56:56","date_gmt":"2025-08-10T15:56:56","guid":{"rendered":"https:\/\/legrenierdelatour.be\/brocante\/?post_type=product&#038;p=11223"},"modified":"2025-08-10T17:56:56","modified_gmt":"2025-08-10T15:56:56","slug":"vase-en-ceramique-christiane-vanhauwaert-2","status":"publish","type":"product","link":"https:\/\/legrenierdelatour.be\/brocante\/produit\/vase-en-ceramique-christiane-vanhauwaert-2\/","title":{"rendered":"Vase en c\u00e9ramique, Christiane Vanhauwaert"},"content":{"rendered":"<p>Vase en c\u00e9ramique (15 cm de haut) sign\u00e9 en dessous du monogramme de l\u2019artiste Christiane Vanhauwaert (1941-Arlon 2024), peintre et c\u00e9ramiste qui fut longtemps enseignant des Arts Plastiques \u00e0 Martelange. Elle a \u00e9t\u00e9 form\u00e9e aupr\u00e8s de c\u00e9ramistes tels que Lampecco, Ransonnet\u2026<\/p>\n<div>R\u00e9f 45.17<\/div>\n","protected":false},"excerpt":{"rendered":"<p>Vase en c\u00e9ramique (15 cm de haut) sign\u00e9 en dessous du monogramme de l\u2019artiste Christiane Vanhauwaert (1941-Arlon 2024), peintre et c\u00e9ramiste qui fut longtemps enseignant des Arts Plastiques \u00e0 Martelange. Elle a \u00e9t\u00e9 form\u00e9e aupr\u00e8s de c\u00e9ramistes tels que Lampecco, Ransonnet\u2026 R\u00e9f 45.17<\/p>\n","protected":false},"featured_media":11217,"comment_status":"open","ping_status":"closed","template":"","meta":{"neve_meta_sidebar":"","neve_meta_container":"","neve_meta_enable_content_width":"off","neve_meta_content_width":100,"neve_meta_title_alignment":"","neve_meta_author_avatar":"","neve_post_elements_order":"","neve_meta_disable_header":"","neve_meta_disable_footer":"","neve_meta_disable_title":""},"product_brand":[],"product_cat":[37,16,31],"product_tag":[],"class_list":{"0":"post-11223","1":"product","2":"type-product","3":"status-publish","4":"has-post-thumbnail","6":"product_cat-belgique","7":"product_cat-ceramique","8":"product_cat-pays-darlon","10":"first","11":"instock","12":"shipping-taxable","13":"purchasable","14":"product-type-simple"},"_links":{"self":[{"href":"https:\/\/legrenierdelatour.be\/brocante\/wp-json\/wp\/v2\/product\/11223","targetHints":{"allow":["GET"]}}],"collection":[{"href":"https:\/\/legrenierdelatour.be\/brocante\/wp-json\/wp\/v2\/product"}],"about":[{"href":"https:\/\/legrenierdelatour.be\/brocante\/wp-json\/wp\/v2\/types\/product"}],"replies":[{"embeddable":true,"href":"https:\/\/legrenierdelatour.be\/brocante\/wp-json\/wp\/v2\/comments?post=11223"}],"wp:featuredmedia":[{"embeddable":true,"href":"https:\/\/legrenierdelatour.be\/brocante\/wp-json\/wp\/v2\/media\/11217"}],"wp:attachment":[{"href":"https:\/\/legrenierdelatour.be\/brocante\/wp-json\/wp\/v2\/media?parent=11223"}],"wp:term":[{"taxonomy":"product_brand","embeddable":true,"href":"https:\/\/legrenierdelatour.be\/brocante\/wp-json\/wp\/v2\/product_brand?post=11223"},{"taxonomy":"product_cat","embeddable":true,"href":"https:\/\/legrenierdelatour.be\/brocante\/wp-json\/wp\/v2\/product_cat?post=11223"},{"taxonomy":"product_tag","embeddable":true,"href":"https:\/\/legrenierdelatour.be\/brocante\/wp-json\/wp\/v2\/product_tag?post=11223"}],"curies":[{"name":"wp","href":"https:\/\/api.w.org\/{rel}","templated":true}]}}