{"id":11212,"date":"2025-08-10T17:05:22","date_gmt":"2025-08-10T15:05:22","guid":{"rendered":"https:\/\/legrenierdelatour.be\/brocante\/?post_type=product&#038;p=11212"},"modified":"2025-08-10T17:43:57","modified_gmt":"2025-08-10T15:43:57","slug":"service-a-cafe-romantique-pour-enfant","status":"publish","type":"product","link":"https:\/\/legrenierdelatour.be\/brocante\/produit\/service-a-cafe-romantique-pour-enfant\/","title":{"rendered":"Service \u00e0 caf\u00e9 Romantique, pour enfant"},"content":{"rendered":"<p>Joli service \u00e0 caf\u00e9 en porcelainepour enfant, compos\u00e9 d\u2019une cafeti\u00e8re, d\u2019un sucrier, pot \u00e0 lait, 6 tasses et 6 Sous-tasses. Ce service n\u2019a pas de marque visible. Il pourte une d\u00e9coration d\u2019une sc\u00e8ne romantique. Ce service est en parfait \u00e9tat.<\/p>\n<div>R\u00e9f 45.14<\/div>\n","protected":false},"excerpt":{"rendered":"<p>Joli service \u00e0 caf\u00e9 en porcelainepour enfant, compos\u00e9 d\u2019une cafeti\u00e8re, d\u2019un sucrier, pot \u00e0 lait, 6 tasses et 6 Sous-tasses. Ce service n\u2019a pas de marque visible. Il pourte une d\u00e9coration d\u2019une sc\u00e8ne romantique. Ce service est en parfait \u00e9tat. R\u00e9f 45.14<\/p>\n","protected":false},"featured_media":11210,"comment_status":"open","ping_status":"closed","template":"","meta":{"neve_meta_sidebar":"","neve_meta_container":"","neve_meta_enable_content_width":"off","neve_meta_content_width":100,"neve_meta_title_alignment":"","neve_meta_author_avatar":"","neve_post_elements_order":"","neve_meta_disable_header":"","neve_meta_disable_footer":"","neve_meta_disable_title":""},"product_brand":[],"product_cat":[16,171],"product_tag":[],"class_list":{"0":"post-11212","1":"product","2":"type-product","3":"status-publish","4":"has-post-thumbnail","6":"product_cat-ceramique","7":"product_cat-jeux-et-jardin","9":"first","10":"instock","11":"shipping-taxable","12":"purchasable","13":"product-type-simple"},"_links":{"self":[{"href":"https:\/\/legrenierdelatour.be\/brocante\/wp-json\/wp\/v2\/product\/11212","targetHints":{"allow":["GET"]}}],"collection":[{"href":"https:\/\/legrenierdelatour.be\/brocante\/wp-json\/wp\/v2\/product"}],"about":[{"href":"https:\/\/legrenierdelatour.be\/brocante\/wp-json\/wp\/v2\/types\/product"}],"replies":[{"embeddable":true,"href":"https:\/\/legrenierdelatour.be\/brocante\/wp-json\/wp\/v2\/comments?post=11212"}],"wp:featuredmedia":[{"embeddable":true,"href":"https:\/\/legrenierdelatour.be\/brocante\/wp-json\/wp\/v2\/media\/11210"}],"wp:attachment":[{"href":"https:\/\/legrenierdelatour.be\/brocante\/wp-json\/wp\/v2\/media?parent=11212"}],"wp:term":[{"taxonomy":"product_brand","embeddable":true,"href":"https:\/\/legrenierdelatour.be\/brocante\/wp-json\/wp\/v2\/product_brand?post=11212"},{"taxonomy":"product_cat","embeddable":true,"href":"https:\/\/legrenierdelatour.be\/brocante\/wp-json\/wp\/v2\/product_cat?post=11212"},{"taxonomy":"product_tag","embeddable":true,"href":"https:\/\/legrenierdelatour.be\/brocante\/wp-json\/wp\/v2\/product_tag?post=11212"}],"curies":[{"name":"wp","href":"https:\/\/api.w.org\/{rel}","templated":true}]}}