{"id":11201,"date":"2025-08-10T16:56:03","date_gmt":"2025-08-10T14:56:03","guid":{"rendered":"https:\/\/legrenierdelatour.be\/brocante\/?post_type=product&#038;p=11201"},"modified":"2025-08-10T16:56:03","modified_gmt":"2025-08-10T14:56:03","slug":"aquarelle-eglise-josee-rochus-kraus","status":"publish","type":"product","link":"https:\/\/legrenierdelatour.be\/brocante\/produit\/aquarelle-eglise-josee-rochus-kraus\/","title":{"rendered":"Aquarelle \u00ab\u00a0Eglise\u00a0\u00bb, Jos\u00e9e Rochus-Kraus"},"content":{"rendered":"<p>Aquarelle (53&#215;43 cm cadre compris) repr\u00e9senatnt la fa\u00e7ade d\u2019une \u00e9glise, peut-\u00eatre celle de Rachecourt. Elle est sign\u00e9e en bas \u00e0 droite du monogramme de Jos\u00e9e Rochus-Kraus, qui a son atelier \u00e0 Rachecourt. Jos\u00e9e Rochus-Kraus a entre autres illustr\u00e9 l\u2019\u00e9dition de 2\u00e0\u00e0\u00a0\u00bb du livre Wintergr\u00fcn (Piconrue).<\/p>\n<div>R\u00e9f 45.13<\/div>\n","protected":false},"excerpt":{"rendered":"<p>Aquarelle (53&#215;43 cm cadre compris) repr\u00e9senatnt la fa\u00e7ade d\u2019une \u00e9glise, peut-\u00eatre celle de Rachecourt. Elle est sign\u00e9e en bas \u00e0 droite du monogramme de Jos\u00e9e Rochus-Kraus, qui a son atelier \u00e0 Rachecourt. Jos\u00e9e Rochus-Kraus a entre autres illustr\u00e9 l\u2019\u00e9dition de 2\u00e0\u00e0\u00a0\u00bb du livre Wintergr\u00fcn (Piconrue). R\u00e9f 45.13<\/p>\n","protected":false},"featured_media":11202,"comment_status":"open","ping_status":"closed","template":"","meta":{"neve_meta_sidebar":"","neve_meta_container":"","neve_meta_enable_content_width":"off","neve_meta_content_width":100,"neve_meta_title_alignment":"","neve_meta_author_avatar":"","neve_post_elements_order":"","neve_meta_disable_header":"","neve_meta_disable_footer":"","neve_meta_disable_title":""},"product_brand":[],"product_cat":[31,167],"product_tag":[],"class_list":{"0":"post-11201","1":"product","2":"type-product","3":"status-publish","4":"has-post-thumbnail","6":"product_cat-pays-darlon","7":"product_cat-peintures-et-sculptures","9":"first","10":"instock","11":"shipping-taxable","12":"purchasable","13":"product-type-simple"},"_links":{"self":[{"href":"https:\/\/legrenierdelatour.be\/brocante\/wp-json\/wp\/v2\/product\/11201","targetHints":{"allow":["GET"]}}],"collection":[{"href":"https:\/\/legrenierdelatour.be\/brocante\/wp-json\/wp\/v2\/product"}],"about":[{"href":"https:\/\/legrenierdelatour.be\/brocante\/wp-json\/wp\/v2\/types\/product"}],"replies":[{"embeddable":true,"href":"https:\/\/legrenierdelatour.be\/brocante\/wp-json\/wp\/v2\/comments?post=11201"}],"wp:featuredmedia":[{"embeddable":true,"href":"https:\/\/legrenierdelatour.be\/brocante\/wp-json\/wp\/v2\/media\/11202"}],"wp:attachment":[{"href":"https:\/\/legrenierdelatour.be\/brocante\/wp-json\/wp\/v2\/media?parent=11201"}],"wp:term":[{"taxonomy":"product_brand","embeddable":true,"href":"https:\/\/legrenierdelatour.be\/brocante\/wp-json\/wp\/v2\/product_brand?post=11201"},{"taxonomy":"product_cat","embeddable":true,"href":"https:\/\/legrenierdelatour.be\/brocante\/wp-json\/wp\/v2\/product_cat?post=11201"},{"taxonomy":"product_tag","embeddable":true,"href":"https:\/\/legrenierdelatour.be\/brocante\/wp-json\/wp\/v2\/product_tag?post=11201"}],"curies":[{"name":"wp","href":"https:\/\/api.w.org\/{rel}","templated":true}]}}