{"id":11198,"date":"2025-08-10T15:48:24","date_gmt":"2025-08-10T13:48:24","guid":{"rendered":"https:\/\/legrenierdelatour.be\/brocante\/?post_type=product&#038;p=11198"},"modified":"2025-08-10T15:48:25","modified_gmt":"2025-08-10T13:48:25","slug":"miroir-vintage-1970","status":"publish","type":"product","link":"https:\/\/legrenierdelatour.be\/brocante\/produit\/miroir-vintage-1970\/","title":{"rendered":"Miroir vintage, 1970"},"content":{"rendered":"<p>Grand miroir (59&#215;32 cm) de style vintage, datant sans doute des ann\u00e9es 1970. Il a une forme libre de r\u00e9troviseur de l\u2019\u00e9poque, dans le go\u00fbt de Gio Ponti, designer italien. Ce grand miroir est en tr\u00e8s bon \u00e9tat.<\/p>\n<div>R\u00e9f 45.10<\/div>\n","protected":false},"excerpt":{"rendered":"<p>Grand miroir (59&#215;32 cm) de style vintage, datant sans doute des ann\u00e9es 1970. Il a une forme libre de r\u00e9troviseur de l\u2019\u00e9poque, dans le go\u00fbt de Gio Ponti, designer italien. Ce grand miroir est en tr\u00e8s bon \u00e9tat. R\u00e9f 45.10<\/p>\n","protected":false},"featured_media":11199,"comment_status":"open","ping_status":"closed","template":"","meta":{"neve_meta_sidebar":"","neve_meta_container":"","neve_meta_enable_content_width":"off","neve_meta_content_width":100,"neve_meta_title_alignment":"","neve_meta_author_avatar":"","neve_post_elements_order":"","neve_meta_disable_header":"","neve_meta_disable_footer":"","neve_meta_disable_title":""},"product_brand":[],"product_cat":[85],"product_tag":[],"class_list":{"0":"post-11198","1":"product","2":"type-product","3":"status-publish","4":"has-post-thumbnail","6":"product_cat-miroir","8":"first","9":"instock","10":"shipping-taxable","11":"purchasable","12":"product-type-simple"},"_links":{"self":[{"href":"https:\/\/legrenierdelatour.be\/brocante\/wp-json\/wp\/v2\/product\/11198","targetHints":{"allow":["GET"]}}],"collection":[{"href":"https:\/\/legrenierdelatour.be\/brocante\/wp-json\/wp\/v2\/product"}],"about":[{"href":"https:\/\/legrenierdelatour.be\/brocante\/wp-json\/wp\/v2\/types\/product"}],"replies":[{"embeddable":true,"href":"https:\/\/legrenierdelatour.be\/brocante\/wp-json\/wp\/v2\/comments?post=11198"}],"wp:featuredmedia":[{"embeddable":true,"href":"https:\/\/legrenierdelatour.be\/brocante\/wp-json\/wp\/v2\/media\/11199"}],"wp:attachment":[{"href":"https:\/\/legrenierdelatour.be\/brocante\/wp-json\/wp\/v2\/media?parent=11198"}],"wp:term":[{"taxonomy":"product_brand","embeddable":true,"href":"https:\/\/legrenierdelatour.be\/brocante\/wp-json\/wp\/v2\/product_brand?post=11198"},{"taxonomy":"product_cat","embeddable":true,"href":"https:\/\/legrenierdelatour.be\/brocante\/wp-json\/wp\/v2\/product_cat?post=11198"},{"taxonomy":"product_tag","embeddable":true,"href":"https:\/\/legrenierdelatour.be\/brocante\/wp-json\/wp\/v2\/product_tag?post=11198"}],"curies":[{"name":"wp","href":"https:\/\/api.w.org\/{rel}","templated":true}]}}