{"id":11196,"date":"2025-08-10T14:44:32","date_gmt":"2025-08-10T12:44:32","guid":{"rendered":"https:\/\/legrenierdelatour.be\/brocante\/?post_type=product&#038;p=11196"},"modified":"2025-08-10T14:45:51","modified_gmt":"2025-08-10T12:45:51","slug":"petit-vide-poche-vert-villeroy-boch-1950","status":"publish","type":"product","link":"https:\/\/legrenierdelatour.be\/brocante\/produit\/petit-vide-poche-vert-villeroy-boch-1950\/","title":{"rendered":"Petit vide-poche vert, Villeroy &#038; Boch, 1950"},"content":{"rendered":"<p>Petit vide-poche (17 cm de long) en fa\u00efence, portant le poin\u00e7on en creux \u00ab Villeroy &amp; Boch Made in Luxembourg \u00bb. Il porte le num\u00e9ro de forme 1132 et la couleur verte 358. Il est en parfait \u00e9tat et date sans doute des ann\u00e9es 1930-50.<\/p>\n<div>R\u00e9f 45.08<\/div>\n","protected":false},"excerpt":{"rendered":"<p>Petit vide-poche (17 cm de long) en fa\u00efence, portant le poin\u00e7on en creux \u00ab Villeroy &amp; Boch Made in Luxembourg \u00bb. Il porte le num\u00e9ro de forme 1132 et la couleur verte 358. Il est en parfait \u00e9tat et date sans doute des ann\u00e9es 1930-50. R\u00e9f 45.08<\/p>\n","protected":false},"featured_media":11190,"comment_status":"open","ping_status":"closed","template":"","meta":{"neve_meta_sidebar":"","neve_meta_container":"","neve_meta_enable_content_width":"off","neve_meta_content_width":100,"neve_meta_title_alignment":"","neve_meta_author_avatar":"","neve_post_elements_order":"","neve_meta_disable_header":"","neve_meta_disable_footer":"","neve_meta_disable_title":""},"product_brand":[],"product_cat":[16,165,29],"product_tag":[],"class_list":{"0":"post-11196","1":"product","2":"type-product","3":"status-publish","4":"has-post-thumbnail","6":"product_cat-ceramique","7":"product_cat-luxembourg","8":"product_cat-villeroy-boch","10":"first","11":"instock","12":"shipping-taxable","13":"purchasable","14":"product-type-simple"},"_links":{"self":[{"href":"https:\/\/legrenierdelatour.be\/brocante\/wp-json\/wp\/v2\/product\/11196","targetHints":{"allow":["GET"]}}],"collection":[{"href":"https:\/\/legrenierdelatour.be\/brocante\/wp-json\/wp\/v2\/product"}],"about":[{"href":"https:\/\/legrenierdelatour.be\/brocante\/wp-json\/wp\/v2\/types\/product"}],"replies":[{"embeddable":true,"href":"https:\/\/legrenierdelatour.be\/brocante\/wp-json\/wp\/v2\/comments?post=11196"}],"wp:featuredmedia":[{"embeddable":true,"href":"https:\/\/legrenierdelatour.be\/brocante\/wp-json\/wp\/v2\/media\/11190"}],"wp:attachment":[{"href":"https:\/\/legrenierdelatour.be\/brocante\/wp-json\/wp\/v2\/media?parent=11196"}],"wp:term":[{"taxonomy":"product_brand","embeddable":true,"href":"https:\/\/legrenierdelatour.be\/brocante\/wp-json\/wp\/v2\/product_brand?post=11196"},{"taxonomy":"product_cat","embeddable":true,"href":"https:\/\/legrenierdelatour.be\/brocante\/wp-json\/wp\/v2\/product_cat?post=11196"},{"taxonomy":"product_tag","embeddable":true,"href":"https:\/\/legrenierdelatour.be\/brocante\/wp-json\/wp\/v2\/product_tag?post=11196"}],"curies":[{"name":"wp","href":"https:\/\/api.w.org\/{rel}","templated":true}]}}