{"id":11186,"date":"2025-08-10T14:20:18","date_gmt":"2025-08-10T12:20:18","guid":{"rendered":"https:\/\/legrenierdelatour.be\/brocante\/?post_type=product&#038;p=11186"},"modified":"2025-08-10T14:20:18","modified_gmt":"2025-08-10T12:20:18","slug":"pique-fleurs-amc-wasmuel-art-deco","status":"publish","type":"product","link":"https:\/\/legrenierdelatour.be\/brocante\/produit\/pique-fleurs-amc-wasmuel-art-deco\/","title":{"rendered":"Pique-fleurs AMC Wasmuel, Art D\u00e9co"},"content":{"rendered":"<p>Beau pique-fleur (10,5 cm de haut) issu de la manufacture de Wasmuel (1834-1952). Il porte la marque AMC dessous pour Auguste Mouzin et Compagnie. Il a \u00e9t\u00e9 produit dans les ann\u00e9es 1920, dans le style Art D\u00e9co. Il est en tr\u00e8s bon \u00e9tat.<\/p>\n<div>R\u00e9f 45.07<\/div>\n","protected":false},"excerpt":{"rendered":"<p>Beau pique-fleur (10,5 cm de haut) issu de la manufacture de Wasmuel (1834-1952). Il porte la marque AMC dessous pour Auguste Mouzin et Compagnie. Il a \u00e9t\u00e9 produit dans les ann\u00e9es 1920, dans le style Art D\u00e9co. Il est en tr\u00e8s bon \u00e9tat. R\u00e9f 45.07<\/p>\n","protected":false},"featured_media":11187,"comment_status":"open","ping_status":"closed","template":"","meta":{"neve_meta_sidebar":"","neve_meta_container":"","neve_meta_enable_content_width":"off","neve_meta_content_width":100,"neve_meta_title_alignment":"","neve_meta_author_avatar":"","neve_post_elements_order":"","neve_meta_disable_header":"","neve_meta_disable_footer":"","neve_meta_disable_title":""},"product_brand":[],"product_cat":[37,16,178],"product_tag":[],"class_list":{"0":"post-11186","1":"product","2":"type-product","3":"status-publish","4":"has-post-thumbnail","6":"product_cat-belgique","7":"product_cat-ceramique","8":"product_cat-waesmuel","10":"first","11":"instock","12":"shipping-taxable","13":"purchasable","14":"product-type-simple"},"_links":{"self":[{"href":"https:\/\/legrenierdelatour.be\/brocante\/wp-json\/wp\/v2\/product\/11186","targetHints":{"allow":["GET"]}}],"collection":[{"href":"https:\/\/legrenierdelatour.be\/brocante\/wp-json\/wp\/v2\/product"}],"about":[{"href":"https:\/\/legrenierdelatour.be\/brocante\/wp-json\/wp\/v2\/types\/product"}],"replies":[{"embeddable":true,"href":"https:\/\/legrenierdelatour.be\/brocante\/wp-json\/wp\/v2\/comments?post=11186"}],"wp:featuredmedia":[{"embeddable":true,"href":"https:\/\/legrenierdelatour.be\/brocante\/wp-json\/wp\/v2\/media\/11187"}],"wp:attachment":[{"href":"https:\/\/legrenierdelatour.be\/brocante\/wp-json\/wp\/v2\/media?parent=11186"}],"wp:term":[{"taxonomy":"product_brand","embeddable":true,"href":"https:\/\/legrenierdelatour.be\/brocante\/wp-json\/wp\/v2\/product_brand?post=11186"},{"taxonomy":"product_cat","embeddable":true,"href":"https:\/\/legrenierdelatour.be\/brocante\/wp-json\/wp\/v2\/product_cat?post=11186"},{"taxonomy":"product_tag","embeddable":true,"href":"https:\/\/legrenierdelatour.be\/brocante\/wp-json\/wp\/v2\/product_tag?post=11186"}],"curies":[{"name":"wp","href":"https:\/\/api.w.org\/{rel}","templated":true}]}}