{"id":11182,"date":"2025-08-10T14:05:28","date_gmt":"2025-08-10T12:05:28","guid":{"rendered":"https:\/\/legrenierdelatour.be\/brocante\/?post_type=product&#038;p=11182"},"modified":"2025-08-10T14:05:28","modified_gmt":"2025-08-10T12:05:28","slug":"vase-cruche-en-gres-de-bouffioulx-maurice-pitot","status":"publish","type":"product","link":"https:\/\/legrenierdelatour.be\/brocante\/produit\/vase-cruche-en-gres-de-bouffioulx-maurice-pitot\/","title":{"rendered":"Vase-cruche en gr\u00e8s de Bouffioulx, Maurice Pitot"},"content":{"rendered":"<p>Vase cruche en gr\u00e8s (25 cm d haut), sign\u00e9 Pitot P pour Maurice Pitot (1926-2010) c\u00e9ramiqte belge install\u00e9 \u00e0 Chatelineau. Il travaillait dans la mouvance des gr\u00e8s de Bouffioulx, r\u00e9put\u00e9 pour ses gr\u00e8s vitrifi\u00e9s, avec ici une pi\u00e8ce datant sans doute des ann\u00e9es 1960-70.<\/p>\n<div>R\u00e9f 45.06<\/div>\n","protected":false},"excerpt":{"rendered":"<p>Vase cruche en gr\u00e8s (25 cm d haut), sign\u00e9 Pitot P pour Maurice Pitot (1926-2010) c\u00e9ramiqte belge install\u00e9 \u00e0 Chatelineau. Il travaillait dans la mouvance des gr\u00e8s de Bouffioulx, r\u00e9put\u00e9 pour ses gr\u00e8s vitrifi\u00e9s, avec ici une pi\u00e8ce datant sans doute des ann\u00e9es 1960-70. R\u00e9f 45.06<\/p>\n","protected":false},"featured_media":11183,"comment_status":"open","ping_status":"closed","template":"","meta":{"neve_meta_sidebar":"","neve_meta_container":"","neve_meta_enable_content_width":"off","neve_meta_content_width":100,"neve_meta_title_alignment":"","neve_meta_author_avatar":"","neve_post_elements_order":"","neve_meta_disable_header":"","neve_meta_disable_footer":"","neve_meta_disable_title":""},"product_brand":[],"product_cat":[37,202,16],"product_tag":[],"class_list":{"0":"post-11182","1":"product","2":"type-product","3":"status-publish","4":"has-post-thumbnail","6":"product_cat-belgique","7":"product_cat-bouffioulx","8":"product_cat-ceramique","10":"first","11":"instock","12":"shipping-taxable","13":"purchasable","14":"product-type-simple"},"_links":{"self":[{"href":"https:\/\/legrenierdelatour.be\/brocante\/wp-json\/wp\/v2\/product\/11182","targetHints":{"allow":["GET"]}}],"collection":[{"href":"https:\/\/legrenierdelatour.be\/brocante\/wp-json\/wp\/v2\/product"}],"about":[{"href":"https:\/\/legrenierdelatour.be\/brocante\/wp-json\/wp\/v2\/types\/product"}],"replies":[{"embeddable":true,"href":"https:\/\/legrenierdelatour.be\/brocante\/wp-json\/wp\/v2\/comments?post=11182"}],"wp:featuredmedia":[{"embeddable":true,"href":"https:\/\/legrenierdelatour.be\/brocante\/wp-json\/wp\/v2\/media\/11183"}],"wp:attachment":[{"href":"https:\/\/legrenierdelatour.be\/brocante\/wp-json\/wp\/v2\/media?parent=11182"}],"wp:term":[{"taxonomy":"product_brand","embeddable":true,"href":"https:\/\/legrenierdelatour.be\/brocante\/wp-json\/wp\/v2\/product_brand?post=11182"},{"taxonomy":"product_cat","embeddable":true,"href":"https:\/\/legrenierdelatour.be\/brocante\/wp-json\/wp\/v2\/product_cat?post=11182"},{"taxonomy":"product_tag","embeddable":true,"href":"https:\/\/legrenierdelatour.be\/brocante\/wp-json\/wp\/v2\/product_tag?post=11182"}],"curies":[{"name":"wp","href":"https:\/\/api.w.org\/{rel}","templated":true}]}}