{"id":11176,"date":"2025-08-09T09:39:44","date_gmt":"2025-08-09T07:39:44","guid":{"rendered":"https:\/\/legrenierdelatour.be\/brocante\/?post_type=product&#038;p=11176"},"modified":"2025-08-09T09:39:45","modified_gmt":"2025-08-09T07:39:45","slug":"cruche-en-ceramique-ceroux-d-2","status":"publish","type":"product","link":"https:\/\/legrenierdelatour.be\/brocante\/produit\/cruche-en-ceramique-ceroux-d-2\/","title":{"rendered":"Cruche en c\u00e9ramique C\u00e9roux D"},"content":{"rendered":"<p>Belle cruche en c\u00e9ramique (21 cm de haut) marqu\u00e9 dessous du poin\u00e7on de l\u2019atelier de c\u00e9ramique \u00ab\u00a0C\u00e9roux\u00a0\u00bb. Elle est \u00e9galement sign\u00e9e sur le c\u00f4t\u00e9 \u00ab\u00a0D\u00a0\u00bb . Elle est en parfait \u00e9tat.<\/p>\n<div>R\u00e9f 45.03<\/div>\n","protected":false},"excerpt":{"rendered":"<p>Belle cruche en c\u00e9ramique (21 cm de haut) marqu\u00e9 dessous du poin\u00e7on de l\u2019atelier de c\u00e9ramique \u00ab\u00a0C\u00e9roux\u00a0\u00bb. Elle est \u00e9galement sign\u00e9e sur le c\u00f4t\u00e9 \u00ab\u00a0D\u00a0\u00bb . Elle est en parfait \u00e9tat. R\u00e9f 45.03<\/p>\n","protected":false},"featured_media":11174,"comment_status":"open","ping_status":"closed","template":"","meta":{"neve_meta_sidebar":"","neve_meta_container":"","neve_meta_enable_content_width":"off","neve_meta_content_width":100,"neve_meta_title_alignment":"","neve_meta_author_avatar":"","neve_post_elements_order":"","neve_meta_disable_header":"","neve_meta_disable_footer":"","neve_meta_disable_title":""},"product_brand":[],"product_cat":[37,16],"product_tag":[],"class_list":{"0":"post-11176","1":"product","2":"type-product","3":"status-publish","4":"has-post-thumbnail","6":"product_cat-belgique","7":"product_cat-ceramique","9":"first","10":"instock","11":"shipping-taxable","12":"purchasable","13":"product-type-simple"},"_links":{"self":[{"href":"https:\/\/legrenierdelatour.be\/brocante\/wp-json\/wp\/v2\/product\/11176","targetHints":{"allow":["GET"]}}],"collection":[{"href":"https:\/\/legrenierdelatour.be\/brocante\/wp-json\/wp\/v2\/product"}],"about":[{"href":"https:\/\/legrenierdelatour.be\/brocante\/wp-json\/wp\/v2\/types\/product"}],"replies":[{"embeddable":true,"href":"https:\/\/legrenierdelatour.be\/brocante\/wp-json\/wp\/v2\/comments?post=11176"}],"wp:featuredmedia":[{"embeddable":true,"href":"https:\/\/legrenierdelatour.be\/brocante\/wp-json\/wp\/v2\/media\/11174"}],"wp:attachment":[{"href":"https:\/\/legrenierdelatour.be\/brocante\/wp-json\/wp\/v2\/media?parent=11176"}],"wp:term":[{"taxonomy":"product_brand","embeddable":true,"href":"https:\/\/legrenierdelatour.be\/brocante\/wp-json\/wp\/v2\/product_brand?post=11176"},{"taxonomy":"product_cat","embeddable":true,"href":"https:\/\/legrenierdelatour.be\/brocante\/wp-json\/wp\/v2\/product_cat?post=11176"},{"taxonomy":"product_tag","embeddable":true,"href":"https:\/\/legrenierdelatour.be\/brocante\/wp-json\/wp\/v2\/product_tag?post=11176"}],"curies":[{"name":"wp","href":"https:\/\/api.w.org\/{rel}","templated":true}]}}