{"id":11152,"date":"2025-08-04T16:18:35","date_gmt":"2025-08-04T14:18:35","guid":{"rendered":"https:\/\/legrenierdelatour.be\/brocante\/?post_type=product&#038;p=11152"},"modified":"2025-08-04T16:18:36","modified_gmt":"2025-08-04T14:18:36","slug":"gravure-plan-de-stenay-matthaus-merian","status":"publish","type":"product","link":"https:\/\/legrenierdelatour.be\/brocante\/produit\/gravure-plan-de-stenay-matthaus-merian\/","title":{"rendered":"Gravure Plan de Stenay, Matth\u00e4us Merian"},"content":{"rendered":"<p>Gravure (24&#215;30 cm encadrement compris) repr\u00e9sentant un plan de Stenay. Gravure issue du livre \u00ab\u00a0 Topographia Palatinatus Rheni \u00bb de Matth\u00e4us Merian (illustrateur et \u00e9diteur) et Martin Zeiller (textes) de 1645.<\/p>\n<div>R\u00e9f 44.89<\/div>\n","protected":false},"excerpt":{"rendered":"<p>Gravure (24&#215;30 cm encadrement compris) repr\u00e9sentant un plan de Stenay. Gravure issue du livre \u00ab\u00a0 Topographia Palatinatus Rheni \u00bb de Matth\u00e4us Merian (illustrateur et \u00e9diteur) et Martin Zeiller (textes) de 1645. R\u00e9f 44.89<\/p>\n","protected":false},"featured_media":11153,"comment_status":"open","ping_status":"closed","template":"","meta":{"neve_meta_sidebar":"","neve_meta_container":"","neve_meta_enable_content_width":"off","neve_meta_content_width":100,"neve_meta_title_alignment":"","neve_meta_author_avatar":"","neve_post_elements_order":"","neve_meta_disable_header":"","neve_meta_disable_footer":"","neve_meta_disable_title":""},"product_brand":[],"product_cat":[167],"product_tag":[],"class_list":{"0":"post-11152","1":"product","2":"type-product","3":"status-publish","4":"has-post-thumbnail","6":"product_cat-peintures-et-sculptures","8":"first","9":"instock","10":"shipping-taxable","11":"purchasable","12":"product-type-simple"},"_links":{"self":[{"href":"https:\/\/legrenierdelatour.be\/brocante\/wp-json\/wp\/v2\/product\/11152","targetHints":{"allow":["GET"]}}],"collection":[{"href":"https:\/\/legrenierdelatour.be\/brocante\/wp-json\/wp\/v2\/product"}],"about":[{"href":"https:\/\/legrenierdelatour.be\/brocante\/wp-json\/wp\/v2\/types\/product"}],"replies":[{"embeddable":true,"href":"https:\/\/legrenierdelatour.be\/brocante\/wp-json\/wp\/v2\/comments?post=11152"}],"wp:featuredmedia":[{"embeddable":true,"href":"https:\/\/legrenierdelatour.be\/brocante\/wp-json\/wp\/v2\/media\/11153"}],"wp:attachment":[{"href":"https:\/\/legrenierdelatour.be\/brocante\/wp-json\/wp\/v2\/media?parent=11152"}],"wp:term":[{"taxonomy":"product_brand","embeddable":true,"href":"https:\/\/legrenierdelatour.be\/brocante\/wp-json\/wp\/v2\/product_brand?post=11152"},{"taxonomy":"product_cat","embeddable":true,"href":"https:\/\/legrenierdelatour.be\/brocante\/wp-json\/wp\/v2\/product_cat?post=11152"},{"taxonomy":"product_tag","embeddable":true,"href":"https:\/\/legrenierdelatour.be\/brocante\/wp-json\/wp\/v2\/product_tag?post=11152"}],"curies":[{"name":"wp","href":"https:\/\/api.w.org\/{rel}","templated":true}]}}