{"id":11146,"date":"2025-08-04T15:46:05","date_gmt":"2025-08-04T13:46:05","guid":{"rendered":"https:\/\/legrenierdelatour.be\/brocante\/?post_type=product&#038;p=11146"},"modified":"2025-08-04T15:47:13","modified_gmt":"2025-08-04T13:47:13","slug":"plan-de-montmedy-17e-siecle-jacob-harrewijn","status":"publish","type":"product","link":"https:\/\/legrenierdelatour.be\/brocante\/produit\/plan-de-montmedy-17e-siecle-jacob-harrewijn\/","title":{"rendered":"Plan de Montmedy, 17\u00e8 si\u00e8cle, Jacob Harrewijn"},"content":{"rendered":"<p>Gravure (25,5&#215;35 cm encadrement compris) repr\u00e9sentant un plan de la Ville de Montm\u00e9dy . Il s\u2019agit d\u2019une gravure du 17 \u00e8 si\u00e8cle, marqu\u00e9e \u00ab Harrewijn fecit \u00bb. Il s\u2019agit en effet d\u2019une gravure de Jacob Harrewijn, graveur n\u00e9erlandais et bruxellois (1660-1727).<\/p>\n<div>R\u00e9f 44.85<\/div>\n","protected":false},"excerpt":{"rendered":"<p>Gravure (25,5&#215;35 cm encadrement compris) repr\u00e9sentant un plan de la Ville de Montm\u00e9dy . Il s\u2019agit d\u2019une gravure du 17 \u00e8 si\u00e8cle, marqu\u00e9e \u00ab Harrewijn fecit \u00bb. Il s\u2019agit en effet d\u2019une gravure de Jacob Harrewijn, graveur n\u00e9erlandais et bruxellois (1660-1727). R\u00e9f 44.85<\/p>\n","protected":false},"featured_media":11147,"comment_status":"open","ping_status":"closed","template":"","meta":{"neve_meta_sidebar":"","neve_meta_container":"","neve_meta_enable_content_width":"off","neve_meta_content_width":100,"neve_meta_title_alignment":"","neve_meta_author_avatar":"","neve_post_elements_order":"","neve_meta_disable_header":"","neve_meta_disable_footer":"","neve_meta_disable_title":""},"product_brand":[],"product_cat":[167],"product_tag":[],"class_list":{"0":"post-11146","1":"product","2":"type-product","3":"status-publish","4":"has-post-thumbnail","6":"product_cat-peintures-et-sculptures","8":"first","9":"instock","10":"shipping-taxable","11":"purchasable","12":"product-type-simple"},"_links":{"self":[{"href":"https:\/\/legrenierdelatour.be\/brocante\/wp-json\/wp\/v2\/product\/11146","targetHints":{"allow":["GET"]}}],"collection":[{"href":"https:\/\/legrenierdelatour.be\/brocante\/wp-json\/wp\/v2\/product"}],"about":[{"href":"https:\/\/legrenierdelatour.be\/brocante\/wp-json\/wp\/v2\/types\/product"}],"replies":[{"embeddable":true,"href":"https:\/\/legrenierdelatour.be\/brocante\/wp-json\/wp\/v2\/comments?post=11146"}],"wp:featuredmedia":[{"embeddable":true,"href":"https:\/\/legrenierdelatour.be\/brocante\/wp-json\/wp\/v2\/media\/11147"}],"wp:attachment":[{"href":"https:\/\/legrenierdelatour.be\/brocante\/wp-json\/wp\/v2\/media?parent=11146"}],"wp:term":[{"taxonomy":"product_brand","embeddable":true,"href":"https:\/\/legrenierdelatour.be\/brocante\/wp-json\/wp\/v2\/product_brand?post=11146"},{"taxonomy":"product_cat","embeddable":true,"href":"https:\/\/legrenierdelatour.be\/brocante\/wp-json\/wp\/v2\/product_cat?post=11146"},{"taxonomy":"product_tag","embeddable":true,"href":"https:\/\/legrenierdelatour.be\/brocante\/wp-json\/wp\/v2\/product_tag?post=11146"}],"curies":[{"name":"wp","href":"https:\/\/api.w.org\/{rel}","templated":true}]}}