{"id":11139,"date":"2025-08-04T10:45:14","date_gmt":"2025-08-04T08:45:14","guid":{"rendered":"https:\/\/legrenierdelatour.be\/brocante\/?post_type=product&#038;p=11139"},"modified":"2025-08-04T10:45:14","modified_gmt":"2025-08-04T08:45:14","slug":"petit-pichet-de-bouffioulx-carlos-delsaux","status":"publish","type":"product","link":"https:\/\/legrenierdelatour.be\/brocante\/produit\/petit-pichet-de-bouffioulx-carlos-delsaux\/","title":{"rendered":"Petit pichet de Bouffioulx, Carlos Delsaux"},"content":{"rendered":"<p>Petit pichet en c\u00e9ramique (11 cm de haut) avec applique en \u00e9tain. ce petit pichet est une r\u00e9alisation de la manufacture de Bouffioulx, une cr\u00e9ation de Carlos (Polydore) Delsaux (1896-1994) dans les ann\u00e9es 1925. L\u2019applique en \u00e9tain a \u00e9t\u00e9 r\u00e9alis\u00e9e par son \u00e9pouse, Marthe Macaux-Delsaux (1903-1994)<\/p>\n<div>R\u00e9f 40.48<\/div>\n","protected":false},"excerpt":{"rendered":"<p>Petit pichet en c\u00e9ramique (11 cm de haut) avec applique en \u00e9tain. ce petit pichet est une r\u00e9alisation de la manufacture de Bouffioulx, une cr\u00e9ation de Carlos (Polydore) Delsaux (1896-1994) dans les ann\u00e9es 1925. L\u2019applique en \u00e9tain a \u00e9t\u00e9 r\u00e9alis\u00e9e par son \u00e9pouse, Marthe Macaux-Delsaux (1903-1994) R\u00e9f 40.48<\/p>\n","protected":false},"featured_media":11141,"comment_status":"open","ping_status":"closed","template":"","meta":{"neve_meta_sidebar":"","neve_meta_container":"","neve_meta_enable_content_width":"off","neve_meta_content_width":100,"neve_meta_title_alignment":"","neve_meta_author_avatar":"","neve_post_elements_order":"","neve_meta_disable_header":"","neve_meta_disable_footer":"","neve_meta_disable_title":""},"product_brand":[],"product_cat":[37,202,16],"product_tag":[],"class_list":{"0":"post-11139","1":"product","2":"type-product","3":"status-publish","4":"has-post-thumbnail","6":"product_cat-belgique","7":"product_cat-bouffioulx","8":"product_cat-ceramique","10":"first","11":"instock","12":"shipping-taxable","13":"purchasable","14":"product-type-simple"},"_links":{"self":[{"href":"https:\/\/legrenierdelatour.be\/brocante\/wp-json\/wp\/v2\/product\/11139","targetHints":{"allow":["GET"]}}],"collection":[{"href":"https:\/\/legrenierdelatour.be\/brocante\/wp-json\/wp\/v2\/product"}],"about":[{"href":"https:\/\/legrenierdelatour.be\/brocante\/wp-json\/wp\/v2\/types\/product"}],"replies":[{"embeddable":true,"href":"https:\/\/legrenierdelatour.be\/brocante\/wp-json\/wp\/v2\/comments?post=11139"}],"wp:featuredmedia":[{"embeddable":true,"href":"https:\/\/legrenierdelatour.be\/brocante\/wp-json\/wp\/v2\/media\/11141"}],"wp:attachment":[{"href":"https:\/\/legrenierdelatour.be\/brocante\/wp-json\/wp\/v2\/media?parent=11139"}],"wp:term":[{"taxonomy":"product_brand","embeddable":true,"href":"https:\/\/legrenierdelatour.be\/brocante\/wp-json\/wp\/v2\/product_brand?post=11139"},{"taxonomy":"product_cat","embeddable":true,"href":"https:\/\/legrenierdelatour.be\/brocante\/wp-json\/wp\/v2\/product_cat?post=11139"},{"taxonomy":"product_tag","embeddable":true,"href":"https:\/\/legrenierdelatour.be\/brocante\/wp-json\/wp\/v2\/product_tag?post=11139"}],"curies":[{"name":"wp","href":"https:\/\/api.w.org\/{rel}","templated":true}]}}