{"id":11134,"date":"2025-07-31T17:38:09","date_gmt":"2025-07-31T15:38:09","guid":{"rendered":"https:\/\/legrenierdelatour.be\/brocante\/?post_type=product&#038;p=11134"},"modified":"2025-07-31T17:38:10","modified_gmt":"2025-07-31T15:38:10","slug":"assiette-peinte-la-chapelle-du-bonlieu-a-ethe-jel-jacob","status":"publish","type":"product","link":"https:\/\/legrenierdelatour.be\/brocante\/produit\/assiette-peinte-la-chapelle-du-bonlieu-a-ethe-jel-jacob\/","title":{"rendered":"Assiette peinte, La Chapelle du Bonlieu \u00e0 Ethe, JEL Jacob"},"content":{"rendered":"<p>Tr\u00e8s belle assiette (24,5 cm de diam\u00e8tre) avec une aquarelle de Jacques Jacob. L\u2019aquarelle sign\u00e9e par l\u2019artiste repr\u00e9sente la Chapelle du Bonlieu \u00e0 Ethe. L\u2019assiette est \u00e9galement sign\u00e9e \u00e0 l\u2019arri\u00e8re, avec une \u00e9tiquette reprenant l\u2019adresse de l\u2019atelier de Jacob. Jacques E.L Jacob est un artiste n\u00e9 en Gaume en 1949. D\u00e8s 1985, ses oeuvres sont expos\u00e9es en Europe, Am\u00e9rique, Asie. Il a cr\u00e9\u00e9 sa propre acad\u00e9mie et forme de nombreux artistes. Acteur de th\u00e9\u00e2tre et \u00e9crivain (Rien ne sert d\u2019oublier, Le manteau noir\u2026) il cr\u00e9e en 2003 les \u00e9ditions Am\u00e9thyste.<\/p>\n<div>R\u00e9f 44.78<\/div>\n","protected":false},"excerpt":{"rendered":"<p>Tr\u00e8s belle assiette (24,5 cm de diam\u00e8tre) avec une aquarelle de Jacques Jacob. L\u2019aquarelle sign\u00e9e par l\u2019artiste repr\u00e9sente la Chapelle du Bonlieu \u00e0 Ethe. L\u2019assiette est \u00e9galement sign\u00e9e \u00e0 l\u2019arri\u00e8re, avec une \u00e9tiquette reprenant l\u2019adresse de l\u2019atelier de Jacob. Jacques E.L Jacob est un artiste n\u00e9 en Gaume en 1949. D\u00e8s 1985, ses oeuvres sont&hellip;&nbsp;<a href=\"https:\/\/legrenierdelatour.be\/brocante\/produit\/assiette-peinte-la-chapelle-du-bonlieu-a-ethe-jel-jacob\/\" class=\"\" rel=\"bookmark\">Lire la suite &raquo;<span class=\"screen-reader-text\">Assiette peinte, La Chapelle du Bonlieu \u00e0 Ethe, JEL Jacob<\/span><\/a><\/p>\n","protected":false},"featured_media":11128,"comment_status":"open","ping_status":"closed","template":"","meta":{"neve_meta_sidebar":"","neve_meta_container":"","neve_meta_enable_content_width":"off","neve_meta_content_width":100,"neve_meta_title_alignment":"","neve_meta_author_avatar":"","neve_post_elements_order":"","neve_meta_disable_header":"","neve_meta_disable_footer":"","neve_meta_disable_title":""},"product_brand":[],"product_cat":[16,31,167],"product_tag":[],"class_list":{"0":"post-11134","1":"product","2":"type-product","3":"status-publish","4":"has-post-thumbnail","6":"product_cat-ceramique","7":"product_cat-pays-darlon","8":"product_cat-peintures-et-sculptures","10":"first","11":"instock","12":"shipping-taxable","13":"purchasable","14":"product-type-simple"},"_links":{"self":[{"href":"https:\/\/legrenierdelatour.be\/brocante\/wp-json\/wp\/v2\/product\/11134","targetHints":{"allow":["GET"]}}],"collection":[{"href":"https:\/\/legrenierdelatour.be\/brocante\/wp-json\/wp\/v2\/product"}],"about":[{"href":"https:\/\/legrenierdelatour.be\/brocante\/wp-json\/wp\/v2\/types\/product"}],"replies":[{"embeddable":true,"href":"https:\/\/legrenierdelatour.be\/brocante\/wp-json\/wp\/v2\/comments?post=11134"}],"wp:featuredmedia":[{"embeddable":true,"href":"https:\/\/legrenierdelatour.be\/brocante\/wp-json\/wp\/v2\/media\/11128"}],"wp:attachment":[{"href":"https:\/\/legrenierdelatour.be\/brocante\/wp-json\/wp\/v2\/media?parent=11134"}],"wp:term":[{"taxonomy":"product_brand","embeddable":true,"href":"https:\/\/legrenierdelatour.be\/brocante\/wp-json\/wp\/v2\/product_brand?post=11134"},{"taxonomy":"product_cat","embeddable":true,"href":"https:\/\/legrenierdelatour.be\/brocante\/wp-json\/wp\/v2\/product_cat?post=11134"},{"taxonomy":"product_tag","embeddable":true,"href":"https:\/\/legrenierdelatour.be\/brocante\/wp-json\/wp\/v2\/product_tag?post=11134"}],"curies":[{"name":"wp","href":"https:\/\/api.w.org\/{rel}","templated":true}]}}