{"id":11122,"date":"2025-07-31T17:27:36","date_gmt":"2025-07-31T15:27:36","guid":{"rendered":"https:\/\/legrenierdelatour.be\/brocante\/?post_type=product&#038;p=11122"},"modified":"2025-07-31T17:27:36","modified_gmt":"2025-07-31T15:27:36","slug":"ensemble-a-cafe-tirschenreuter-bavaria-vintage","status":"publish","type":"product","link":"https:\/\/legrenierdelatour.be\/brocante\/produit\/ensemble-a-cafe-tirschenreuter-bavaria-vintage\/","title":{"rendered":"Ensemble \u00e0 caf\u00e9, Tirschenreuter Bavaria, Vintage"},"content":{"rendered":"<p>Petit ensemble \u00e0 caf\u00e9 compos\u00e9 de 6 tasses et 6 Sous-tasses, de la manufacture Tirschenreuter en Bavi\u00e8re. De style vintage, il a \u00e9t\u00e9 \u00e9dit\u00e9 dans les ann\u00e9es 1970.<\/p>\n<div>R\u00e9f 44.77<\/div>\n","protected":false},"excerpt":{"rendered":"<p>Petit ensemble \u00e0 caf\u00e9 compos\u00e9 de 6 tasses et 6 Sous-tasses, de la manufacture Tirschenreuter en Bavi\u00e8re. De style vintage, il a \u00e9t\u00e9 \u00e9dit\u00e9 dans les ann\u00e9es 1970. R\u00e9f 44.77<\/p>\n","protected":false},"featured_media":11126,"comment_status":"open","ping_status":"closed","template":"","meta":{"neve_meta_sidebar":"","neve_meta_container":"","neve_meta_enable_content_width":"off","neve_meta_content_width":100,"neve_meta_title_alignment":"","neve_meta_author_avatar":"","neve_post_elements_order":"","neve_meta_disable_header":"","neve_meta_disable_footer":"","neve_meta_disable_title":""},"product_brand":[],"product_cat":[48,168,16],"product_tag":[],"class_list":{"0":"post-11122","1":"product","2":"type-product","3":"status-publish","4":"has-post-thumbnail","6":"product_cat-allemagne","7":"product_cat-bavaria","8":"product_cat-ceramique","10":"first","11":"instock","12":"shipping-taxable","13":"purchasable","14":"product-type-simple"},"_links":{"self":[{"href":"https:\/\/legrenierdelatour.be\/brocante\/wp-json\/wp\/v2\/product\/11122","targetHints":{"allow":["GET"]}}],"collection":[{"href":"https:\/\/legrenierdelatour.be\/brocante\/wp-json\/wp\/v2\/product"}],"about":[{"href":"https:\/\/legrenierdelatour.be\/brocante\/wp-json\/wp\/v2\/types\/product"}],"replies":[{"embeddable":true,"href":"https:\/\/legrenierdelatour.be\/brocante\/wp-json\/wp\/v2\/comments?post=11122"}],"wp:featuredmedia":[{"embeddable":true,"href":"https:\/\/legrenierdelatour.be\/brocante\/wp-json\/wp\/v2\/media\/11126"}],"wp:attachment":[{"href":"https:\/\/legrenierdelatour.be\/brocante\/wp-json\/wp\/v2\/media?parent=11122"}],"wp:term":[{"taxonomy":"product_brand","embeddable":true,"href":"https:\/\/legrenierdelatour.be\/brocante\/wp-json\/wp\/v2\/product_brand?post=11122"},{"taxonomy":"product_cat","embeddable":true,"href":"https:\/\/legrenierdelatour.be\/brocante\/wp-json\/wp\/v2\/product_cat?post=11122"},{"taxonomy":"product_tag","embeddable":true,"href":"https:\/\/legrenierdelatour.be\/brocante\/wp-json\/wp\/v2\/product_tag?post=11122"}],"curies":[{"name":"wp","href":"https:\/\/api.w.org\/{rel}","templated":true}]}}