{"id":11121,"date":"2025-07-31T14:19:28","date_gmt":"2025-07-31T12:19:28","guid":{"rendered":"https:\/\/legrenierdelatour.be\/brocante\/?post_type=product&#038;p=11121"},"modified":"2025-07-31T14:19:28","modified_gmt":"2025-07-31T12:19:28","slug":"plaque-ceramique-le-phenix-bleu-jacques-peiffer-1998-longwy","status":"publish","type":"product","link":"https:\/\/legrenierdelatour.be\/brocante\/produit\/plaque-ceramique-le-phenix-bleu-jacques-peiffer-1998-longwy\/","title":{"rendered":"Plaque c\u00e9ramique \u00ab\u00a0Le ph\u00e9nix Bleu\u00a0\u00bb, Jacques Peiffer 1998, Longwy"},"content":{"rendered":"<p>Plaque en c\u00e9ramique (19 cm de diam\u00e8tre) \u00e9dit\u00e9e \u00e0 l\u2019occasion du bicentenaire \u00a0des f\u00e4ienceries de Longovicie (Herserange et Longwy) en 1998. Cette plaque est intitul\u00e9e \u00ab\u00a0Le Ph\u00e9nix bleu\u00a0\u00bb et est une oeuvre du sculpteur et c\u00e9ramiste Jacques G Peiffer (1947-2025). elle a \u00e9t\u00e9 cuite au feu de bois par les ma\u00eetres fa\u00efenciers de Saint Jean L\u2019Aigle, en tirage limit\u00e9 et num\u00e9rot\u00e9.<\/p>\n<div>R\u00e9f 44.74<\/div>\n","protected":false},"excerpt":{"rendered":"<p>Plaque en c\u00e9ramique (19 cm de diam\u00e8tre) \u00e9dit\u00e9e \u00e0 l\u2019occasion du bicentenaire \u00a0des f\u00e4ienceries de Longovicie (Herserange et Longwy) en 1998. Cette plaque est intitul\u00e9e \u00ab\u00a0Le Ph\u00e9nix bleu\u00a0\u00bb et est une oeuvre du sculpteur et c\u00e9ramiste Jacques G Peiffer (1947-2025). elle a \u00e9t\u00e9 cuite au feu de bois par les ma\u00eetres fa\u00efenciers de Saint Jean&hellip;&nbsp;<a href=\"https:\/\/legrenierdelatour.be\/brocante\/produit\/plaque-ceramique-le-phenix-bleu-jacques-peiffer-1998-longwy\/\" class=\"\" rel=\"bookmark\">Lire la suite &raquo;<span class=\"screen-reader-text\">Plaque c\u00e9ramique \u00ab\u00a0Le ph\u00e9nix Bleu\u00a0\u00bb, Jacques Peiffer 1998, Longwy<\/span><\/a><\/p>\n","protected":false},"featured_media":11111,"comment_status":"open","ping_status":"closed","template":"","meta":{"neve_meta_sidebar":"","neve_meta_container":"","neve_meta_enable_content_width":"off","neve_meta_content_width":100,"neve_meta_title_alignment":"","neve_meta_author_avatar":"","neve_post_elements_order":"","neve_meta_disable_header":"","neve_meta_disable_footer":"","neve_meta_disable_title":""},"product_brand":[],"product_cat":[16,59,66,167],"product_tag":[],"class_list":{"0":"post-11121","1":"product","2":"type-product","3":"status-publish","4":"has-post-thumbnail","6":"product_cat-ceramique","7":"product_cat-france","8":"product_cat-longwy","9":"product_cat-peintures-et-sculptures","11":"first","12":"instock","13":"shipping-taxable","14":"purchasable","15":"product-type-simple"},"_links":{"self":[{"href":"https:\/\/legrenierdelatour.be\/brocante\/wp-json\/wp\/v2\/product\/11121","targetHints":{"allow":["GET"]}}],"collection":[{"href":"https:\/\/legrenierdelatour.be\/brocante\/wp-json\/wp\/v2\/product"}],"about":[{"href":"https:\/\/legrenierdelatour.be\/brocante\/wp-json\/wp\/v2\/types\/product"}],"replies":[{"embeddable":true,"href":"https:\/\/legrenierdelatour.be\/brocante\/wp-json\/wp\/v2\/comments?post=11121"}],"wp:featuredmedia":[{"embeddable":true,"href":"https:\/\/legrenierdelatour.be\/brocante\/wp-json\/wp\/v2\/media\/11111"}],"wp:attachment":[{"href":"https:\/\/legrenierdelatour.be\/brocante\/wp-json\/wp\/v2\/media?parent=11121"}],"wp:term":[{"taxonomy":"product_brand","embeddable":true,"href":"https:\/\/legrenierdelatour.be\/brocante\/wp-json\/wp\/v2\/product_brand?post=11121"},{"taxonomy":"product_cat","embeddable":true,"href":"https:\/\/legrenierdelatour.be\/brocante\/wp-json\/wp\/v2\/product_cat?post=11121"},{"taxonomy":"product_tag","embeddable":true,"href":"https:\/\/legrenierdelatour.be\/brocante\/wp-json\/wp\/v2\/product_tag?post=11121"}],"curies":[{"name":"wp","href":"https:\/\/api.w.org\/{rel}","templated":true}]}}