{"id":11119,"date":"2025-07-31T14:09:23","date_gmt":"2025-07-31T12:09:23","guid":{"rendered":"https:\/\/legrenierdelatour.be\/brocante\/?post_type=product&#038;p=11119"},"modified":"2025-07-31T14:17:49","modified_gmt":"2025-07-31T12:17:49","slug":"boite-en-bois-de-spa-louis-sevrin-1930","status":"publish","type":"product","link":"https:\/\/legrenierdelatour.be\/brocante\/produit\/boite-en-bois-de-spa-louis-sevrin-1930\/","title":{"rendered":"Bo\u00eete en bois de Spa, Louis Sevrin, 1930"},"content":{"rendered":"<p>Petite bo\u00eete ronde (7 cm de diam\u00e8tre) noire, portant la marque en creux dessous \u00ab\u00a0Grande fabrique de bois de Spa-Spa- HVS\u00a0\u00bb . Le couvercle est dor\u00e9 et un visage de femme de profil est dessin\u00e9 d\u00e9licatement. Cette oeuvre est sign\u00e9e L.Sevrin. Louis Sevrin \u00e9tait un peintre et d\u00e9corateur de bois de Spa, vers 1930.<\/p>\n<div>R\u00e9f 44.73<\/div>\n","protected":false},"excerpt":{"rendered":"<p>Petite bo\u00eete ronde (7 cm de diam\u00e8tre) noire, portant la marque en creux dessous \u00ab\u00a0Grande fabrique de bois de Spa-Spa- HVS\u00a0\u00bb . Le couvercle est dor\u00e9 et un visage de femme de profil est dessin\u00e9 d\u00e9licatement. Cette oeuvre est sign\u00e9e L.Sevrin. Louis Sevrin \u00e9tait un peintre et d\u00e9corateur de bois de Spa, vers 1930. R\u00e9f&hellip;&nbsp;<a href=\"https:\/\/legrenierdelatour.be\/brocante\/produit\/boite-en-bois-de-spa-louis-sevrin-1930\/\" class=\"\" rel=\"bookmark\">Lire la suite &raquo;<span class=\"screen-reader-text\">Bo\u00eete en bois de Spa, Louis Sevrin, 1930<\/span><\/a><\/p>\n","protected":false},"featured_media":11103,"comment_status":"open","ping_status":"closed","template":"","meta":{"neve_meta_sidebar":"","neve_meta_container":"","neve_meta_enable_content_width":"off","neve_meta_content_width":100,"neve_meta_title_alignment":"","neve_meta_author_avatar":"","neve_post_elements_order":"","neve_meta_disable_header":"","neve_meta_disable_footer":"","neve_meta_disable_title":""},"product_brand":[],"product_cat":[167],"product_tag":[],"class_list":{"0":"post-11119","1":"product","2":"type-product","3":"status-publish","4":"has-post-thumbnail","6":"product_cat-peintures-et-sculptures","8":"first","9":"instock","10":"shipping-taxable","11":"purchasable","12":"product-type-simple"},"_links":{"self":[{"href":"https:\/\/legrenierdelatour.be\/brocante\/wp-json\/wp\/v2\/product\/11119","targetHints":{"allow":["GET"]}}],"collection":[{"href":"https:\/\/legrenierdelatour.be\/brocante\/wp-json\/wp\/v2\/product"}],"about":[{"href":"https:\/\/legrenierdelatour.be\/brocante\/wp-json\/wp\/v2\/types\/product"}],"replies":[{"embeddable":true,"href":"https:\/\/legrenierdelatour.be\/brocante\/wp-json\/wp\/v2\/comments?post=11119"}],"wp:featuredmedia":[{"embeddable":true,"href":"https:\/\/legrenierdelatour.be\/brocante\/wp-json\/wp\/v2\/media\/11103"}],"wp:attachment":[{"href":"https:\/\/legrenierdelatour.be\/brocante\/wp-json\/wp\/v2\/media?parent=11119"}],"wp:term":[{"taxonomy":"product_brand","embeddable":true,"href":"https:\/\/legrenierdelatour.be\/brocante\/wp-json\/wp\/v2\/product_brand?post=11119"},{"taxonomy":"product_cat","embeddable":true,"href":"https:\/\/legrenierdelatour.be\/brocante\/wp-json\/wp\/v2\/product_cat?post=11119"},{"taxonomy":"product_tag","embeddable":true,"href":"https:\/\/legrenierdelatour.be\/brocante\/wp-json\/wp\/v2\/product_tag?post=11119"}],"curies":[{"name":"wp","href":"https:\/\/api.w.org\/{rel}","templated":true}]}}