{"id":11118,"date":"2025-07-30T12:34:08","date_gmt":"2025-07-30T10:34:08","guid":{"rendered":"https:\/\/legrenierdelatour.be\/brocante\/?post_type=product&#038;p=11118"},"modified":"2025-07-30T12:34:09","modified_gmt":"2025-07-30T10:34:09","slug":"mug-en-gres-luxembourg-willy-biron","status":"publish","type":"product","link":"https:\/\/legrenierdelatour.be\/brocante\/produit\/mug-en-gres-luxembourg-willy-biron\/","title":{"rendered":"Mug en gr\u00e8s \u00ab\u00a0Luxembourg\u00a0\u00bb, Willy Biron"},"content":{"rendered":"<p>Mug en gr\u00e8s (10 cm de haut) sign\u00e9 dessous Biron w et num\u00e9rot\u00e9 25. L\u2019atelier de poterie Biron (depuis 1935) fut cr\u00e9\u00e9 par Joseph Biron en 1935 et repris par son fils Willy en 1947 dont la fille Nelly poursuivra les activit\u00e9s en 1980, puis son fils S\u00e9bastien jusqu\u2019\u00e0 aujourd\u2019hui. Une belle histoire de famille et de savoir-faire. Ce mug qui porte une vue de Luxembourg, date donc des ann\u00e9es 1947-1980.<\/p>\n<div>R\u00e9f 44.71<\/div>\n","protected":false},"excerpt":{"rendered":"<p>Mug en gr\u00e8s (10 cm de haut) sign\u00e9 dessous Biron w et num\u00e9rot\u00e9 25. L\u2019atelier de poterie Biron (depuis 1935) fut cr\u00e9\u00e9 par Joseph Biron en 1935 et repris par son fils Willy en 1947 dont la fille Nelly poursuivra les activit\u00e9s en 1980, puis son fils S\u00e9bastien jusqu\u2019\u00e0 aujourd\u2019hui. Une belle histoire de famille&hellip;&nbsp;<a href=\"https:\/\/legrenierdelatour.be\/brocante\/produit\/mug-en-gres-luxembourg-willy-biron\/\" class=\"\" rel=\"bookmark\">Lire la suite &raquo;<span class=\"screen-reader-text\">Mug en gr\u00e8s \u00ab\u00a0Luxembourg\u00a0\u00bb, Willy Biron<\/span><\/a><\/p>\n","protected":false},"featured_media":11108,"comment_status":"open","ping_status":"closed","template":"","meta":{"neve_meta_sidebar":"","neve_meta_container":"","neve_meta_enable_content_width":"off","neve_meta_content_width":100,"neve_meta_title_alignment":"","neve_meta_author_avatar":"","neve_post_elements_order":"","neve_meta_disable_header":"","neve_meta_disable_footer":"","neve_meta_disable_title":""},"product_brand":[],"product_cat":[37,16,166],"product_tag":[],"class_list":{"0":"post-11118","1":"product","2":"type-product","3":"status-publish","4":"has-post-thumbnail","6":"product_cat-belgique","7":"product_cat-ceramique","8":"product_cat-luxemburgensia-luxemburgensia","10":"first","11":"instock","12":"shipping-taxable","13":"purchasable","14":"product-type-simple"},"_links":{"self":[{"href":"https:\/\/legrenierdelatour.be\/brocante\/wp-json\/wp\/v2\/product\/11118","targetHints":{"allow":["GET"]}}],"collection":[{"href":"https:\/\/legrenierdelatour.be\/brocante\/wp-json\/wp\/v2\/product"}],"about":[{"href":"https:\/\/legrenierdelatour.be\/brocante\/wp-json\/wp\/v2\/types\/product"}],"replies":[{"embeddable":true,"href":"https:\/\/legrenierdelatour.be\/brocante\/wp-json\/wp\/v2\/comments?post=11118"}],"wp:featuredmedia":[{"embeddable":true,"href":"https:\/\/legrenierdelatour.be\/brocante\/wp-json\/wp\/v2\/media\/11108"}],"wp:attachment":[{"href":"https:\/\/legrenierdelatour.be\/brocante\/wp-json\/wp\/v2\/media?parent=11118"}],"wp:term":[{"taxonomy":"product_brand","embeddable":true,"href":"https:\/\/legrenierdelatour.be\/brocante\/wp-json\/wp\/v2\/product_brand?post=11118"},{"taxonomy":"product_cat","embeddable":true,"href":"https:\/\/legrenierdelatour.be\/brocante\/wp-json\/wp\/v2\/product_cat?post=11118"},{"taxonomy":"product_tag","embeddable":true,"href":"https:\/\/legrenierdelatour.be\/brocante\/wp-json\/wp\/v2\/product_tag?post=11118"}],"curies":[{"name":"wp","href":"https:\/\/api.w.org\/{rel}","templated":true}]}}