{"id":11116,"date":"2025-07-30T12:12:09","date_gmt":"2025-07-30T10:12:09","guid":{"rendered":"https:\/\/legrenierdelatour.be\/brocante\/?post_type=product&#038;p=11116"},"modified":"2026-04-07T09:25:15","modified_gmt":"2026-04-07T07:25:15","slug":"sous-plat-cerabel-vintage-marguerites","status":"publish","type":"product","link":"https:\/\/legrenierdelatour.be\/brocante\/produit\/sous-plat-cerabel-vintage-marguerites\/","title":{"rendered":"Sous-plat Cerabel Vintage \u00ab\u00a0Marguerites\u00a0\u00bb"},"content":{"rendered":"<p>Sous-plat en fa\u00efence (15 cm de c\u00f4t\u00e9), de la manufacture C\u00e9rabel en Belgique (1934-1977) (manufacture de Baudour), repr\u00e9snetant des marguerites jaunes. Il sadtent sans doute des ann\u00e9es 1960.<\/p>\n<div>R\u00e9f 44.69<\/div>\n","protected":false},"excerpt":{"rendered":"<p>Sous-plat en fa\u00efence (15 cm de c\u00f4t\u00e9), de la manufacture C\u00e9rabel en Belgique (1934-1977) (manufacture de Baudour), repr\u00e9snetant des marguerites jaunes. Il sadtent sans doute des ann\u00e9es 1960. R\u00e9f 44.69<\/p>\n","protected":false},"featured_media":11106,"comment_status":"open","ping_status":"closed","template":"","meta":{"neve_meta_sidebar":"","neve_meta_container":"","neve_meta_enable_content_width":"off","neve_meta_content_width":100,"neve_meta_title_alignment":"","neve_meta_author_avatar":"","neve_post_elements_order":"","neve_meta_disable_header":"","neve_meta_disable_footer":"","neve_meta_disable_title":""},"product_brand":[],"product_cat":[37,16],"product_tag":[],"class_list":{"0":"post-11116","1":"product","2":"type-product","3":"status-publish","4":"has-post-thumbnail","6":"product_cat-belgique","7":"product_cat-ceramique","9":"first","10":"instock","11":"shipping-taxable","12":"purchasable","13":"product-type-simple"},"_links":{"self":[{"href":"https:\/\/legrenierdelatour.be\/brocante\/wp-json\/wp\/v2\/product\/11116","targetHints":{"allow":["GET"]}}],"collection":[{"href":"https:\/\/legrenierdelatour.be\/brocante\/wp-json\/wp\/v2\/product"}],"about":[{"href":"https:\/\/legrenierdelatour.be\/brocante\/wp-json\/wp\/v2\/types\/product"}],"replies":[{"embeddable":true,"href":"https:\/\/legrenierdelatour.be\/brocante\/wp-json\/wp\/v2\/comments?post=11116"}],"wp:featuredmedia":[{"embeddable":true,"href":"https:\/\/legrenierdelatour.be\/brocante\/wp-json\/wp\/v2\/media\/11106"}],"wp:attachment":[{"href":"https:\/\/legrenierdelatour.be\/brocante\/wp-json\/wp\/v2\/media?parent=11116"}],"wp:term":[{"taxonomy":"product_brand","embeddable":true,"href":"https:\/\/legrenierdelatour.be\/brocante\/wp-json\/wp\/v2\/product_brand?post=11116"},{"taxonomy":"product_cat","embeddable":true,"href":"https:\/\/legrenierdelatour.be\/brocante\/wp-json\/wp\/v2\/product_cat?post=11116"},{"taxonomy":"product_tag","embeddable":true,"href":"https:\/\/legrenierdelatour.be\/brocante\/wp-json\/wp\/v2\/product_tag?post=11116"}],"curies":[{"name":"wp","href":"https:\/\/api.w.org\/{rel}","templated":true}]}}