{"id":11098,"date":"2025-07-27T18:01:37","date_gmt":"2025-07-27T16:01:37","guid":{"rendered":"https:\/\/legrenierdelatour.be\/brocante\/?post_type=product&#038;p=11098"},"modified":"2025-07-27T18:01:37","modified_gmt":"2025-07-27T16:01:37","slug":"carrelage-sainte-apolline-dalexandrie","status":"publish","type":"product","link":"https:\/\/legrenierdelatour.be\/brocante\/produit\/carrelage-sainte-apolline-dalexandrie\/","title":{"rendered":"Carrelage \u00ab\u00a0Sainte Apolline d&rsquo;Alexandrie\u00a0\u00bb"},"content":{"rendered":"<p>Carrelage en fa\u00efence \u00e9maill\u00e9e (15 cm de c\u00f4t\u00e9) repr\u00e9sentant Sainte Apolline d\u2019Alexandrie, la patronne des chirurgiens-dentistes, invoqu\u00e9e pour les maux de dents. Cette plaque porte la mention dessous \u00ab\u00a0made in Belgium H\u00a0\u00bb.<\/p>\n<div>R\u00e9f 44.65<\/div>\n","protected":false},"excerpt":{"rendered":"<p>Carrelage en fa\u00efence \u00e9maill\u00e9e (15 cm de c\u00f4t\u00e9) repr\u00e9sentant Sainte Apolline d\u2019Alexandrie, la patronne des chirurgiens-dentistes, invoqu\u00e9e pour les maux de dents. Cette plaque porte la mention dessous \u00ab\u00a0made in Belgium H\u00a0\u00bb. R\u00e9f 44.65<\/p>\n","protected":false},"featured_media":11084,"comment_status":"open","ping_status":"closed","template":"","meta":{"neve_meta_sidebar":"","neve_meta_container":"","neve_meta_enable_content_width":"off","neve_meta_content_width":100,"neve_meta_title_alignment":"","neve_meta_author_avatar":"","neve_post_elements_order":"","neve_meta_disable_header":"","neve_meta_disable_footer":"","neve_meta_disable_title":""},"product_brand":[],"product_cat":[37,16,34],"product_tag":[],"class_list":{"0":"post-11098","1":"product","2":"type-product","3":"status-publish","4":"has-post-thumbnail","6":"product_cat-belgique","7":"product_cat-ceramique","8":"product_cat-religiosa","10":"first","11":"instock","12":"shipping-taxable","13":"purchasable","14":"product-type-simple"},"_links":{"self":[{"href":"https:\/\/legrenierdelatour.be\/brocante\/wp-json\/wp\/v2\/product\/11098","targetHints":{"allow":["GET"]}}],"collection":[{"href":"https:\/\/legrenierdelatour.be\/brocante\/wp-json\/wp\/v2\/product"}],"about":[{"href":"https:\/\/legrenierdelatour.be\/brocante\/wp-json\/wp\/v2\/types\/product"}],"replies":[{"embeddable":true,"href":"https:\/\/legrenierdelatour.be\/brocante\/wp-json\/wp\/v2\/comments?post=11098"}],"wp:featuredmedia":[{"embeddable":true,"href":"https:\/\/legrenierdelatour.be\/brocante\/wp-json\/wp\/v2\/media\/11084"}],"wp:attachment":[{"href":"https:\/\/legrenierdelatour.be\/brocante\/wp-json\/wp\/v2\/media?parent=11098"}],"wp:term":[{"taxonomy":"product_brand","embeddable":true,"href":"https:\/\/legrenierdelatour.be\/brocante\/wp-json\/wp\/v2\/product_brand?post=11098"},{"taxonomy":"product_cat","embeddable":true,"href":"https:\/\/legrenierdelatour.be\/brocante\/wp-json\/wp\/v2\/product_cat?post=11098"},{"taxonomy":"product_tag","embeddable":true,"href":"https:\/\/legrenierdelatour.be\/brocante\/wp-json\/wp\/v2\/product_tag?post=11098"}],"curies":[{"name":"wp","href":"https:\/\/api.w.org\/{rel}","templated":true}]}}