{"id":11097,"date":"2025-07-27T17:49:31","date_gmt":"2025-07-27T15:49:31","guid":{"rendered":"https:\/\/legrenierdelatour.be\/brocante\/?post_type=product&#038;p=11097"},"modified":"2025-07-27T17:49:31","modified_gmt":"2025-07-27T15:49:31","slug":"cremier-boch-freres-1846-1870","status":"publish","type":"product","link":"https:\/\/legrenierdelatour.be\/brocante\/produit\/cremier-boch-freres-1846-1870\/","title":{"rendered":"Cr\u00e9mier, Boch Fr\u00e8res, 1846-1870"},"content":{"rendered":"<p>Petit cr\u00e9mier (5 cm de haut) en gr\u00e8s, portant la pastille jaune rappelant que Boch Fr\u00e8res a re\u00e7u une m\u00e9daille d\u2019or en 1847. Les gr\u00e8s ont \u00e9t\u00e9 introduits en 1847 par Boch Fr\u00e8res, et cette production s\u2019est arr\u00eat\u00e9e en 1870. Ce genre de gr\u00e8s imite tr\u00e8s nettement les \u00ab\u00a0agathe ware\u00a0\u00bb et les \u00ab\u00a0jasper ware\u00a0\u00bb anglais qui eurent beaucoup de succ\u00e8s au 19\u00e8 si\u00e8cle. Les motifs de vignes sont en relief et rehauss\u00e9 de platine. Le petit cr\u00e9mier est en parfait \u00e9tat.<\/p>\n<div>R\u00e9f 44.64<\/div>\n","protected":false},"excerpt":{"rendered":"<p>Petit cr\u00e9mier (5 cm de haut) en gr\u00e8s, portant la pastille jaune rappelant que Boch Fr\u00e8res a re\u00e7u une m\u00e9daille d\u2019or en 1847. Les gr\u00e8s ont \u00e9t\u00e9 introduits en 1847 par Boch Fr\u00e8res, et cette production s\u2019est arr\u00eat\u00e9e en 1870. Ce genre de gr\u00e8s imite tr\u00e8s nettement les \u00ab\u00a0agathe ware\u00a0\u00bb et les \u00ab\u00a0jasper ware\u00a0\u00bb anglais&hellip;&nbsp;<a href=\"https:\/\/legrenierdelatour.be\/brocante\/produit\/cremier-boch-freres-1846-1870\/\" class=\"\" rel=\"bookmark\">Lire la suite &raquo;<span class=\"screen-reader-text\">Cr\u00e9mier, Boch Fr\u00e8res, 1846-1870<\/span><\/a><\/p>\n","protected":false},"featured_media":11080,"comment_status":"open","ping_status":"closed","template":"","meta":{"neve_meta_sidebar":"","neve_meta_container":"","neve_meta_enable_content_width":"off","neve_meta_content_width":100,"neve_meta_title_alignment":"","neve_meta_author_avatar":"","neve_post_elements_order":"","neve_meta_disable_header":"","neve_meta_disable_footer":"","neve_meta_disable_title":""},"product_brand":[],"product_cat":[37,175,16],"product_tag":[],"class_list":{"0":"post-11097","1":"product","2":"type-product","3":"status-publish","4":"has-post-thumbnail","6":"product_cat-belgique","7":"product_cat-boch","8":"product_cat-ceramique","10":"first","11":"instock","12":"shipping-taxable","13":"purchasable","14":"product-type-simple"},"_links":{"self":[{"href":"https:\/\/legrenierdelatour.be\/brocante\/wp-json\/wp\/v2\/product\/11097","targetHints":{"allow":["GET"]}}],"collection":[{"href":"https:\/\/legrenierdelatour.be\/brocante\/wp-json\/wp\/v2\/product"}],"about":[{"href":"https:\/\/legrenierdelatour.be\/brocante\/wp-json\/wp\/v2\/types\/product"}],"replies":[{"embeddable":true,"href":"https:\/\/legrenierdelatour.be\/brocante\/wp-json\/wp\/v2\/comments?post=11097"}],"wp:featuredmedia":[{"embeddable":true,"href":"https:\/\/legrenierdelatour.be\/brocante\/wp-json\/wp\/v2\/media\/11080"}],"wp:attachment":[{"href":"https:\/\/legrenierdelatour.be\/brocante\/wp-json\/wp\/v2\/media?parent=11097"}],"wp:term":[{"taxonomy":"product_brand","embeddable":true,"href":"https:\/\/legrenierdelatour.be\/brocante\/wp-json\/wp\/v2\/product_brand?post=11097"},{"taxonomy":"product_cat","embeddable":true,"href":"https:\/\/legrenierdelatour.be\/brocante\/wp-json\/wp\/v2\/product_cat?post=11097"},{"taxonomy":"product_tag","embeddable":true,"href":"https:\/\/legrenierdelatour.be\/brocante\/wp-json\/wp\/v2\/product_tag?post=11097"}],"curies":[{"name":"wp","href":"https:\/\/api.w.org\/{rel}","templated":true}]}}