{"id":11096,"date":"2025-07-27T17:34:59","date_gmt":"2025-07-27T15:34:59","guid":{"rendered":"https:\/\/legrenierdelatour.be\/brocante\/?post_type=product&#038;p=11096"},"modified":"2025-07-27T17:35:25","modified_gmt":"2025-07-27T15:35:25","slug":"saupoudoir-en-faience-fine-19e-2","status":"publish","type":"product","link":"https:\/\/legrenierdelatour.be\/brocante\/produit\/saupoudoir-en-faience-fine-19e-2\/","title":{"rendered":"Saupoudoir en fa\u00efence fine, 19\u00e8"},"content":{"rendered":"<p>Saupoudoir en fa\u00efence fine (16 cm de haut) ne portant pas de d\u00e9cor ni de marque. Il date sans doute du 19\u00e8 si\u00e8cle. Il est en tr\u00e8s bon \u00e9tat.<\/p>\n<div>R\u00e9f 44.63<\/div>\n","protected":false},"excerpt":{"rendered":"<p>Saupoudoir en fa\u00efence fine (16 cm de haut) ne portant pas de d\u00e9cor ni de marque. Il date sans doute du 19\u00e8 si\u00e8cle. Il est en tr\u00e8s bon \u00e9tat. R\u00e9f 44.63<\/p>\n","protected":false},"featured_media":11086,"comment_status":"open","ping_status":"closed","template":"","meta":{"neve_meta_sidebar":"","neve_meta_container":"","neve_meta_enable_content_width":"off","neve_meta_content_width":100,"neve_meta_title_alignment":"","neve_meta_author_avatar":"","neve_post_elements_order":"","neve_meta_disable_header":"","neve_meta_disable_footer":"","neve_meta_disable_title":""},"product_brand":[],"product_cat":[16],"product_tag":[],"class_list":{"0":"post-11096","1":"product","2":"type-product","3":"status-publish","4":"has-post-thumbnail","6":"product_cat-ceramique","8":"first","9":"instock","10":"shipping-taxable","11":"purchasable","12":"product-type-simple"},"_links":{"self":[{"href":"https:\/\/legrenierdelatour.be\/brocante\/wp-json\/wp\/v2\/product\/11096","targetHints":{"allow":["GET"]}}],"collection":[{"href":"https:\/\/legrenierdelatour.be\/brocante\/wp-json\/wp\/v2\/product"}],"about":[{"href":"https:\/\/legrenierdelatour.be\/brocante\/wp-json\/wp\/v2\/types\/product"}],"replies":[{"embeddable":true,"href":"https:\/\/legrenierdelatour.be\/brocante\/wp-json\/wp\/v2\/comments?post=11096"}],"wp:featuredmedia":[{"embeddable":true,"href":"https:\/\/legrenierdelatour.be\/brocante\/wp-json\/wp\/v2\/media\/11086"}],"wp:attachment":[{"href":"https:\/\/legrenierdelatour.be\/brocante\/wp-json\/wp\/v2\/media?parent=11096"}],"wp:term":[{"taxonomy":"product_brand","embeddable":true,"href":"https:\/\/legrenierdelatour.be\/brocante\/wp-json\/wp\/v2\/product_brand?post=11096"},{"taxonomy":"product_cat","embeddable":true,"href":"https:\/\/legrenierdelatour.be\/brocante\/wp-json\/wp\/v2\/product_cat?post=11096"},{"taxonomy":"product_tag","embeddable":true,"href":"https:\/\/legrenierdelatour.be\/brocante\/wp-json\/wp\/v2\/product_tag?post=11096"}],"curies":[{"name":"wp","href":"https:\/\/api.w.org\/{rel}","templated":true}]}}