{"id":11094,"date":"2025-07-27T17:28:25","date_gmt":"2025-07-27T15:28:25","guid":{"rendered":"https:\/\/legrenierdelatour.be\/brocante\/?post_type=product&#038;p=11094"},"modified":"2025-07-27T17:28:25","modified_gmt":"2025-07-27T15:28:25","slug":"cafetiere-en-faience-fine-blanche-boch-luxembourg-19e-2","status":"publish","type":"product","link":"https:\/\/legrenierdelatour.be\/brocante\/produit\/cafetiere-en-faience-fine-blanche-boch-luxembourg-19e-2\/","title":{"rendered":"Cafeti\u00e8re en fa\u00efence fine blanche, Boch Luxembourg 19\u00e8"},"content":{"rendered":"<p>Cafeti\u00e8re en fa\u00efence fine (20 cm de haut) ne portant pas de d\u00e9cor. La seule d\u00e9coration est le bec verseur zoomorphe. Cette cafeti\u00e8re ne porte pas de marque mais il s\u2019agit certainement d&rsquo;une production de Boch Luxembourg des ann\u00e9es 1813-1825. Elle porte le chiffre 2. Elle est en tr\u00e8s bon \u00e9tat.<\/p>\n<div>R\u00e9f 44.61<\/div>\n","protected":false},"excerpt":{"rendered":"<p>Cafeti\u00e8re en fa\u00efence fine (20 cm de haut) ne portant pas de d\u00e9cor. La seule d\u00e9coration est le bec verseur zoomorphe. Cette cafeti\u00e8re ne porte pas de marque mais il s\u2019agit certainement d&rsquo;une production de Boch Luxembourg des ann\u00e9es 1813-1825. Elle porte le chiffre 2. Elle est en tr\u00e8s bon \u00e9tat. R\u00e9f 44.61<\/p>\n","protected":false},"featured_media":11077,"comment_status":"open","ping_status":"closed","template":"","meta":{"neve_meta_sidebar":"","neve_meta_container":"","neve_meta_enable_content_width":"off","neve_meta_content_width":100,"neve_meta_title_alignment":"","neve_meta_author_avatar":"","neve_post_elements_order":"","neve_meta_disable_header":"","neve_meta_disable_footer":"","neve_meta_disable_title":""},"product_brand":[],"product_cat":[16,165,29],"product_tag":[],"class_list":{"0":"post-11094","1":"product","2":"type-product","3":"status-publish","4":"has-post-thumbnail","6":"product_cat-ceramique","7":"product_cat-luxembourg","8":"product_cat-villeroy-boch","10":"first","11":"instock","12":"shipping-taxable","13":"purchasable","14":"product-type-simple"},"_links":{"self":[{"href":"https:\/\/legrenierdelatour.be\/brocante\/wp-json\/wp\/v2\/product\/11094","targetHints":{"allow":["GET"]}}],"collection":[{"href":"https:\/\/legrenierdelatour.be\/brocante\/wp-json\/wp\/v2\/product"}],"about":[{"href":"https:\/\/legrenierdelatour.be\/brocante\/wp-json\/wp\/v2\/types\/product"}],"replies":[{"embeddable":true,"href":"https:\/\/legrenierdelatour.be\/brocante\/wp-json\/wp\/v2\/comments?post=11094"}],"wp:featuredmedia":[{"embeddable":true,"href":"https:\/\/legrenierdelatour.be\/brocante\/wp-json\/wp\/v2\/media\/11077"}],"wp:attachment":[{"href":"https:\/\/legrenierdelatour.be\/brocante\/wp-json\/wp\/v2\/media?parent=11094"}],"wp:term":[{"taxonomy":"product_brand","embeddable":true,"href":"https:\/\/legrenierdelatour.be\/brocante\/wp-json\/wp\/v2\/product_brand?post=11094"},{"taxonomy":"product_cat","embeddable":true,"href":"https:\/\/legrenierdelatour.be\/brocante\/wp-json\/wp\/v2\/product_cat?post=11094"},{"taxonomy":"product_tag","embeddable":true,"href":"https:\/\/legrenierdelatour.be\/brocante\/wp-json\/wp\/v2\/product_tag?post=11094"}],"curies":[{"name":"wp","href":"https:\/\/api.w.org\/{rel}","templated":true}]}}