{"id":11092,"date":"2025-07-27T17:21:04","date_gmt":"2025-07-27T15:21:04","guid":{"rendered":"https:\/\/legrenierdelatour.be\/brocante\/?post_type=product&#038;p=11092"},"modified":"2025-07-27T17:22:42","modified_gmt":"2025-07-27T15:22:42","slug":"cafetiere-en-faience-fine-paysage-boch-luxembourg-1813-1825","status":"publish","type":"product","link":"https:\/\/legrenierdelatour.be\/brocante\/produit\/cafetiere-en-faience-fine-paysage-boch-luxembourg-1813-1825\/","title":{"rendered":"Cafeti\u00e8re en fa\u00efence fine, Paysage, Boch Luxembourg 1813-1825"},"content":{"rendered":"<p>Cafeti\u00e8re en fa\u00efence fine (26,5 cm de haut) portant un d\u00e9cor imprim\u00e9 d\u2019une sc\u00e8ne bucolique d\u2019un c\u00f4t\u00e9, d\u2019une sc\u00e8ne religieuse de l\u2019autre. Les dessins imprim\u00e9s noirs apparaissent chez Boch Luxembourg, apr\u00e8s 1823. Les d\u00e9cors romantiques seront tr\u00e8s pris\u00e9s durant toute la deuxi\u00e8me moiti\u00e9 du 19\u00e8 si\u00e8cle. Cette cafeti\u00e8re porte la marque ronde d&rsquo;une production de Boch Luxembourg des ann\u00e9es 1813-1825. Elle est en tr\u00e8s bon \u00e9tat mais n\u2019a plus son couvercle.<\/p>\n<div>R\u00e9f 44.59<\/div>\n","protected":false},"excerpt":{"rendered":"<p>Cafeti\u00e8re en fa\u00efence fine (26,5 cm de haut) portant un d\u00e9cor imprim\u00e9 d\u2019une sc\u00e8ne bucolique d\u2019un c\u00f4t\u00e9, d\u2019une sc\u00e8ne religieuse de l\u2019autre. Les dessins imprim\u00e9s noirs apparaissent chez Boch Luxembourg, apr\u00e8s 1823. Les d\u00e9cors romantiques seront tr\u00e8s pris\u00e9s durant toute la deuxi\u00e8me moiti\u00e9 du 19\u00e8 si\u00e8cle. Cette cafeti\u00e8re porte la marque ronde d&rsquo;une production de&hellip;&nbsp;<a href=\"https:\/\/legrenierdelatour.be\/brocante\/produit\/cafetiere-en-faience-fine-paysage-boch-luxembourg-1813-1825\/\" class=\"\" rel=\"bookmark\">Lire la suite &raquo;<span class=\"screen-reader-text\">Cafeti\u00e8re en fa\u00efence fine, Paysage, Boch Luxembourg 1813-1825<\/span><\/a><\/p>\n","protected":false},"featured_media":11069,"comment_status":"open","ping_status":"closed","template":"","meta":{"neve_meta_sidebar":"","neve_meta_container":"","neve_meta_enable_content_width":"off","neve_meta_content_width":100,"neve_meta_title_alignment":"","neve_meta_author_avatar":"","neve_post_elements_order":"","neve_meta_disable_header":"","neve_meta_disable_footer":"","neve_meta_disable_title":""},"product_brand":[],"product_cat":[16,165,29],"product_tag":[],"class_list":{"0":"post-11092","1":"product","2":"type-product","3":"status-publish","4":"has-post-thumbnail","6":"product_cat-ceramique","7":"product_cat-luxembourg","8":"product_cat-villeroy-boch","10":"first","11":"instock","12":"shipping-taxable","13":"purchasable","14":"product-type-simple"},"_links":{"self":[{"href":"https:\/\/legrenierdelatour.be\/brocante\/wp-json\/wp\/v2\/product\/11092","targetHints":{"allow":["GET"]}}],"collection":[{"href":"https:\/\/legrenierdelatour.be\/brocante\/wp-json\/wp\/v2\/product"}],"about":[{"href":"https:\/\/legrenierdelatour.be\/brocante\/wp-json\/wp\/v2\/types\/product"}],"replies":[{"embeddable":true,"href":"https:\/\/legrenierdelatour.be\/brocante\/wp-json\/wp\/v2\/comments?post=11092"}],"wp:featuredmedia":[{"embeddable":true,"href":"https:\/\/legrenierdelatour.be\/brocante\/wp-json\/wp\/v2\/media\/11069"}],"wp:attachment":[{"href":"https:\/\/legrenierdelatour.be\/brocante\/wp-json\/wp\/v2\/media?parent=11092"}],"wp:term":[{"taxonomy":"product_brand","embeddable":true,"href":"https:\/\/legrenierdelatour.be\/brocante\/wp-json\/wp\/v2\/product_brand?post=11092"},{"taxonomy":"product_cat","embeddable":true,"href":"https:\/\/legrenierdelatour.be\/brocante\/wp-json\/wp\/v2\/product_cat?post=11092"},{"taxonomy":"product_tag","embeddable":true,"href":"https:\/\/legrenierdelatour.be\/brocante\/wp-json\/wp\/v2\/product_tag?post=11092"}],"curies":[{"name":"wp","href":"https:\/\/api.w.org\/{rel}","templated":true}]}}