{"id":1108,"date":"2022-03-30T13:29:28","date_gmt":"2022-03-30T11:29:28","guid":{"rendered":"https:\/\/legrenierdelatour.be\/brocante\/?post_type=product&#038;p=1108"},"modified":"2022-05-19T15:54:20","modified_gmt":"2022-05-19T13:54:20","slug":"cruche-a-eau-rouge-et-or","status":"publish","type":"product","link":"https:\/\/legrenierdelatour.be\/brocante\/produit\/cruche-a-eau-rouge-et-or\/","title":{"rendered":"Cruche \u00e0 eau rouge et or"},"content":{"rendered":"<p>Grande cruche \u00e0 eau en verre souffl\u00e9 (25 cm haut) avec couleur rouge et dorures, dans le go\u00fbt de Boom. Tr\u00e8s bon \u00e9tat g\u00e9n\u00e9ral.<\/p>\n<div>R\u00e9f 10.48<\/div>\n","protected":false},"excerpt":{"rendered":"<p>Grande cruche \u00e0 eau en verre souffl\u00e9 (25 cm haut) avec couleur rouge et dorures, dans le go\u00fbt de Boom. Tr\u00e8s bon \u00e9tat g\u00e9n\u00e9ral. R\u00e9f 10.48<\/p>\n","protected":false},"featured_media":1109,"comment_status":"open","ping_status":"closed","template":"","meta":{"neve_meta_sidebar":"","neve_meta_container":"","neve_meta_enable_content_width":"off","neve_meta_content_width":100,"neve_meta_title_alignment":"","neve_meta_author_avatar":"","neve_post_elements_order":"","neve_meta_disable_header":"","neve_meta_disable_footer":"","neve_meta_disable_title":""},"product_brand":[],"product_cat":[106,107,172,162,22],"product_tag":[100],"class_list":{"0":"post-1108","1":"product","2":"type-product","3":"status-publish","4":"has-post-thumbnail","6":"product_cat-boom","7":"product_cat-doyen","8":"product_cat-en-cuisine","9":"product_cat-productions-belges","10":"product_cat-verrerie","11":"product_tag-boom","13":"first","14":"instock","15":"shipping-taxable","16":"purchasable","17":"product-type-simple"},"_links":{"self":[{"href":"https:\/\/legrenierdelatour.be\/brocante\/wp-json\/wp\/v2\/product\/1108","targetHints":{"allow":["GET"]}}],"collection":[{"href":"https:\/\/legrenierdelatour.be\/brocante\/wp-json\/wp\/v2\/product"}],"about":[{"href":"https:\/\/legrenierdelatour.be\/brocante\/wp-json\/wp\/v2\/types\/product"}],"replies":[{"embeddable":true,"href":"https:\/\/legrenierdelatour.be\/brocante\/wp-json\/wp\/v2\/comments?post=1108"}],"wp:featuredmedia":[{"embeddable":true,"href":"https:\/\/legrenierdelatour.be\/brocante\/wp-json\/wp\/v2\/media\/1109"}],"wp:attachment":[{"href":"https:\/\/legrenierdelatour.be\/brocante\/wp-json\/wp\/v2\/media?parent=1108"}],"wp:term":[{"taxonomy":"product_brand","embeddable":true,"href":"https:\/\/legrenierdelatour.be\/brocante\/wp-json\/wp\/v2\/product_brand?post=1108"},{"taxonomy":"product_cat","embeddable":true,"href":"https:\/\/legrenierdelatour.be\/brocante\/wp-json\/wp\/v2\/product_cat?post=1108"},{"taxonomy":"product_tag","embeddable":true,"href":"https:\/\/legrenierdelatour.be\/brocante\/wp-json\/wp\/v2\/product_tag?post=1108"}],"curies":[{"name":"wp","href":"https:\/\/api.w.org\/{rel}","templated":true}]}}