{"id":11061,"date":"2025-07-27T17:12:13","date_gmt":"2025-07-27T15:12:13","guid":{"rendered":"https:\/\/legrenierdelatour.be\/brocante\/?post_type=product&#038;p=11061"},"modified":"2025-07-27T17:13:17","modified_gmt":"2025-07-27T15:13:17","slug":"cafetiere-en-faience-fine-poutis-boch-luxembourg-19e","status":"publish","type":"product","link":"https:\/\/legrenierdelatour.be\/brocante\/produit\/cafetiere-en-faience-fine-poutis-boch-luxembourg-19e\/","title":{"rendered":"Cafeti\u00e8re en fa\u00efence fine, Poutis, Boch Luxembourg, 19\u00e8"},"content":{"rendered":"<p>Cafeti\u00e8re en fa\u00efence fine (23 cm de haut) portant un d\u00e9cor imprim\u00e9 de pontis et feuilles de vigne. Les dessins imprim\u00e9s noirs apparaissent chez Boch Luxembourg, apr\u00e8s 1823. Les d\u00e9cor romantiques seront tr\u00e8s pris\u00e9s durant toute la deuxi\u00e8me moiti\u00e9 du 19\u00e8 si\u00e8cle. Cette cafeti\u00e8re ne porte pas de marque, mais est certainement une production de Boch Luxembourg du 19\u00e8 si\u00e8cle. elle est en tr\u00e8s bon \u00e9tat, mais n\u2019a plus son couvercle.<\/p>\n<div>R\u00e9f 44.57<\/div>\n","protected":false},"excerpt":{"rendered":"<p>Cafeti\u00e8re en fa\u00efence fine (23 cm de haut) portant un d\u00e9cor imprim\u00e9 de pontis et feuilles de vigne. Les dessins imprim\u00e9s noirs apparaissent chez Boch Luxembourg, apr\u00e8s 1823. Les d\u00e9cor romantiques seront tr\u00e8s pris\u00e9s durant toute la deuxi\u00e8me moiti\u00e9 du 19\u00e8 si\u00e8cle. Cette cafeti\u00e8re ne porte pas de marque, mais est certainement une production de&hellip;&nbsp;<a href=\"https:\/\/legrenierdelatour.be\/brocante\/produit\/cafetiere-en-faience-fine-poutis-boch-luxembourg-19e\/\" class=\"\" rel=\"bookmark\">Lire la suite &raquo;<span class=\"screen-reader-text\">Cafeti\u00e8re en fa\u00efence fine, Poutis, Boch Luxembourg, 19\u00e8<\/span><\/a><\/p>\n","protected":false},"featured_media":11062,"comment_status":"open","ping_status":"closed","template":"","meta":{"neve_meta_sidebar":"","neve_meta_container":"","neve_meta_enable_content_width":"off","neve_meta_content_width":100,"neve_meta_title_alignment":"","neve_meta_author_avatar":"","neve_post_elements_order":"","neve_meta_disable_header":"","neve_meta_disable_footer":"","neve_meta_disable_title":""},"product_brand":[],"product_cat":[16,165,29],"product_tag":[],"class_list":{"0":"post-11061","1":"product","2":"type-product","3":"status-publish","4":"has-post-thumbnail","6":"product_cat-ceramique","7":"product_cat-luxembourg","8":"product_cat-villeroy-boch","10":"first","11":"instock","12":"shipping-taxable","13":"purchasable","14":"product-type-simple"},"_links":{"self":[{"href":"https:\/\/legrenierdelatour.be\/brocante\/wp-json\/wp\/v2\/product\/11061","targetHints":{"allow":["GET"]}}],"collection":[{"href":"https:\/\/legrenierdelatour.be\/brocante\/wp-json\/wp\/v2\/product"}],"about":[{"href":"https:\/\/legrenierdelatour.be\/brocante\/wp-json\/wp\/v2\/types\/product"}],"replies":[{"embeddable":true,"href":"https:\/\/legrenierdelatour.be\/brocante\/wp-json\/wp\/v2\/comments?post=11061"}],"wp:featuredmedia":[{"embeddable":true,"href":"https:\/\/legrenierdelatour.be\/brocante\/wp-json\/wp\/v2\/media\/11062"}],"wp:attachment":[{"href":"https:\/\/legrenierdelatour.be\/brocante\/wp-json\/wp\/v2\/media?parent=11061"}],"wp:term":[{"taxonomy":"product_brand","embeddable":true,"href":"https:\/\/legrenierdelatour.be\/brocante\/wp-json\/wp\/v2\/product_brand?post=11061"},{"taxonomy":"product_cat","embeddable":true,"href":"https:\/\/legrenierdelatour.be\/brocante\/wp-json\/wp\/v2\/product_cat?post=11061"},{"taxonomy":"product_tag","embeddable":true,"href":"https:\/\/legrenierdelatour.be\/brocante\/wp-json\/wp\/v2\/product_tag?post=11061"}],"curies":[{"name":"wp","href":"https:\/\/api.w.org\/{rel}","templated":true}]}}