{"id":1106,"date":"2022-03-28T20:36:32","date_gmt":"2022-03-28T18:36:32","guid":{"rendered":"https:\/\/legrenierdelatour.be\/brocante\/?post_type=product&#038;p=1106"},"modified":"2025-03-02T19:20:17","modified_gmt":"2025-03-02T18:20:17","slug":"cadre-poulbot-enfant-de-paris","status":"publish","type":"product","link":"https:\/\/legrenierdelatour.be\/brocante\/produit\/cadre-poulbot-enfant-de-paris\/","title":{"rendered":"Cadre Poulbot \u00ab\u00a0Enfant de Paris\u00a0\u00bb"},"content":{"rendered":"<p>Deux repr\u00e9sentations d\u2019enfants de Paris, style Poulbot, en tr\u00e8s bon \u00e9tat. Ils datent des ann\u00e9es 1970-80. On appelle \u00ab\u00a0Poulbots\u00a0\u00bb (du nom de Francisque Poulbot 1879-1946), ces dessins d\u2019enfants de Paris aux grands yeux.<\/p>\n<div>\n<p>Les cadres sont vendus \u00e0 la pi\u00e8ce pour 3\u20ac pi\u00e8ce. Un seul disponible (\u00e0 voir)<\/p>\n<div>R\u00e9f 10.31<\/div>\n<\/div>\n","protected":false},"excerpt":{"rendered":"<p>Deux repr\u00e9sentations d\u2019enfants de Paris, style Poulbot, en tr\u00e8s bon \u00e9tat. Ils datent des ann\u00e9es 1970-80. On appelle \u00ab\u00a0Poulbots\u00a0\u00bb (du nom de Francisque Poulbot 1879-1946), ces dessins d\u2019enfants de Paris aux grands yeux. Les cadres sont vendus \u00e0 la pi\u00e8ce pour 3\u20ac pi\u00e8ce. Un seul disponible (\u00e0 voir) R\u00e9f 10.31<\/p>\n","protected":false},"featured_media":1058,"comment_status":"open","ping_status":"closed","template":"","meta":{"neve_meta_sidebar":"","neve_meta_container":"","neve_meta_enable_content_width":"off","neve_meta_content_width":100,"neve_meta_title_alignment":"","neve_meta_author_avatar":"","neve_post_elements_order":"","neve_meta_disable_header":"","neve_meta_disable_footer":"","neve_meta_disable_title":""},"product_brand":[],"product_cat":[59,171],"product_tag":[79,99,28],"class_list":{"0":"post-1106","1":"product","2":"type-product","3":"status-publish","4":"has-post-thumbnail","6":"product_cat-france","7":"product_cat-jeux-et-jardin","8":"product_tag-art","9":"product_tag-poulbot","10":"product_tag-vintage","12":"first","13":"instock","14":"shipping-taxable","15":"purchasable","16":"product-type-simple"},"_links":{"self":[{"href":"https:\/\/legrenierdelatour.be\/brocante\/wp-json\/wp\/v2\/product\/1106","targetHints":{"allow":["GET"]}}],"collection":[{"href":"https:\/\/legrenierdelatour.be\/brocante\/wp-json\/wp\/v2\/product"}],"about":[{"href":"https:\/\/legrenierdelatour.be\/brocante\/wp-json\/wp\/v2\/types\/product"}],"replies":[{"embeddable":true,"href":"https:\/\/legrenierdelatour.be\/brocante\/wp-json\/wp\/v2\/comments?post=1106"}],"wp:featuredmedia":[{"embeddable":true,"href":"https:\/\/legrenierdelatour.be\/brocante\/wp-json\/wp\/v2\/media\/1058"}],"wp:attachment":[{"href":"https:\/\/legrenierdelatour.be\/brocante\/wp-json\/wp\/v2\/media?parent=1106"}],"wp:term":[{"taxonomy":"product_brand","embeddable":true,"href":"https:\/\/legrenierdelatour.be\/brocante\/wp-json\/wp\/v2\/product_brand?post=1106"},{"taxonomy":"product_cat","embeddable":true,"href":"https:\/\/legrenierdelatour.be\/brocante\/wp-json\/wp\/v2\/product_cat?post=1106"},{"taxonomy":"product_tag","embeddable":true,"href":"https:\/\/legrenierdelatour.be\/brocante\/wp-json\/wp\/v2\/product_tag?post=1106"}],"curies":[{"name":"wp","href":"https:\/\/api.w.org\/{rel}","templated":true}]}}