{"id":11051,"date":"2025-07-27T15:27:51","date_gmt":"2025-07-27T13:27:51","guid":{"rendered":"https:\/\/legrenierdelatour.be\/brocante\/?post_type=product&#038;p=11051"},"modified":"2025-07-27T15:27:51","modified_gmt":"2025-07-27T13:27:51","slug":"terrine-au-decor-de-trefle-faiencerie-dattert-18e-siecle","status":"publish","type":"product","link":"https:\/\/legrenierdelatour.be\/brocante\/produit\/terrine-au-decor-de-trefle-faiencerie-dattert-18e-siecle\/","title":{"rendered":"Terrine au d\u00e9cor de Tr\u00e8fle, fa\u00efencerie d&rsquo;Attert, 18\u00e8 si\u00e8cle"},"content":{"rendered":"<p>Belle terrine (21,5&#215;17,5 cm sans anses) portant la marque de la fa\u00efencerie d\u2019Attert (1780-1809). La fa\u00efencerie a \u00e9t\u00e9 cr\u00e9\u00e9e par Jean-Michel Poncelet qui transforma la demeure familiale (le Domaine Poncelet) qu\u2019il agrandira pour ses fins de production. La terrine porte la marque AL et le num\u00e9ro 3, tandis que le couvercle porte AL et le chiffre 1, ces marques \u00e9tant peintes en bleu cobalt. La terrine porte \u00e9galement, grav\u00e9, les lettres ZIX. La terrine de mod\u00e8le Louis XIV porte le d\u00e9cor de tr\u00e8fle, Le fretel est une poire entour\u00e9e de 2 feuilles et les anses sont en forme de branches pli\u00e9es. Cette terrine n\u2019est pas r\u00e9pertori\u00e9e dans le livre \u00ab\u00a0La fa\u00efencerie d\u2019Attert (1780-1809) du Dr JL Hollenfeltz, ni dans le livre \u00ab\u00a0Ressemblances et diff\u00e9rences, Attert et Arlon, de Guy Genard et Pierre Geubel.<\/p>\n<div>R\u00e9f 44.56<\/div>\n","protected":false},"excerpt":{"rendered":"<p>Belle terrine (21,5&#215;17,5 cm sans anses) portant la marque de la fa\u00efencerie d\u2019Attert (1780-1809). La fa\u00efencerie a \u00e9t\u00e9 cr\u00e9\u00e9e par Jean-Michel Poncelet qui transforma la demeure familiale (le Domaine Poncelet) qu\u2019il agrandira pour ses fins de production. La terrine porte la marque AL et le num\u00e9ro 3, tandis que le couvercle porte AL et le&hellip;&nbsp;<a href=\"https:\/\/legrenierdelatour.be\/brocante\/produit\/terrine-au-decor-de-trefle-faiencerie-dattert-18e-siecle\/\" class=\"\" rel=\"bookmark\">Lire la suite &raquo;<span class=\"screen-reader-text\">Terrine au d\u00e9cor de Tr\u00e8fle, fa\u00efencerie d&rsquo;Attert, 18\u00e8 si\u00e8cle<\/span><\/a><\/p>\n","protected":false},"featured_media":11054,"comment_status":"open","ping_status":"closed","template":"","meta":{"neve_meta_sidebar":"","neve_meta_container":"","neve_meta_enable_content_width":"off","neve_meta_content_width":100,"neve_meta_title_alignment":"","neve_meta_author_avatar":"","neve_post_elements_order":"","neve_meta_disable_header":"","neve_meta_disable_footer":"","neve_meta_disable_title":""},"product_brand":[],"product_cat":[37,16,31],"product_tag":[],"class_list":{"0":"post-11051","1":"product","2":"type-product","3":"status-publish","4":"has-post-thumbnail","6":"product_cat-belgique","7":"product_cat-ceramique","8":"product_cat-pays-darlon","10":"first","11":"instock","12":"shipping-taxable","13":"purchasable","14":"product-type-simple"},"_links":{"self":[{"href":"https:\/\/legrenierdelatour.be\/brocante\/wp-json\/wp\/v2\/product\/11051","targetHints":{"allow":["GET"]}}],"collection":[{"href":"https:\/\/legrenierdelatour.be\/brocante\/wp-json\/wp\/v2\/product"}],"about":[{"href":"https:\/\/legrenierdelatour.be\/brocante\/wp-json\/wp\/v2\/types\/product"}],"replies":[{"embeddable":true,"href":"https:\/\/legrenierdelatour.be\/brocante\/wp-json\/wp\/v2\/comments?post=11051"}],"wp:featuredmedia":[{"embeddable":true,"href":"https:\/\/legrenierdelatour.be\/brocante\/wp-json\/wp\/v2\/media\/11054"}],"wp:attachment":[{"href":"https:\/\/legrenierdelatour.be\/brocante\/wp-json\/wp\/v2\/media?parent=11051"}],"wp:term":[{"taxonomy":"product_brand","embeddable":true,"href":"https:\/\/legrenierdelatour.be\/brocante\/wp-json\/wp\/v2\/product_brand?post=11051"},{"taxonomy":"product_cat","embeddable":true,"href":"https:\/\/legrenierdelatour.be\/brocante\/wp-json\/wp\/v2\/product_cat?post=11051"},{"taxonomy":"product_tag","embeddable":true,"href":"https:\/\/legrenierdelatour.be\/brocante\/wp-json\/wp\/v2\/product_tag?post=11051"}],"curies":[{"name":"wp","href":"https:\/\/api.w.org\/{rel}","templated":true}]}}